{"id":778,"date":"2016-10-04T14:50:51","date_gmt":"2016-10-04T14:50:51","guid":{"rendered":"http:\/\/ascensorescondal.com\/newproyect\/?page_id=247"},"modified":"2024-04-05T14:21:58","modified_gmt":"2024-04-05T12:21:58","slug":"ascensors-manresa","status":"publish","type":"page","link":"https:\/\/ascensorescondal.com\/ca\/ascensors-manresa\/","title":{"rendered":"Ascensores Manresa"},"content":{"rendered":"<h1>Ascensors Manresa<\/h1>\n<p style=\"text-align: justify;\"><img fetchpriority=\"high\" decoding=\"async\" class=\"alignright wp-image-39\" src=\"\/wp-content\/uploads\/2016\/05\/DSC_0960-685x1024-201x300.jpg\" alt=\" ascensor manresa\" width=\"234\" height=\"350\" \/>A <strong>Ascensors Comtal<\/strong> sabem que cada client \u00e9s un m\u00f3n. Per aix\u00f2, per adaptar-nos a les vostres necessitats espec\u00edfiques i oferir una resposta personalitzada a cadascun d&#8217;ells, la nostra empresa ha creat una s\u00e8rie de <strong>diferents contractes de manteniment<\/strong> amb l&#8217;objectiu de fer possible que els nostres usuaris paguin nom\u00e9s per all\u00f2 que necessitaran.<\/p>\n<p style=\"text-align: justify;\">En concret, els nostres contractes de manteniment s\u00f3n els seg\u00fcents:<br \/>\n\u2013 Abonament normal.<br \/>\n\u2013 Abonament semi-risc.<br \/>\n\u2013 Abonament tot-risc.<br \/>\n\u2013 Manteniment Unifamiliar.<br \/>\n\u2013 Manteniment Muntac\u00e0rregues.<\/p>\n<p style=\"text-align: justify;\">En qualsevol cas tots els nostres contractes comparteixen una s\u00e8rie de caracter\u00edstiques. Aix\u00ed, per exemple, tothom ofereix un <strong>servei global<\/strong> capa\u00e7 de donar resposta a qualsevol situaci\u00f3. Aix\u00ed mateix, els nostres t\u00e8cnics realitzaran un <strong>manteniment preventiu<\/strong> destinat a evitar l&#8217;aparici\u00f3 de problemes i desgasts a la maquin\u00e0ria que puguin posar en perill la seguretat. Un cop l&#8217;avaria ha tingut lloc <strong>actuarem de forma instant\u00e0nia i amb les m\u00ednimes mol\u00e8sties.<\/strong><\/p>\n<p style=\"text-align: justify;\">A Ascensors Condal oferim un servei integral d&#8217;instal\u00b7laci\u00f3, manteniment, modernitzaci\u00f3 i rehabilitaci\u00f3 d&#8217;ascensors a Manresa, Vilafranca del Pened\u00e8s, Sant Vicen\u00e7 dels Horts i, en resum, tota la prov\u00edncia de Barcelona. Truqui&#8217;ns i informi&#8217;s sense comprom\u00eds dels nostres pressupostos i plans de manteniment.<\/p>\n","protected":false},"excerpt":{"rendered":"<p>Ascensors Manresa A Ascensors Comtal sabem que cada client \u00e9s un m\u00f3n. Per aix\u00f2, per adaptar-nos a les vostres necessitats espec\u00edfiques i oferir una resposta personalitzada a cadascun d&#8217;ells, la nostra empresa ha creat una s\u00e8rie de diferents contractes de manteniment amb l&#8217;objectiu de fer possible que els nostres usuaris paguin nom\u00e9s per all\u00f2 que &hellip;<\/p>\n<p class=\"read-more\"> <a class=\"\" href=\"https:\/\/ascensorescondal.com\/ca\/ascensors-manresa\/\"> <span class=\"screen-reader-text\">Ascensores Manresa<\/span> Llegeix m\u00e9s &raquo;<\/a><\/p>\n","protected":false},"author":1,"featured_media":0,"parent":0,"menu_order":0,"comment_status":"closed","ping_status":"closed","template":"","meta":{"site-sidebar-layout":"default","site-content-layout":"","ast-site-content-layout":"default","site-content-style":"default","site-sidebar-style":"default","ast-global-header-display":"","ast-banner-title-visibility":"","ast-main-header-display":"","ast-hfb-above-header-display":"","ast-hfb-below-header-display":"","ast-hfb-mobile-header-display":"","site-post-title":"","ast-breadcrumbs-content":"","ast-featured-img":"","footer-sml-layout":"","theme-transparent-header-meta":"default","adv-header-id-meta":"","stick-header-meta":"","header-above-stick-meta":"","header-main-stick-meta":"","header-below-stick-meta":"","astra-migrate-meta-layouts":"set","footnotes":""},"class_list":["post-778","page","type-page","status-publish","hentry"],"yoast_head":"<!-- This site is optimized with the Yoast SEO plugin v26.0 - https:\/\/yoast.com\/wordpress\/plugins\/seo\/ -->\n<title>Empresa ascensors Manresa. Manteniment ascensor<\/title>\n<meta name=\"description\" content=\"ASCENSORS EURO CONDAL. Elevadors Manresa. Empresa experta en el manteniment i instal\u00b7laci\u00f3 d&#039;ascensors a Manresa\" \/>\n<meta name=\"robots\" content=\"index, follow, max-snippet:-1, max-image-preview:large, max-video-preview:-1\" \/>\n<link rel=\"canonical\" href=\"https:\/\/ascensorescondal.com\/ca\/ascensors-manresa\/\" \/>\n<meta property=\"og:locale\" content=\"ca_ES\" \/>\n<meta property=\"og:type\" content=\"article\" \/>\n<meta property=\"og:title\" content=\"Empresa ascensors Manresa. Manteniment ascensor\" \/>\n<meta property=\"og:description\" content=\"ASCENSORS EURO CONDAL. Elevadors Manresa. Empresa experta en el manteniment i instal\u00b7laci\u00f3 d&#039;ascensors a Manresa\" \/>\n<meta property=\"og:url\" content=\"https:\/\/ascensorescondal.com\/ca\/ascensors-manresa\/\" \/>\n<meta property=\"article:modified_time\" content=\"2024-04-05T12:21:58+00:00\" \/>\n<meta name=\"twitter:card\" content=\"summary_large_image\" \/>\n<meta name=\"twitter:label1\" content=\"Temps estimat de lectura\" \/>\n\t<meta name=\"twitter:data1\" content=\"2 minuts\" \/>\n<script type=\"application\/ld+json\" class=\"yoast-schema-graph\">{\"@context\":\"https:\/\/schema.org\",\"@graph\":[{\"@type\":\"WebPage\",\"@id\":\"https:\/\/ascensorescondal.com\/ca\/ascensors-manresa\/\",\"url\":\"https:\/\/ascensorescondal.com\/ca\/ascensors-manresa\/\",\"name\":\"Empresa ascensors Manresa. Manteniment ascensor\",\"isPartOf\":{\"@id\":\"https:\/\/ascensorescondal.com\/ca\/#website\"},\"datePublished\":\"2016-10-04T14:50:51+00:00\",\"dateModified\":\"2024-04-05T12:21:58+00:00\",\"description\":\"ASCENSORS EURO CONDAL. Elevadors Manresa. Empresa experta en el manteniment i instal\u00b7laci\u00f3 d'ascensors a Manresa\",\"breadcrumb\":{\"@id\":\"https:\/\/ascensorescondal.com\/ca\/ascensors-manresa\/#breadcrumb\"},\"inLanguage\":\"ca\",\"potentialAction\":[{\"@type\":\"ReadAction\",\"target\":[\"https:\/\/ascensorescondal.com\/ca\/ascensors-manresa\/\"]}]},{\"@type\":\"BreadcrumbList\",\"@id\":\"https:\/\/ascensorescondal.com\/ca\/ascensors-manresa\/#breadcrumb\",\"itemListElement\":[{\"@type\":\"ListItem\",\"position\":1,\"name\":\"Portada\",\"item\":\"https:\/\/ascensorescondal.com\/ca\/\"},{\"@type\":\"ListItem\",\"position\":2,\"name\":\"Ascensores Manresa\"}]},{\"@type\":\"WebSite\",\"@id\":\"https:\/\/ascensorescondal.com\/ca\/#website\",\"url\":\"https:\/\/ascensorescondal.com\/ca\/\",\"name\":\"\",\"description\":\"\",\"potentialAction\":[{\"@type\":\"SearchAction\",\"target\":{\"@type\":\"EntryPoint\",\"urlTemplate\":\"https:\/\/ascensorescondal.com\/ca\/?s={search_term_string}\"},\"query-input\":{\"@type\":\"PropertyValueSpecification\",\"valueRequired\":true,\"valueName\":\"search_term_string\"}}],\"inLanguage\":\"ca\"}]}<\/script>\n<!-- \/ Yoast SEO plugin. -->","yoast_head_json":{"title":"Empresa ascensors Manresa. Manteniment ascensor","description":"ASCENSORS EURO CONDAL. Elevadors Manresa. Empresa experta en el manteniment i instal\u00b7laci\u00f3 d'ascensors a Manresa","robots":{"index":"index","follow":"follow","max-snippet":"max-snippet:-1","max-image-preview":"max-image-preview:large","max-video-preview":"max-video-preview:-1"},"canonical":"https:\/\/ascensorescondal.com\/ca\/ascensors-manresa\/","og_locale":"ca_ES","og_type":"article","og_title":"Empresa ascensors Manresa. Manteniment ascensor","og_description":"ASCENSORS EURO CONDAL. Elevadors Manresa. Empresa experta en el manteniment i instal\u00b7laci\u00f3 d'ascensors a Manresa","og_url":"https:\/\/ascensorescondal.com\/ca\/ascensors-manresa\/","article_modified_time":"2024-04-05T12:21:58+00:00","twitter_card":"summary_large_image","twitter_misc":{"Temps estimat de lectura":"2 minuts"},"schema":{"@context":"https:\/\/schema.org","@graph":[{"@type":"WebPage","@id":"https:\/\/ascensorescondal.com\/ca\/ascensors-manresa\/","url":"https:\/\/ascensorescondal.com\/ca\/ascensors-manresa\/","name":"Empresa ascensors Manresa. Manteniment ascensor","isPartOf":{"@id":"https:\/\/ascensorescondal.com\/ca\/#website"},"datePublished":"2016-10-04T14:50:51+00:00","dateModified":"2024-04-05T12:21:58+00:00","description":"ASCENSORS EURO CONDAL. Elevadors Manresa. Empresa experta en el manteniment i instal\u00b7laci\u00f3 d'ascensors a Manresa","breadcrumb":{"@id":"https:\/\/ascensorescondal.com\/ca\/ascensors-manresa\/#breadcrumb"},"inLanguage":"ca","potentialAction":[{"@type":"ReadAction","target":["https:\/\/ascensorescondal.com\/ca\/ascensors-manresa\/"]}]},{"@type":"BreadcrumbList","@id":"https:\/\/ascensorescondal.com\/ca\/ascensors-manresa\/#breadcrumb","itemListElement":[{"@type":"ListItem","position":1,"name":"Portada","item":"https:\/\/ascensorescondal.com\/ca\/"},{"@type":"ListItem","position":2,"name":"Ascensores Manresa"}]},{"@type":"WebSite","@id":"https:\/\/ascensorescondal.com\/ca\/#website","url":"https:\/\/ascensorescondal.com\/ca\/","name":"","description":"","potentialAction":[{"@type":"SearchAction","target":{"@type":"EntryPoint","urlTemplate":"https:\/\/ascensorescondal.com\/ca\/?s={search_term_string}"},"query-input":{"@type":"PropertyValueSpecification","valueRequired":true,"valueName":"search_term_string"}}],"inLanguage":"ca"}]}},"_links":{"self":[{"href":"https:\/\/ascensorescondal.com\/ca\/wp-json\/wp\/v2\/pages\/778","targetHints":{"allow":["GET"]}}],"collection":[{"href":"https:\/\/ascensorescondal.com\/ca\/wp-json\/wp\/v2\/pages"}],"about":[{"href":"https:\/\/ascensorescondal.com\/ca\/wp-json\/wp\/v2\/types\/page"}],"author":[{"embeddable":true,"href":"https:\/\/ascensorescondal.com\/ca\/wp-json\/wp\/v2\/users\/1"}],"replies":[{"embeddable":true,"href":"https:\/\/ascensorescondal.com\/ca\/wp-json\/wp\/v2\/comments?post=778"}],"version-history":[{"count":1,"href":"https:\/\/ascensorescondal.com\/ca\/wp-json\/wp\/v2\/pages\/778\/revisions"}],"predecessor-version":[{"id":1558,"href":"https:\/\/ascensorescondal.com\/ca\/wp-json\/wp\/v2\/pages\/778\/revisions\/1558"}],"wp:attachment":[{"href":"https:\/\/ascensorescondal.com\/ca\/wp-json\/wp\/v2\/media?parent=778"}],"curies":[{"name":"wp","href":"https:\/\/api.w.org\/{rel}","templated":true}]}}