{"id":773,"date":"2016-10-04T14:31:23","date_gmt":"2016-10-04T14:31:23","guid":{"rendered":"http:\/\/ascensorescondal.com\/newproyect\/?page_id=233"},"modified":"2025-10-03T09:21:04","modified_gmt":"2025-10-03T07:21:04","slug":"ascensors-gava","status":"publish","type":"page","link":"https:\/\/ascensorescondal.com\/ca\/ascensors-gava\/","title":{"rendered":"Ascensores Gav\u00e0"},"content":{"rendered":"<h1 class=\"uk-article-title\">Ascensors Gav\u00e0<\/h1>\n<p><img fetchpriority=\"high\" decoding=\"async\" class=\"alignright wp-image-39 size-medium\" src=\"\/wp-content\/uploads\/2016\/05\/DSC_0960-685x1024-201x300.jpg\" alt=\"ascensor gava\" width=\"201\" height=\"300\" \/>A l&#8217;hora de realitzar una instal\u00b7laci\u00f3 d&#8217;un ascensor en un habitatge comunitari o particular, s\u00f3n molts els factors a tenir en compte, des de la realitzaci\u00f3 d&#8217;estudis arquitect\u00f2nics fins a l&#8217;obtenci\u00f3 de llic\u00e8ncies d&#8217;obra i tramitaci\u00f3 de subvencions.<\/p>\n<p>Si necessiteu el muntatge d&#8217;un elevador a Esparraguera, Gav\u00e0 o qualsevol altre municipi o ciutat de la prov\u00edncia de Barcelona, a Ascensors Condal ens ocuparem de tots els processos que requereix un projecte d&#8217;aquestes caracter\u00edstiques, amb la qual cosa lliurarem als nostres clients una important llista de tasques i responsabilitats. A <strong>Ascensors Condal<\/strong> hem fet aix\u00f2 possible gr\u00e0cies a comptar amb el millor equip del sector, format per grans professionals amb anys d&#8217;experi\u00e8ncia i una formaci\u00f3 completa.<\/p>\n<p>La nostra empresa est\u00e0 caracteritzada per oferir els serveis al millor preu i assegurant els nivells m\u00e9s alts de qualitat i seguretat. A m\u00e9s, tamb\u00e9 disposem de <strong>serveis de manteniment i modernitzaci\u00f3 d&#8217;elevadors<\/strong> en el cas que ja en disposes.<\/p>\n<p>Poseu-vos en contacte amb nosaltres i informeu-vos sobre els nostres serveis i els magn\u00edfics descomptes que oferim.<\/p>\n","protected":false},"excerpt":{"rendered":"<p>Ascensors Gav\u00e0 A l&#8217;hora de realitzar una instal\u00b7laci\u00f3 d&#8217;un ascensor en un habitatge comunitari o particular, s\u00f3n molts els factors a tenir en compte, des de la realitzaci\u00f3 d&#8217;estudis arquitect\u00f2nics fins a l&#8217;obtenci\u00f3 de llic\u00e8ncies d&#8217;obra i tramitaci\u00f3 de subvencions. Si necessiteu el muntatge d&#8217;un elevador a Esparraguera, Gav\u00e0 o qualsevol altre municipi o ciutat &hellip;<\/p>\n<p class=\"read-more\"> <a class=\"\" href=\"https:\/\/ascensorescondal.com\/ca\/ascensors-gava\/\"> <span class=\"screen-reader-text\">Ascensores Gav\u00e0<\/span> Llegeix m\u00e9s &raquo;<\/a><\/p>\n","protected":false},"author":1,"featured_media":0,"parent":0,"menu_order":0,"comment_status":"closed","ping_status":"closed","template":"","meta":{"site-sidebar-layout":"default","site-content-layout":"","ast-site-content-layout":"default","site-content-style":"default","site-sidebar-style":"default","ast-global-header-display":"","ast-banner-title-visibility":"","ast-main-header-display":"","ast-hfb-above-header-display":"","ast-hfb-below-header-display":"","ast-hfb-mobile-header-display":"","site-post-title":"","ast-breadcrumbs-content":"","ast-featured-img":"","footer-sml-layout":"","theme-transparent-header-meta":"default","adv-header-id-meta":"","stick-header-meta":"","header-above-stick-meta":"","header-main-stick-meta":"","header-below-stick-meta":"","astra-migrate-meta-layouts":"set","footnotes":""},"class_list":["post-773","page","type-page","status-publish","hentry"],"yoast_head":"<!-- This site is optimized with the Yoast SEO plugin v26.0 - https:\/\/yoast.com\/wordpress\/plugins\/seo\/ -->\n<title>Empresa ascensors Gava. Manteniment elevador<\/title>\n<meta name=\"description\" content=\"ASCENSORS EURO CONDAL. Ascensor Gav\u00e0. Els nostres serveis s\u00f3n els d&#039;instal\u00b7laci\u00f3 i manteniment d&#039;elevadors a preu econ\u00f2mic a Gav\u00e0\" \/>\n<meta name=\"robots\" content=\"index, follow, max-snippet:-1, max-image-preview:large, max-video-preview:-1\" \/>\n<link rel=\"canonical\" href=\"https:\/\/ascensorescondal.com\/ca\/ascensors-gava\/\" \/>\n<meta property=\"og:locale\" content=\"ca_ES\" \/>\n<meta property=\"og:type\" content=\"article\" \/>\n<meta property=\"og:title\" content=\"Empresa ascensors Gava. Manteniment elevador\" \/>\n<meta property=\"og:description\" content=\"ASCENSORS EURO CONDAL. Ascensor Gav\u00e0. Els nostres serveis s\u00f3n els d&#039;instal\u00b7laci\u00f3 i manteniment d&#039;elevadors a preu econ\u00f2mic a Gav\u00e0\" \/>\n<meta property=\"og:url\" content=\"https:\/\/ascensorescondal.com\/ca\/ascensors-gava\/\" \/>\n<meta property=\"article:modified_time\" content=\"2025-10-03T07:21:04+00:00\" \/>\n<meta name=\"twitter:card\" content=\"summary_large_image\" \/>\n<meta name=\"twitter:label1\" content=\"Temps estimat de lectura\" \/>\n\t<meta name=\"twitter:data1\" content=\"1 minut\" \/>\n<script type=\"application\/ld+json\" class=\"yoast-schema-graph\">{\"@context\":\"https:\/\/schema.org\",\"@graph\":[{\"@type\":\"WebPage\",\"@id\":\"https:\/\/ascensorescondal.com\/ca\/ascensors-gava\/\",\"url\":\"https:\/\/ascensorescondal.com\/ca\/ascensors-gava\/\",\"name\":\"Empresa ascensors Gava. Manteniment elevador\",\"isPartOf\":{\"@id\":\"https:\/\/ascensorescondal.com\/ca\/#website\"},\"datePublished\":\"2016-10-04T14:31:23+00:00\",\"dateModified\":\"2025-10-03T07:21:04+00:00\",\"description\":\"ASCENSORS EURO CONDAL. Ascensor Gav\u00e0. Els nostres serveis s\u00f3n els d'instal\u00b7laci\u00f3 i manteniment d'elevadors a preu econ\u00f2mic a Gav\u00e0\",\"breadcrumb\":{\"@id\":\"https:\/\/ascensorescondal.com\/ca\/ascensors-gava\/#breadcrumb\"},\"inLanguage\":\"ca\",\"potentialAction\":[{\"@type\":\"ReadAction\",\"target\":[\"https:\/\/ascensorescondal.com\/ca\/ascensors-gava\/\"]}]},{\"@type\":\"BreadcrumbList\",\"@id\":\"https:\/\/ascensorescondal.com\/ca\/ascensors-gava\/#breadcrumb\",\"itemListElement\":[{\"@type\":\"ListItem\",\"position\":1,\"name\":\"Portada\",\"item\":\"https:\/\/ascensorescondal.com\/ca\/\"},{\"@type\":\"ListItem\",\"position\":2,\"name\":\"Ascensores Gav\u00e0\"}]},{\"@type\":\"WebSite\",\"@id\":\"https:\/\/ascensorescondal.com\/ca\/#website\",\"url\":\"https:\/\/ascensorescondal.com\/ca\/\",\"name\":\"\",\"description\":\"\",\"potentialAction\":[{\"@type\":\"SearchAction\",\"target\":{\"@type\":\"EntryPoint\",\"urlTemplate\":\"https:\/\/ascensorescondal.com\/ca\/?s={search_term_string}\"},\"query-input\":{\"@type\":\"PropertyValueSpecification\",\"valueRequired\":true,\"valueName\":\"search_term_string\"}}],\"inLanguage\":\"ca\"}]}<\/script>\n<!-- \/ Yoast SEO plugin. -->","yoast_head_json":{"title":"Empresa ascensors Gava. Manteniment elevador","description":"ASCENSORS EURO CONDAL. Ascensor Gav\u00e0. Els nostres serveis s\u00f3n els d'instal\u00b7laci\u00f3 i manteniment d'elevadors a preu econ\u00f2mic a Gav\u00e0","robots":{"index":"index","follow":"follow","max-snippet":"max-snippet:-1","max-image-preview":"max-image-preview:large","max-video-preview":"max-video-preview:-1"},"canonical":"https:\/\/ascensorescondal.com\/ca\/ascensors-gava\/","og_locale":"ca_ES","og_type":"article","og_title":"Empresa ascensors Gava. Manteniment elevador","og_description":"ASCENSORS EURO CONDAL. Ascensor Gav\u00e0. Els nostres serveis s\u00f3n els d'instal\u00b7laci\u00f3 i manteniment d'elevadors a preu econ\u00f2mic a Gav\u00e0","og_url":"https:\/\/ascensorescondal.com\/ca\/ascensors-gava\/","article_modified_time":"2025-10-03T07:21:04+00:00","twitter_card":"summary_large_image","twitter_misc":{"Temps estimat de lectura":"1 minut"},"schema":{"@context":"https:\/\/schema.org","@graph":[{"@type":"WebPage","@id":"https:\/\/ascensorescondal.com\/ca\/ascensors-gava\/","url":"https:\/\/ascensorescondal.com\/ca\/ascensors-gava\/","name":"Empresa ascensors Gava. Manteniment elevador","isPartOf":{"@id":"https:\/\/ascensorescondal.com\/ca\/#website"},"datePublished":"2016-10-04T14:31:23+00:00","dateModified":"2025-10-03T07:21:04+00:00","description":"ASCENSORS EURO CONDAL. Ascensor Gav\u00e0. Els nostres serveis s\u00f3n els d'instal\u00b7laci\u00f3 i manteniment d'elevadors a preu econ\u00f2mic a Gav\u00e0","breadcrumb":{"@id":"https:\/\/ascensorescondal.com\/ca\/ascensors-gava\/#breadcrumb"},"inLanguage":"ca","potentialAction":[{"@type":"ReadAction","target":["https:\/\/ascensorescondal.com\/ca\/ascensors-gava\/"]}]},{"@type":"BreadcrumbList","@id":"https:\/\/ascensorescondal.com\/ca\/ascensors-gava\/#breadcrumb","itemListElement":[{"@type":"ListItem","position":1,"name":"Portada","item":"https:\/\/ascensorescondal.com\/ca\/"},{"@type":"ListItem","position":2,"name":"Ascensores Gav\u00e0"}]},{"@type":"WebSite","@id":"https:\/\/ascensorescondal.com\/ca\/#website","url":"https:\/\/ascensorescondal.com\/ca\/","name":"","description":"","potentialAction":[{"@type":"SearchAction","target":{"@type":"EntryPoint","urlTemplate":"https:\/\/ascensorescondal.com\/ca\/?s={search_term_string}"},"query-input":{"@type":"PropertyValueSpecification","valueRequired":true,"valueName":"search_term_string"}}],"inLanguage":"ca"}]}},"_links":{"self":[{"href":"https:\/\/ascensorescondal.com\/ca\/wp-json\/wp\/v2\/pages\/773","targetHints":{"allow":["GET"]}}],"collection":[{"href":"https:\/\/ascensorescondal.com\/ca\/wp-json\/wp\/v2\/pages"}],"about":[{"href":"https:\/\/ascensorescondal.com\/ca\/wp-json\/wp\/v2\/types\/page"}],"author":[{"embeddable":true,"href":"https:\/\/ascensorescondal.com\/ca\/wp-json\/wp\/v2\/users\/1"}],"replies":[{"embeddable":true,"href":"https:\/\/ascensorescondal.com\/ca\/wp-json\/wp\/v2\/comments?post=773"}],"version-history":[{"count":2,"href":"https:\/\/ascensorescondal.com\/ca\/wp-json\/wp\/v2\/pages\/773\/revisions"}],"predecessor-version":[{"id":1698,"href":"https:\/\/ascensorescondal.com\/ca\/wp-json\/wp\/v2\/pages\/773\/revisions\/1698"}],"wp:attachment":[{"href":"https:\/\/ascensorescondal.com\/ca\/wp-json\/wp\/v2\/media?parent=773"}],"curies":[{"name":"wp","href":"https:\/\/api.w.org\/{rel}","templated":true}]}}