{"id":772,"date":"2016-10-04T14:29:53","date_gmt":"2016-10-04T14:29:53","guid":{"rendered":"http:\/\/ascensorescondal.com\/newproyect\/?page_id=231"},"modified":"2024-04-05T14:09:00","modified_gmt":"2024-04-05T12:09:00","slug":"ascensors-hospitalet-de-llobregat","status":"publish","type":"page","link":"https:\/\/ascensorescondal.com\/ca\/ascensors-hospitalet-de-llobregat\/","title":{"rendered":"Ascensores Hospitalet de Llobregat"},"content":{"rendered":"<h1 class=\"uk-article-title\">Ascensors de l&#8217;Hospitalet de Llobregat<\/h1>\n<p><img fetchpriority=\"high\" decoding=\"async\" class=\"alignright wp-image-39 size-medium\" src=\"\/wp-content\/uploads\/2016\/05\/DSC_0960-685x1024-201x300.jpg\" alt=\"ascensor hospitalet\" width=\"201\" height=\"300\" \/>Compromesos des de sempre amb els nostres clients, a <strong>Ascensors Condal<\/strong> sempre hem apostat per oferir els nostres serveis al millor preu i amb facilitats de pagament, assegurant sempre un resultat final de la m\u00e9s alta qualitat.<\/p>\n<p>\u00c9s per aix\u00f2 que si necessiteu <strong>instal\u00b7laci\u00f3, reparaci\u00f3 o manteniment d&#8217;elevadors<\/strong> a Martorell, Hospitalet de Llobregat o qualsevol altre lloc de la prov\u00edncia de Barcelona, a Ascensors Condal sabrem donar-vos el servei que esteu buscant. Contractant els nostres serveis us assegurar\u00e0 el millor assessorament, ja que despr\u00e9s d&#8217;anys de treball al sector hem adquirit prou experi\u00e8ncia per adaptar-nos a qualsevol situaci\u00f3 que se&#8217;ns plantegi. A m\u00e9s disposem d&#8217;una <strong>amplia oferta d&#8217;ascensors d&#8217;\u00faltima generaci\u00f3<\/strong> que asseguren un rendiment eficient i un estalvi important en la factura energ\u00e8tica.<\/p>\n<p>Dipositeu la vostra confian\u00e7a en el nostre equip de professionals que us proporcionaran un treball r\u00e0pid al mateix temps que meticul\u00f3s i el resultat del qual superar\u00e0 les vostres expectatives en funcionalitat i seguretat. Truqui&#8217;ns per aconseguir m\u00e9s informaci\u00f3 sobre els avantatges que podria aconseguir contractant els nostres serveis.<\/p>\n","protected":false},"excerpt":{"rendered":"<p>Ascensors de l&#8217;Hospitalet de Llobregat Compromesos des de sempre amb els nostres clients, a Ascensors Condal sempre hem apostat per oferir els nostres serveis al millor preu i amb facilitats de pagament, assegurant sempre un resultat final de la m\u00e9s alta qualitat. \u00c9s per aix\u00f2 que si necessiteu instal\u00b7laci\u00f3, reparaci\u00f3 o manteniment d&#8217;elevadors a Martorell, &hellip;<\/p>\n<p class=\"read-more\"> <a class=\"\" href=\"https:\/\/ascensorescondal.com\/ca\/ascensors-hospitalet-de-llobregat\/\"> <span class=\"screen-reader-text\">Ascensores Hospitalet de Llobregat<\/span> Llegeix m\u00e9s &raquo;<\/a><\/p>\n","protected":false},"author":1,"featured_media":0,"parent":0,"menu_order":0,"comment_status":"closed","ping_status":"closed","template":"","meta":{"site-sidebar-layout":"default","site-content-layout":"","ast-site-content-layout":"default","site-content-style":"default","site-sidebar-style":"default","ast-global-header-display":"","ast-banner-title-visibility":"","ast-main-header-display":"","ast-hfb-above-header-display":"","ast-hfb-below-header-display":"","ast-hfb-mobile-header-display":"","site-post-title":"","ast-breadcrumbs-content":"","ast-featured-img":"","footer-sml-layout":"","theme-transparent-header-meta":"default","adv-header-id-meta":"","stick-header-meta":"","header-above-stick-meta":"","header-main-stick-meta":"","header-below-stick-meta":"","astra-migrate-meta-layouts":"set","footnotes":""},"class_list":["post-772","page","type-page","status-publish","hentry"],"yoast_head":"<!-- This site is optimized with the Yoast SEO plugin v26.0 - https:\/\/yoast.com\/wordpress\/plugins\/seo\/ -->\n<title>Ascensors Hospitalet de Llobregat. Manteniment ascensor<\/title>\n<meta name=\"description\" content=\"ASCENSORS EURO CONDAL. Ascensors. Professionals de la conservaci\u00f3, modernitzaci\u00f3 i manteniment d&#039;elevadors a l&#039;Hospitalet de Llobregat\" \/>\n<meta name=\"robots\" content=\"index, follow, max-snippet:-1, max-image-preview:large, max-video-preview:-1\" \/>\n<link rel=\"canonical\" href=\"https:\/\/ascensorescondal.com\/ca\/ascensors-hospitalet-de-llobregat\/\" \/>\n<meta property=\"og:locale\" content=\"ca_ES\" \/>\n<meta property=\"og:type\" content=\"article\" \/>\n<meta property=\"og:title\" content=\"Ascensors Hospitalet de Llobregat. Manteniment ascensor\" \/>\n<meta property=\"og:description\" content=\"ASCENSORS EURO CONDAL. Ascensors. Professionals de la conservaci\u00f3, modernitzaci\u00f3 i manteniment d&#039;elevadors a l&#039;Hospitalet de Llobregat\" \/>\n<meta property=\"og:url\" content=\"https:\/\/ascensorescondal.com\/ca\/ascensors-hospitalet-de-llobregat\/\" \/>\n<meta property=\"article:modified_time\" content=\"2024-04-05T12:09:00+00:00\" \/>\n<meta name=\"twitter:card\" content=\"summary_large_image\" \/>\n<meta name=\"twitter:label1\" content=\"Temps estimat de lectura\" \/>\n\t<meta name=\"twitter:data1\" content=\"2 minuts\" \/>\n<script type=\"application\/ld+json\" class=\"yoast-schema-graph\">{\"@context\":\"https:\/\/schema.org\",\"@graph\":[{\"@type\":\"WebPage\",\"@id\":\"https:\/\/ascensorescondal.com\/ca\/ascensors-hospitalet-de-llobregat\/\",\"url\":\"https:\/\/ascensorescondal.com\/ca\/ascensors-hospitalet-de-llobregat\/\",\"name\":\"Ascensors Hospitalet de Llobregat. Manteniment ascensor\",\"isPartOf\":{\"@id\":\"https:\/\/ascensorescondal.com\/ca\/#website\"},\"datePublished\":\"2016-10-04T14:29:53+00:00\",\"dateModified\":\"2024-04-05T12:09:00+00:00\",\"description\":\"ASCENSORS EURO CONDAL. Ascensors. Professionals de la conservaci\u00f3, modernitzaci\u00f3 i manteniment d'elevadors a l'Hospitalet de Llobregat\",\"breadcrumb\":{\"@id\":\"https:\/\/ascensorescondal.com\/ca\/ascensors-hospitalet-de-llobregat\/#breadcrumb\"},\"inLanguage\":\"ca\",\"potentialAction\":[{\"@type\":\"ReadAction\",\"target\":[\"https:\/\/ascensorescondal.com\/ca\/ascensors-hospitalet-de-llobregat\/\"]}]},{\"@type\":\"BreadcrumbList\",\"@id\":\"https:\/\/ascensorescondal.com\/ca\/ascensors-hospitalet-de-llobregat\/#breadcrumb\",\"itemListElement\":[{\"@type\":\"ListItem\",\"position\":1,\"name\":\"Portada\",\"item\":\"https:\/\/ascensorescondal.com\/ca\/\"},{\"@type\":\"ListItem\",\"position\":2,\"name\":\"Ascensores Hospitalet de Llobregat\"}]},{\"@type\":\"WebSite\",\"@id\":\"https:\/\/ascensorescondal.com\/ca\/#website\",\"url\":\"https:\/\/ascensorescondal.com\/ca\/\",\"name\":\"\",\"description\":\"\",\"potentialAction\":[{\"@type\":\"SearchAction\",\"target\":{\"@type\":\"EntryPoint\",\"urlTemplate\":\"https:\/\/ascensorescondal.com\/ca\/?s={search_term_string}\"},\"query-input\":{\"@type\":\"PropertyValueSpecification\",\"valueRequired\":true,\"valueName\":\"search_term_string\"}}],\"inLanguage\":\"ca\"}]}<\/script>\n<!-- \/ Yoast SEO plugin. -->","yoast_head_json":{"title":"Ascensors Hospitalet de Llobregat. Manteniment ascensor","description":"ASCENSORS EURO CONDAL. Ascensors. Professionals de la conservaci\u00f3, modernitzaci\u00f3 i manteniment d'elevadors a l'Hospitalet de Llobregat","robots":{"index":"index","follow":"follow","max-snippet":"max-snippet:-1","max-image-preview":"max-image-preview:large","max-video-preview":"max-video-preview:-1"},"canonical":"https:\/\/ascensorescondal.com\/ca\/ascensors-hospitalet-de-llobregat\/","og_locale":"ca_ES","og_type":"article","og_title":"Ascensors Hospitalet de Llobregat. Manteniment ascensor","og_description":"ASCENSORS EURO CONDAL. Ascensors. Professionals de la conservaci\u00f3, modernitzaci\u00f3 i manteniment d'elevadors a l'Hospitalet de Llobregat","og_url":"https:\/\/ascensorescondal.com\/ca\/ascensors-hospitalet-de-llobregat\/","article_modified_time":"2024-04-05T12:09:00+00:00","twitter_card":"summary_large_image","twitter_misc":{"Temps estimat de lectura":"2 minuts"},"schema":{"@context":"https:\/\/schema.org","@graph":[{"@type":"WebPage","@id":"https:\/\/ascensorescondal.com\/ca\/ascensors-hospitalet-de-llobregat\/","url":"https:\/\/ascensorescondal.com\/ca\/ascensors-hospitalet-de-llobregat\/","name":"Ascensors Hospitalet de Llobregat. Manteniment ascensor","isPartOf":{"@id":"https:\/\/ascensorescondal.com\/ca\/#website"},"datePublished":"2016-10-04T14:29:53+00:00","dateModified":"2024-04-05T12:09:00+00:00","description":"ASCENSORS EURO CONDAL. Ascensors. Professionals de la conservaci\u00f3, modernitzaci\u00f3 i manteniment d'elevadors a l'Hospitalet de Llobregat","breadcrumb":{"@id":"https:\/\/ascensorescondal.com\/ca\/ascensors-hospitalet-de-llobregat\/#breadcrumb"},"inLanguage":"ca","potentialAction":[{"@type":"ReadAction","target":["https:\/\/ascensorescondal.com\/ca\/ascensors-hospitalet-de-llobregat\/"]}]},{"@type":"BreadcrumbList","@id":"https:\/\/ascensorescondal.com\/ca\/ascensors-hospitalet-de-llobregat\/#breadcrumb","itemListElement":[{"@type":"ListItem","position":1,"name":"Portada","item":"https:\/\/ascensorescondal.com\/ca\/"},{"@type":"ListItem","position":2,"name":"Ascensores Hospitalet de Llobregat"}]},{"@type":"WebSite","@id":"https:\/\/ascensorescondal.com\/ca\/#website","url":"https:\/\/ascensorescondal.com\/ca\/","name":"","description":"","potentialAction":[{"@type":"SearchAction","target":{"@type":"EntryPoint","urlTemplate":"https:\/\/ascensorescondal.com\/ca\/?s={search_term_string}"},"query-input":{"@type":"PropertyValueSpecification","valueRequired":true,"valueName":"search_term_string"}}],"inLanguage":"ca"}]}},"_links":{"self":[{"href":"https:\/\/ascensorescondal.com\/ca\/wp-json\/wp\/v2\/pages\/772","targetHints":{"allow":["GET"]}}],"collection":[{"href":"https:\/\/ascensorescondal.com\/ca\/wp-json\/wp\/v2\/pages"}],"about":[{"href":"https:\/\/ascensorescondal.com\/ca\/wp-json\/wp\/v2\/types\/page"}],"author":[{"embeddable":true,"href":"https:\/\/ascensorescondal.com\/ca\/wp-json\/wp\/v2\/users\/1"}],"replies":[{"embeddable":true,"href":"https:\/\/ascensorescondal.com\/ca\/wp-json\/wp\/v2\/comments?post=772"}],"version-history":[{"count":1,"href":"https:\/\/ascensorescondal.com\/ca\/wp-json\/wp\/v2\/pages\/772\/revisions"}],"predecessor-version":[{"id":1551,"href":"https:\/\/ascensorescondal.com\/ca\/wp-json\/wp\/v2\/pages\/772\/revisions\/1551"}],"wp:attachment":[{"href":"https:\/\/ascensorescondal.com\/ca\/wp-json\/wp\/v2\/media?parent=772"}],"curies":[{"name":"wp","href":"https:\/\/api.w.org\/{rel}","templated":true}]}}