{"id":771,"date":"2016-10-04T14:27:56","date_gmt":"2016-10-04T14:27:56","guid":{"rendered":"http:\/\/ascensorescondal.com\/newproyect\/?page_id=228"},"modified":"2024-04-05T14:08:34","modified_gmt":"2024-04-05T12:08:34","slug":"ascensors-cornella-de-llobregat","status":"publish","type":"page","link":"https:\/\/ascensorescondal.com\/ca\/ascensors-cornella-de-llobregat\/","title":{"rendered":"Ascensores Cornella de Llobregat"},"content":{"rendered":"<h1 class=\"uk-article-title\">Ascensors Cornella de Llobregat<\/h1>\n<p>&nbsp;<\/p>\n<p><img fetchpriority=\"high\" decoding=\"async\" class=\"alignright wp-image-39 size-medium\" src=\"\/wp-content\/uploads\/2016\/05\/DSC_0960-685x1024-201x300.jpg\" alt=\"ascensor cornella\" width=\"201\" height=\"300\" \/>Elevadors a Terrassa, Cornell\u00e0 de Llobregat o Gav\u00e0 no trobareu millor servei que l&#8217;ofert per Ascensors Condal. Nosaltres disposem d&#8217;un servei integral que compr\u00e8n tots els passos a realitzar per dur a terme l&#8217;obra, perqu\u00e8 no s&#8217;hagi de preocupar de res.<\/p>\n<p>A m\u00e9s, amb nosaltres contractar\u00e0 un servei que ha estat qualificat com a excel\u00b7lent pels nostres clients. Caracteritzat per ser <strong>r\u00e0pid, barat, personalitzat<\/strong> i per obtenir uns <strong>resultats \u00f2ptims en mat\u00e8ria de qualitat i seguretat.<\/strong><\/p>\n<p>I \u00e9s que ens hem convertit en el millor equip professional del sector, amb anys d&#8217;experi\u00e8ncia i dedicaci\u00f3 a l&#8217;esquena. Conformem la millor opci\u00f3 del sector perqu\u00e8 dipositi la seva confian\u00e7a en les nostres menys amb total tranquil\u00b7litat. D&#8217;altra banda, si ja disposeu d&#8217;ascensor i el que voleu \u00e9s un <strong>servei de manteniment, reparaci\u00f3 o modernitzaci\u00f3<\/strong>, tamb\u00e9 podreu comptar amb nosaltres per a aquestes tasques.<\/p>\n<p>Truqui&#8217;ns ara i informeu-vos sobre els avantatges que obtindria amb nosaltres.<\/p>\n","protected":false},"excerpt":{"rendered":"<p>Ascensors Cornella de Llobregat &nbsp; Elevadors a Terrassa, Cornell\u00e0 de Llobregat o Gav\u00e0 no trobareu millor servei que l&#8217;ofert per Ascensors Condal. Nosaltres disposem d&#8217;un servei integral que compr\u00e8n tots els passos a realitzar per dur a terme l&#8217;obra, perqu\u00e8 no s&#8217;hagi de preocupar de res. A m\u00e9s, amb nosaltres contractar\u00e0 un servei que ha &hellip;<\/p>\n<p class=\"read-more\"> <a class=\"\" href=\"https:\/\/ascensorescondal.com\/ca\/ascensors-cornella-de-llobregat\/\"> <span class=\"screen-reader-text\">Ascensores Cornella de Llobregat<\/span> Llegeix m\u00e9s &raquo;<\/a><\/p>\n","protected":false},"author":1,"featured_media":0,"parent":0,"menu_order":0,"comment_status":"closed","ping_status":"closed","template":"","meta":{"site-sidebar-layout":"default","site-content-layout":"","ast-site-content-layout":"default","site-content-style":"default","site-sidebar-style":"default","ast-global-header-display":"","ast-banner-title-visibility":"","ast-main-header-display":"","ast-hfb-above-header-display":"","ast-hfb-below-header-display":"","ast-hfb-mobile-header-display":"","site-post-title":"","ast-breadcrumbs-content":"","ast-featured-img":"","footer-sml-layout":"","theme-transparent-header-meta":"default","adv-header-id-meta":"","stick-header-meta":"","header-above-stick-meta":"","header-main-stick-meta":"","header-below-stick-meta":"","astra-migrate-meta-layouts":"set","footnotes":""},"class_list":["post-771","page","type-page","status-publish","hentry"],"yoast_head":"<!-- This site is optimized with the Yoast SEO plugin v26.0 - https:\/\/yoast.com\/wordpress\/plugins\/seo\/ -->\n<title>Ascensors Cornella de Llobregat. Manteniment elevador<\/title>\n<meta name=\"description\" content=\"ASCENSORS EURO CONDAL. Elevador Cornell\u00e0 de Llogregat. Empresa experta en el manteniment i instal\u00b7laci\u00f3 d&#039;ascensors a Cornell\u00e0\" \/>\n<meta name=\"robots\" content=\"index, follow, max-snippet:-1, max-image-preview:large, max-video-preview:-1\" \/>\n<link rel=\"canonical\" href=\"https:\/\/ascensorescondal.com\/ca\/ascensors-cornella-de-llobregat\/\" \/>\n<meta property=\"og:locale\" content=\"ca_ES\" \/>\n<meta property=\"og:type\" content=\"article\" \/>\n<meta property=\"og:title\" content=\"Ascensors Cornella de Llobregat. Manteniment elevador\" \/>\n<meta property=\"og:description\" content=\"ASCENSORS EURO CONDAL. Elevador Cornell\u00e0 de Llogregat. Empresa experta en el manteniment i instal\u00b7laci\u00f3 d&#039;ascensors a Cornell\u00e0\" \/>\n<meta property=\"og:url\" content=\"https:\/\/ascensorescondal.com\/ca\/ascensors-cornella-de-llobregat\/\" \/>\n<meta property=\"article:modified_time\" content=\"2024-04-05T12:08:34+00:00\" \/>\n<meta name=\"twitter:card\" content=\"summary_large_image\" \/>\n<meta name=\"twitter:label1\" content=\"Temps estimat de lectura\" \/>\n\t<meta name=\"twitter:data1\" content=\"1 minut\" \/>\n<script type=\"application\/ld+json\" class=\"yoast-schema-graph\">{\"@context\":\"https:\/\/schema.org\",\"@graph\":[{\"@type\":\"WebPage\",\"@id\":\"https:\/\/ascensorescondal.com\/ca\/ascensors-cornella-de-llobregat\/\",\"url\":\"https:\/\/ascensorescondal.com\/ca\/ascensors-cornella-de-llobregat\/\",\"name\":\"Ascensors Cornella de Llobregat. Manteniment elevador\",\"isPartOf\":{\"@id\":\"https:\/\/ascensorescondal.com\/ca\/#website\"},\"datePublished\":\"2016-10-04T14:27:56+00:00\",\"dateModified\":\"2024-04-05T12:08:34+00:00\",\"description\":\"ASCENSORS EURO CONDAL. Elevador Cornell\u00e0 de Llogregat. Empresa experta en el manteniment i instal\u00b7laci\u00f3 d'ascensors a Cornell\u00e0\",\"breadcrumb\":{\"@id\":\"https:\/\/ascensorescondal.com\/ca\/ascensors-cornella-de-llobregat\/#breadcrumb\"},\"inLanguage\":\"ca\",\"potentialAction\":[{\"@type\":\"ReadAction\",\"target\":[\"https:\/\/ascensorescondal.com\/ca\/ascensors-cornella-de-llobregat\/\"]}]},{\"@type\":\"BreadcrumbList\",\"@id\":\"https:\/\/ascensorescondal.com\/ca\/ascensors-cornella-de-llobregat\/#breadcrumb\",\"itemListElement\":[{\"@type\":\"ListItem\",\"position\":1,\"name\":\"Portada\",\"item\":\"https:\/\/ascensorescondal.com\/ca\/\"},{\"@type\":\"ListItem\",\"position\":2,\"name\":\"Ascensores Cornella de Llobregat\"}]},{\"@type\":\"WebSite\",\"@id\":\"https:\/\/ascensorescondal.com\/ca\/#website\",\"url\":\"https:\/\/ascensorescondal.com\/ca\/\",\"name\":\"\",\"description\":\"\",\"potentialAction\":[{\"@type\":\"SearchAction\",\"target\":{\"@type\":\"EntryPoint\",\"urlTemplate\":\"https:\/\/ascensorescondal.com\/ca\/?s={search_term_string}\"},\"query-input\":{\"@type\":\"PropertyValueSpecification\",\"valueRequired\":true,\"valueName\":\"search_term_string\"}}],\"inLanguage\":\"ca\"}]}<\/script>\n<!-- \/ Yoast SEO plugin. -->","yoast_head_json":{"title":"Ascensors Cornella de Llobregat. Manteniment elevador","description":"ASCENSORS EURO CONDAL. Elevador Cornell\u00e0 de Llogregat. Empresa experta en el manteniment i instal\u00b7laci\u00f3 d'ascensors a Cornell\u00e0","robots":{"index":"index","follow":"follow","max-snippet":"max-snippet:-1","max-image-preview":"max-image-preview:large","max-video-preview":"max-video-preview:-1"},"canonical":"https:\/\/ascensorescondal.com\/ca\/ascensors-cornella-de-llobregat\/","og_locale":"ca_ES","og_type":"article","og_title":"Ascensors Cornella de Llobregat. Manteniment elevador","og_description":"ASCENSORS EURO CONDAL. Elevador Cornell\u00e0 de Llogregat. Empresa experta en el manteniment i instal\u00b7laci\u00f3 d'ascensors a Cornell\u00e0","og_url":"https:\/\/ascensorescondal.com\/ca\/ascensors-cornella-de-llobregat\/","article_modified_time":"2024-04-05T12:08:34+00:00","twitter_card":"summary_large_image","twitter_misc":{"Temps estimat de lectura":"1 minut"},"schema":{"@context":"https:\/\/schema.org","@graph":[{"@type":"WebPage","@id":"https:\/\/ascensorescondal.com\/ca\/ascensors-cornella-de-llobregat\/","url":"https:\/\/ascensorescondal.com\/ca\/ascensors-cornella-de-llobregat\/","name":"Ascensors Cornella de Llobregat. Manteniment elevador","isPartOf":{"@id":"https:\/\/ascensorescondal.com\/ca\/#website"},"datePublished":"2016-10-04T14:27:56+00:00","dateModified":"2024-04-05T12:08:34+00:00","description":"ASCENSORS EURO CONDAL. Elevador Cornell\u00e0 de Llogregat. Empresa experta en el manteniment i instal\u00b7laci\u00f3 d'ascensors a Cornell\u00e0","breadcrumb":{"@id":"https:\/\/ascensorescondal.com\/ca\/ascensors-cornella-de-llobregat\/#breadcrumb"},"inLanguage":"ca","potentialAction":[{"@type":"ReadAction","target":["https:\/\/ascensorescondal.com\/ca\/ascensors-cornella-de-llobregat\/"]}]},{"@type":"BreadcrumbList","@id":"https:\/\/ascensorescondal.com\/ca\/ascensors-cornella-de-llobregat\/#breadcrumb","itemListElement":[{"@type":"ListItem","position":1,"name":"Portada","item":"https:\/\/ascensorescondal.com\/ca\/"},{"@type":"ListItem","position":2,"name":"Ascensores Cornella de Llobregat"}]},{"@type":"WebSite","@id":"https:\/\/ascensorescondal.com\/ca\/#website","url":"https:\/\/ascensorescondal.com\/ca\/","name":"","description":"","potentialAction":[{"@type":"SearchAction","target":{"@type":"EntryPoint","urlTemplate":"https:\/\/ascensorescondal.com\/ca\/?s={search_term_string}"},"query-input":{"@type":"PropertyValueSpecification","valueRequired":true,"valueName":"search_term_string"}}],"inLanguage":"ca"}]}},"_links":{"self":[{"href":"https:\/\/ascensorescondal.com\/ca\/wp-json\/wp\/v2\/pages\/771","targetHints":{"allow":["GET"]}}],"collection":[{"href":"https:\/\/ascensorescondal.com\/ca\/wp-json\/wp\/v2\/pages"}],"about":[{"href":"https:\/\/ascensorescondal.com\/ca\/wp-json\/wp\/v2\/types\/page"}],"author":[{"embeddable":true,"href":"https:\/\/ascensorescondal.com\/ca\/wp-json\/wp\/v2\/users\/1"}],"replies":[{"embeddable":true,"href":"https:\/\/ascensorescondal.com\/ca\/wp-json\/wp\/v2\/comments?post=771"}],"version-history":[{"count":1,"href":"https:\/\/ascensorescondal.com\/ca\/wp-json\/wp\/v2\/pages\/771\/revisions"}],"predecessor-version":[{"id":1550,"href":"https:\/\/ascensorescondal.com\/ca\/wp-json\/wp\/v2\/pages\/771\/revisions\/1550"}],"wp:attachment":[{"href":"https:\/\/ascensorescondal.com\/ca\/wp-json\/wp\/v2\/media?parent=771"}],"curies":[{"name":"wp","href":"https:\/\/api.w.org\/{rel}","templated":true}]}}