{"id":770,"date":"2016-10-04T14:08:00","date_gmt":"2016-10-04T14:08:00","guid":{"rendered":"http:\/\/ascensorescondal.com\/newproyect\/?page_id=226"},"modified":"2024-04-05T14:08:10","modified_gmt":"2024-04-05T12:08:10","slug":"ascensors-el-prat-de-llobregat","status":"publish","type":"page","link":"https:\/\/ascensorescondal.com\/ca\/ascensors-el-prat-de-llobregat\/","title":{"rendered":"Ascensores El Prat de Llobregat"},"content":{"rendered":"<h1 class=\"uk-article-title\">Ascensors El Prat de Llobregat<\/h1>\n<p>&nbsp;<\/p>\n<p><img fetchpriority=\"high\" decoding=\"async\" class=\"alignright wp-image-39 size-medium\" src=\"\/wp-content\/uploads\/2016\/05\/DSC_0960-685x1024-201x300.jpg\" alt=\"el prat ascensor\" width=\"201\" height=\"300\" \/>Considerats com la millor empresa dedicada al muntatge i reparaci\u00f3 de ascensor a Mollet del Vall\u00e8s, Ascensors Condal continua el seu comprom\u00eds per facilitar i millorar la qualitat de vida de les persones.<\/p>\n<p>Per aix\u00f2 la cobertura que adquirir\u00e0 contractant els nostres serveis \u00e9s la m\u00e9s \u00e0mplia del mercat. Nom\u00e9s aix\u00f2 ens permet adaptar-nos millor a les diferents necessitats de cada client, proporcionant un servei personalitzat. Disposem de tot tipus de m\u00e0quines elevadores i els nostres treballadors es desenvolupen amb soltesa en tot tipus de construccions, des de vivendes antigues fins a nova construcci\u00f3. A m\u00e9s, treballem a tota la prov\u00edncia de Barcelona, donant servei a ciutats i municipis com el Prat de Llobregat o Sitges.<\/p>\n<p>Amb <strong>Ascensors Condal<\/strong> gaudireu dels millors preus del mercat assegurant la millor qualitat possible en el resultat final, on vost\u00e8 ser\u00e0 el que decideixi amb el nostre assessorament, quin pressupost \u00e9s el que millor s&#8217;adapta a la seva situaci\u00f3.<\/p>\n<p>Si voleu un servei d&#8217;instal\u00b7laci\u00f3 i manteniment d&#8217;elevadors que destaqui per la qualitat, la seguretat i els millors preus, som l&#8217;empresa indicada.<\/p>\n","protected":false},"excerpt":{"rendered":"<p>Ascensors El Prat de Llobregat &nbsp; Considerats com la millor empresa dedicada al muntatge i reparaci\u00f3 de ascensor a Mollet del Vall\u00e8s, Ascensors Condal continua el seu comprom\u00eds per facilitar i millorar la qualitat de vida de les persones. Per aix\u00f2 la cobertura que adquirir\u00e0 contractant els nostres serveis \u00e9s la m\u00e9s \u00e0mplia del mercat. &hellip;<\/p>\n<p class=\"read-more\"> <a class=\"\" href=\"https:\/\/ascensorescondal.com\/ca\/ascensors-el-prat-de-llobregat\/\"> <span class=\"screen-reader-text\">Ascensores El Prat de Llobregat<\/span> Llegeix m\u00e9s &raquo;<\/a><\/p>\n","protected":false},"author":1,"featured_media":0,"parent":0,"menu_order":0,"comment_status":"closed","ping_status":"closed","template":"","meta":{"site-sidebar-layout":"default","site-content-layout":"","ast-site-content-layout":"default","site-content-style":"default","site-sidebar-style":"default","ast-global-header-display":"","ast-banner-title-visibility":"","ast-main-header-display":"","ast-hfb-above-header-display":"","ast-hfb-below-header-display":"","ast-hfb-mobile-header-display":"","site-post-title":"","ast-breadcrumbs-content":"","ast-featured-img":"","footer-sml-layout":"","theme-transparent-header-meta":"default","adv-header-id-meta":"","stick-header-meta":"","header-above-stick-meta":"","header-main-stick-meta":"","header-below-stick-meta":"","astra-migrate-meta-layouts":"set","footnotes":""},"class_list":["post-770","page","type-page","status-publish","hentry"],"yoast_head":"<!-- This site is optimized with the Yoast SEO plugin v26.0 - https:\/\/yoast.com\/wordpress\/plugins\/seo\/ -->\n<title>Ascensors El Prat de Llobregat. Manteniment ascensors<\/title>\n<meta name=\"description\" content=\"ASCENSORS EURO CONDAL. Elevadors. Manteniment i instal\u00b7laci\u00f3 d&#039;ascensors a preu barat a El Prat de Llobregat\" \/>\n<meta name=\"robots\" content=\"index, follow, max-snippet:-1, max-image-preview:large, max-video-preview:-1\" \/>\n<link rel=\"canonical\" href=\"https:\/\/ascensorescondal.com\/ca\/ascensors-el-prat-de-llobregat\/\" \/>\n<meta property=\"og:locale\" content=\"ca_ES\" \/>\n<meta property=\"og:type\" content=\"article\" \/>\n<meta property=\"og:title\" content=\"Ascensors El Prat de Llobregat. Manteniment ascensors\" \/>\n<meta property=\"og:description\" content=\"ASCENSORS EURO CONDAL. Elevadors. Manteniment i instal\u00b7laci\u00f3 d&#039;ascensors a preu barat a El Prat de Llobregat\" \/>\n<meta property=\"og:url\" content=\"https:\/\/ascensorescondal.com\/ca\/ascensors-el-prat-de-llobregat\/\" \/>\n<meta property=\"article:modified_time\" content=\"2024-04-05T12:08:10+00:00\" \/>\n<meta name=\"twitter:card\" content=\"summary_large_image\" \/>\n<meta name=\"twitter:label1\" content=\"Temps estimat de lectura\" \/>\n\t<meta name=\"twitter:data1\" content=\"2 minuts\" \/>\n<script type=\"application\/ld+json\" class=\"yoast-schema-graph\">{\"@context\":\"https:\/\/schema.org\",\"@graph\":[{\"@type\":\"WebPage\",\"@id\":\"https:\/\/ascensorescondal.com\/ca\/ascensors-el-prat-de-llobregat\/\",\"url\":\"https:\/\/ascensorescondal.com\/ca\/ascensors-el-prat-de-llobregat\/\",\"name\":\"Ascensors El Prat de Llobregat. Manteniment ascensors\",\"isPartOf\":{\"@id\":\"https:\/\/ascensorescondal.com\/ca\/#website\"},\"datePublished\":\"2016-10-04T14:08:00+00:00\",\"dateModified\":\"2024-04-05T12:08:10+00:00\",\"description\":\"ASCENSORS EURO CONDAL. Elevadors. Manteniment i instal\u00b7laci\u00f3 d'ascensors a preu barat a El Prat de Llobregat\",\"breadcrumb\":{\"@id\":\"https:\/\/ascensorescondal.com\/ca\/ascensors-el-prat-de-llobregat\/#breadcrumb\"},\"inLanguage\":\"ca\",\"potentialAction\":[{\"@type\":\"ReadAction\",\"target\":[\"https:\/\/ascensorescondal.com\/ca\/ascensors-el-prat-de-llobregat\/\"]}]},{\"@type\":\"BreadcrumbList\",\"@id\":\"https:\/\/ascensorescondal.com\/ca\/ascensors-el-prat-de-llobregat\/#breadcrumb\",\"itemListElement\":[{\"@type\":\"ListItem\",\"position\":1,\"name\":\"Portada\",\"item\":\"https:\/\/ascensorescondal.com\/ca\/\"},{\"@type\":\"ListItem\",\"position\":2,\"name\":\"Ascensores El Prat de Llobregat\"}]},{\"@type\":\"WebSite\",\"@id\":\"https:\/\/ascensorescondal.com\/ca\/#website\",\"url\":\"https:\/\/ascensorescondal.com\/ca\/\",\"name\":\"\",\"description\":\"\",\"potentialAction\":[{\"@type\":\"SearchAction\",\"target\":{\"@type\":\"EntryPoint\",\"urlTemplate\":\"https:\/\/ascensorescondal.com\/ca\/?s={search_term_string}\"},\"query-input\":{\"@type\":\"PropertyValueSpecification\",\"valueRequired\":true,\"valueName\":\"search_term_string\"}}],\"inLanguage\":\"ca\"}]}<\/script>\n<!-- \/ Yoast SEO plugin. -->","yoast_head_json":{"title":"Ascensors El Prat de Llobregat. Manteniment ascensors","description":"ASCENSORS EURO CONDAL. Elevadors. Manteniment i instal\u00b7laci\u00f3 d'ascensors a preu barat a El Prat de Llobregat","robots":{"index":"index","follow":"follow","max-snippet":"max-snippet:-1","max-image-preview":"max-image-preview:large","max-video-preview":"max-video-preview:-1"},"canonical":"https:\/\/ascensorescondal.com\/ca\/ascensors-el-prat-de-llobregat\/","og_locale":"ca_ES","og_type":"article","og_title":"Ascensors El Prat de Llobregat. Manteniment ascensors","og_description":"ASCENSORS EURO CONDAL. Elevadors. Manteniment i instal\u00b7laci\u00f3 d'ascensors a preu barat a El Prat de Llobregat","og_url":"https:\/\/ascensorescondal.com\/ca\/ascensors-el-prat-de-llobregat\/","article_modified_time":"2024-04-05T12:08:10+00:00","twitter_card":"summary_large_image","twitter_misc":{"Temps estimat de lectura":"2 minuts"},"schema":{"@context":"https:\/\/schema.org","@graph":[{"@type":"WebPage","@id":"https:\/\/ascensorescondal.com\/ca\/ascensors-el-prat-de-llobregat\/","url":"https:\/\/ascensorescondal.com\/ca\/ascensors-el-prat-de-llobregat\/","name":"Ascensors El Prat de Llobregat. Manteniment ascensors","isPartOf":{"@id":"https:\/\/ascensorescondal.com\/ca\/#website"},"datePublished":"2016-10-04T14:08:00+00:00","dateModified":"2024-04-05T12:08:10+00:00","description":"ASCENSORS EURO CONDAL. Elevadors. Manteniment i instal\u00b7laci\u00f3 d'ascensors a preu barat a El Prat de Llobregat","breadcrumb":{"@id":"https:\/\/ascensorescondal.com\/ca\/ascensors-el-prat-de-llobregat\/#breadcrumb"},"inLanguage":"ca","potentialAction":[{"@type":"ReadAction","target":["https:\/\/ascensorescondal.com\/ca\/ascensors-el-prat-de-llobregat\/"]}]},{"@type":"BreadcrumbList","@id":"https:\/\/ascensorescondal.com\/ca\/ascensors-el-prat-de-llobregat\/#breadcrumb","itemListElement":[{"@type":"ListItem","position":1,"name":"Portada","item":"https:\/\/ascensorescondal.com\/ca\/"},{"@type":"ListItem","position":2,"name":"Ascensores El Prat de Llobregat"}]},{"@type":"WebSite","@id":"https:\/\/ascensorescondal.com\/ca\/#website","url":"https:\/\/ascensorescondal.com\/ca\/","name":"","description":"","potentialAction":[{"@type":"SearchAction","target":{"@type":"EntryPoint","urlTemplate":"https:\/\/ascensorescondal.com\/ca\/?s={search_term_string}"},"query-input":{"@type":"PropertyValueSpecification","valueRequired":true,"valueName":"search_term_string"}}],"inLanguage":"ca"}]}},"_links":{"self":[{"href":"https:\/\/ascensorescondal.com\/ca\/wp-json\/wp\/v2\/pages\/770","targetHints":{"allow":["GET"]}}],"collection":[{"href":"https:\/\/ascensorescondal.com\/ca\/wp-json\/wp\/v2\/pages"}],"about":[{"href":"https:\/\/ascensorescondal.com\/ca\/wp-json\/wp\/v2\/types\/page"}],"author":[{"embeddable":true,"href":"https:\/\/ascensorescondal.com\/ca\/wp-json\/wp\/v2\/users\/1"}],"replies":[{"embeddable":true,"href":"https:\/\/ascensorescondal.com\/ca\/wp-json\/wp\/v2\/comments?post=770"}],"version-history":[{"count":1,"href":"https:\/\/ascensorescondal.com\/ca\/wp-json\/wp\/v2\/pages\/770\/revisions"}],"predecessor-version":[{"id":1549,"href":"https:\/\/ascensorescondal.com\/ca\/wp-json\/wp\/v2\/pages\/770\/revisions\/1549"}],"wp:attachment":[{"href":"https:\/\/ascensorescondal.com\/ca\/wp-json\/wp\/v2\/media?parent=770"}],"curies":[{"name":"wp","href":"https:\/\/api.w.org\/{rel}","templated":true}]}}