{"id":769,"date":"2016-10-04T14:05:45","date_gmt":"2016-10-04T14:05:45","guid":{"rendered":"http:\/\/ascensorescondal.com\/newproyect\/?page_id=224"},"modified":"2024-04-05T14:07:47","modified_gmt":"2024-04-05T12:07:47","slug":"ascensors-sant-boi-de-llobregat","status":"publish","type":"page","link":"https:\/\/ascensorescondal.com\/ca\/ascensors-sant-boi-de-llobregat\/","title":{"rendered":"Ascensores Sant Boi de Llobregat"},"content":{"rendered":"<h1 class=\"uk-article-title\">Ascensors Sant Boi de Llobregat<\/h1>\n<p><img fetchpriority=\"high\" decoding=\"async\" class=\"alignright wp-image-39 size-medium\" src=\"\/wp-content\/uploads\/2016\/05\/DSC_0960-685x1024-201x300.jpg\" alt=\"ascensor sant boi\" width=\"201\" height=\"300\" \/>Donant servei a Sant Boi de Llobregat i tota la prov\u00edncia de Barcelona, Ascensors Condal s&#8217;ha guanyat la confian\u00e7a de centenars de clients gr\u00e0cies a la nostra feina i dedicaci\u00f3 constant a fer m\u00e9s f\u00e0cil la vida de les persones, millorant la funcionalitat i mobilitat en tot tipus dhabitatges i construccions.<\/p>\n<p>Amb <strong>Ascensors Comtal<\/strong> rebr\u00e0 assessorament complet sobre la instal\u00b7laci\u00f3 de qualsevol model d&#8217;elevador al seu lloc de resid\u00e8ncia, sigui quin sigui el tipus, ja sigui habitatge hist\u00f2ric o d&#8217;obra nova. I \u00e9s que despr\u00e9s d&#8217;anys de treball al sector, l&#8217;experi\u00e8ncia ens ha ajudat a adaptar-nos a qualsevol tipus de projecte, assegurant sempre els nivells m\u00e9s alts de qualitat i seguretat per a l&#8217;usuari final.<\/p>\n<p>Si, per contra, ja dispos\u00e9s d&#8217;ascensor, tamb\u00e9 disposem de <strong>servei de conservaci\u00f3 i modernitzaci\u00f3<\/strong> de mans dels nostres professionals. A m\u00e9s, per a tots els nostres serveis garantim els millors preus del mercat. Truqui&#8217;ns per obtenir m\u00e9s informaci\u00f3.<\/p>\n","protected":false},"excerpt":{"rendered":"<p>Ascensors Sant Boi de Llobregat Donant servei a Sant Boi de Llobregat i tota la prov\u00edncia de Barcelona, Ascensors Condal s&#8217;ha guanyat la confian\u00e7a de centenars de clients gr\u00e0cies a la nostra feina i dedicaci\u00f3 constant a fer m\u00e9s f\u00e0cil la vida de les persones, millorant la funcionalitat i mobilitat en tot tipus dhabitatges i &hellip;<\/p>\n<p class=\"read-more\"> <a class=\"\" href=\"https:\/\/ascensorescondal.com\/ca\/ascensors-sant-boi-de-llobregat\/\"> <span class=\"screen-reader-text\">Ascensores Sant Boi de Llobregat<\/span> Llegeix m\u00e9s &raquo;<\/a><\/p>\n","protected":false},"author":1,"featured_media":0,"parent":0,"menu_order":0,"comment_status":"closed","ping_status":"closed","template":"","meta":{"site-sidebar-layout":"default","site-content-layout":"","ast-site-content-layout":"default","site-content-style":"default","site-sidebar-style":"default","ast-global-header-display":"","ast-banner-title-visibility":"","ast-main-header-display":"","ast-hfb-above-header-display":"","ast-hfb-below-header-display":"","ast-hfb-mobile-header-display":"","site-post-title":"","ast-breadcrumbs-content":"","ast-featured-img":"","footer-sml-layout":"","theme-transparent-header-meta":"default","adv-header-id-meta":"","stick-header-meta":"","header-above-stick-meta":"","header-main-stick-meta":"","header-below-stick-meta":"","astra-migrate-meta-layouts":"set","footnotes":""},"class_list":["post-769","page","type-page","status-publish","hentry"],"yoast_head":"<!-- This site is optimized with the Yoast SEO plugin v26.0 - https:\/\/yoast.com\/wordpress\/plugins\/seo\/ -->\n<title>Ascensors Sant Boi de Llobregat. Manteniment elevador<\/title>\n<meta name=\"description\" content=\"ASCENSORS EURO CONDAL. Ascensor. Grup de professionals en la modernitzaci\u00f3 i manteniment d&#039;elevadors a Sant Boi de Llobregat\" \/>\n<meta name=\"robots\" content=\"index, follow, max-snippet:-1, max-image-preview:large, max-video-preview:-1\" \/>\n<link rel=\"canonical\" href=\"https:\/\/ascensorescondal.com\/ca\/ascensors-sant-boi-de-llobregat\/\" \/>\n<meta property=\"og:locale\" content=\"ca_ES\" \/>\n<meta property=\"og:type\" content=\"article\" \/>\n<meta property=\"og:title\" content=\"Ascensors Sant Boi de Llobregat. Manteniment elevador\" \/>\n<meta property=\"og:description\" content=\"ASCENSORS EURO CONDAL. Ascensor. Grup de professionals en la modernitzaci\u00f3 i manteniment d&#039;elevadors a Sant Boi de Llobregat\" \/>\n<meta property=\"og:url\" content=\"https:\/\/ascensorescondal.com\/ca\/ascensors-sant-boi-de-llobregat\/\" \/>\n<meta property=\"article:modified_time\" content=\"2024-04-05T12:07:47+00:00\" \/>\n<meta name=\"twitter:card\" content=\"summary_large_image\" \/>\n<meta name=\"twitter:label1\" content=\"Temps estimat de lectura\" \/>\n\t<meta name=\"twitter:data1\" content=\"1 minut\" \/>\n<script type=\"application\/ld+json\" class=\"yoast-schema-graph\">{\"@context\":\"https:\/\/schema.org\",\"@graph\":[{\"@type\":\"WebPage\",\"@id\":\"https:\/\/ascensorescondal.com\/ca\/ascensors-sant-boi-de-llobregat\/\",\"url\":\"https:\/\/ascensorescondal.com\/ca\/ascensors-sant-boi-de-llobregat\/\",\"name\":\"Ascensors Sant Boi de Llobregat. Manteniment elevador\",\"isPartOf\":{\"@id\":\"https:\/\/ascensorescondal.com\/ca\/#website\"},\"datePublished\":\"2016-10-04T14:05:45+00:00\",\"dateModified\":\"2024-04-05T12:07:47+00:00\",\"description\":\"ASCENSORS EURO CONDAL. Ascensor. Grup de professionals en la modernitzaci\u00f3 i manteniment d'elevadors a Sant Boi de Llobregat\",\"breadcrumb\":{\"@id\":\"https:\/\/ascensorescondal.com\/ca\/ascensors-sant-boi-de-llobregat\/#breadcrumb\"},\"inLanguage\":\"ca\",\"potentialAction\":[{\"@type\":\"ReadAction\",\"target\":[\"https:\/\/ascensorescondal.com\/ca\/ascensors-sant-boi-de-llobregat\/\"]}]},{\"@type\":\"BreadcrumbList\",\"@id\":\"https:\/\/ascensorescondal.com\/ca\/ascensors-sant-boi-de-llobregat\/#breadcrumb\",\"itemListElement\":[{\"@type\":\"ListItem\",\"position\":1,\"name\":\"Portada\",\"item\":\"https:\/\/ascensorescondal.com\/ca\/\"},{\"@type\":\"ListItem\",\"position\":2,\"name\":\"Ascensores Sant Boi de Llobregat\"}]},{\"@type\":\"WebSite\",\"@id\":\"https:\/\/ascensorescondal.com\/ca\/#website\",\"url\":\"https:\/\/ascensorescondal.com\/ca\/\",\"name\":\"\",\"description\":\"\",\"potentialAction\":[{\"@type\":\"SearchAction\",\"target\":{\"@type\":\"EntryPoint\",\"urlTemplate\":\"https:\/\/ascensorescondal.com\/ca\/?s={search_term_string}\"},\"query-input\":{\"@type\":\"PropertyValueSpecification\",\"valueRequired\":true,\"valueName\":\"search_term_string\"}}],\"inLanguage\":\"ca\"}]}<\/script>\n<!-- \/ Yoast SEO plugin. -->","yoast_head_json":{"title":"Ascensors Sant Boi de Llobregat. Manteniment elevador","description":"ASCENSORS EURO CONDAL. Ascensor. Grup de professionals en la modernitzaci\u00f3 i manteniment d'elevadors a Sant Boi de Llobregat","robots":{"index":"index","follow":"follow","max-snippet":"max-snippet:-1","max-image-preview":"max-image-preview:large","max-video-preview":"max-video-preview:-1"},"canonical":"https:\/\/ascensorescondal.com\/ca\/ascensors-sant-boi-de-llobregat\/","og_locale":"ca_ES","og_type":"article","og_title":"Ascensors Sant Boi de Llobregat. Manteniment elevador","og_description":"ASCENSORS EURO CONDAL. Ascensor. Grup de professionals en la modernitzaci\u00f3 i manteniment d'elevadors a Sant Boi de Llobregat","og_url":"https:\/\/ascensorescondal.com\/ca\/ascensors-sant-boi-de-llobregat\/","article_modified_time":"2024-04-05T12:07:47+00:00","twitter_card":"summary_large_image","twitter_misc":{"Temps estimat de lectura":"1 minut"},"schema":{"@context":"https:\/\/schema.org","@graph":[{"@type":"WebPage","@id":"https:\/\/ascensorescondal.com\/ca\/ascensors-sant-boi-de-llobregat\/","url":"https:\/\/ascensorescondal.com\/ca\/ascensors-sant-boi-de-llobregat\/","name":"Ascensors Sant Boi de Llobregat. Manteniment elevador","isPartOf":{"@id":"https:\/\/ascensorescondal.com\/ca\/#website"},"datePublished":"2016-10-04T14:05:45+00:00","dateModified":"2024-04-05T12:07:47+00:00","description":"ASCENSORS EURO CONDAL. Ascensor. Grup de professionals en la modernitzaci\u00f3 i manteniment d'elevadors a Sant Boi de Llobregat","breadcrumb":{"@id":"https:\/\/ascensorescondal.com\/ca\/ascensors-sant-boi-de-llobregat\/#breadcrumb"},"inLanguage":"ca","potentialAction":[{"@type":"ReadAction","target":["https:\/\/ascensorescondal.com\/ca\/ascensors-sant-boi-de-llobregat\/"]}]},{"@type":"BreadcrumbList","@id":"https:\/\/ascensorescondal.com\/ca\/ascensors-sant-boi-de-llobregat\/#breadcrumb","itemListElement":[{"@type":"ListItem","position":1,"name":"Portada","item":"https:\/\/ascensorescondal.com\/ca\/"},{"@type":"ListItem","position":2,"name":"Ascensores Sant Boi de Llobregat"}]},{"@type":"WebSite","@id":"https:\/\/ascensorescondal.com\/ca\/#website","url":"https:\/\/ascensorescondal.com\/ca\/","name":"","description":"","potentialAction":[{"@type":"SearchAction","target":{"@type":"EntryPoint","urlTemplate":"https:\/\/ascensorescondal.com\/ca\/?s={search_term_string}"},"query-input":{"@type":"PropertyValueSpecification","valueRequired":true,"valueName":"search_term_string"}}],"inLanguage":"ca"}]}},"_links":{"self":[{"href":"https:\/\/ascensorescondal.com\/ca\/wp-json\/wp\/v2\/pages\/769","targetHints":{"allow":["GET"]}}],"collection":[{"href":"https:\/\/ascensorescondal.com\/ca\/wp-json\/wp\/v2\/pages"}],"about":[{"href":"https:\/\/ascensorescondal.com\/ca\/wp-json\/wp\/v2\/types\/page"}],"author":[{"embeddable":true,"href":"https:\/\/ascensorescondal.com\/ca\/wp-json\/wp\/v2\/users\/1"}],"replies":[{"embeddable":true,"href":"https:\/\/ascensorescondal.com\/ca\/wp-json\/wp\/v2\/comments?post=769"}],"version-history":[{"count":1,"href":"https:\/\/ascensorescondal.com\/ca\/wp-json\/wp\/v2\/pages\/769\/revisions"}],"predecessor-version":[{"id":1548,"href":"https:\/\/ascensorescondal.com\/ca\/wp-json\/wp\/v2\/pages\/769\/revisions\/1548"}],"wp:attachment":[{"href":"https:\/\/ascensorescondal.com\/ca\/wp-json\/wp\/v2\/media?parent=769"}],"curies":[{"name":"wp","href":"https:\/\/api.w.org\/{rel}","templated":true}]}}