{"id":764,"date":"2016-10-04T11:31:00","date_gmt":"2016-10-04T11:31:00","guid":{"rendered":"http:\/\/ascensorescondal.com\/newproyect\/?page_id=214"},"modified":"2025-10-03T09:19:49","modified_gmt":"2025-10-03T07:19:49","slug":"ascensors-esparreguera","status":"publish","type":"page","link":"https:\/\/ascensorescondal.com\/ca\/ascensors-esparreguera\/","title":{"rendered":"Ascensores Esparreguera"},"content":{"rendered":"<h1 class=\"uk-article-title\">Ascensors Esparreguera<\/h1>\n<p><img decoding=\"async\" class=\"alignright wp-image-39 size-medium\" src=\"\/wp-content\/uploads\/2016\/05\/DSC_0960-685x1024-201x300.jpg\" alt=\"ascensors esparraguera\" width=\"201\" height=\"\" \/>Si necessiteu millorar la mobilitat i comunicaci\u00f3 del vostre habitatge, gaudir de m\u00e9s llibertat i qualitat de vida, a Ascensors Condal ens encarreguem de la instal\u00b7laci\u00f3 d&#8217;elevadors a Gav\u00e0, Esparreguera, Martorell i tota la prov\u00edncia de Barcelona. Amb m\u00e9s de 10 anys de treball al sector i despr\u00e9s d&#8217;haver realitzat innombrables serveis, coneixem els principals problemes a qu\u00e8 s&#8217;enfronten els nostres clients davant aquest tipus d&#8217;obres, per la qual cosa comptem amb multitud de solucions amb qu\u00e8 donar resposta a totes i cadascuna de les necessitats dels nostres usuaris.<\/p>\n<p>Poseu-vos en mans dels nostres assessors per a la contractaci\u00f3 dels nostres serveis d&#8217;instal\u00b7laci\u00f3 d&#8217;elevadors, aix\u00ed com dels nostres millors professionals per a la modernitzaci\u00f3, revisi\u00f3 o rehabilitaci\u00f3 del vostre ascensor si ja en disposes. <strong>La nostra cobertura de serveis \u00e9s total<\/strong>.<\/p>\n<p>A m\u00e9s, si us preocupa el cost que requereix qualsevol dels serveis que oferim, a Ascensors Condal <strong>la satisfacci\u00f3 del client \u00e9s el nostre objectiu primordial<\/strong>, per aix\u00f2 garantim tenir la millor relaci\u00f3 qualitat-preu del mercat. Contacteu amb nosaltres per obtenir m\u00e9s informaci\u00f3.<\/p>\n","protected":false},"excerpt":{"rendered":"<p>Ascensors Esparreguera Si necessiteu millorar la mobilitat i comunicaci\u00f3 del vostre habitatge, gaudir de m\u00e9s llibertat i qualitat de vida, a Ascensors Condal ens encarreguem de la instal\u00b7laci\u00f3 d&#8217;elevadors a Gav\u00e0, Esparreguera, Martorell i tota la prov\u00edncia de Barcelona. Amb m\u00e9s de 10 anys de treball al sector i despr\u00e9s d&#8217;haver realitzat innombrables serveis, coneixem &hellip;<\/p>\n<p class=\"read-more\"> <a class=\"\" href=\"https:\/\/ascensorescondal.com\/ca\/ascensors-esparreguera\/\"> <span class=\"screen-reader-text\">Ascensores Esparreguera<\/span> Llegeix m\u00e9s &raquo;<\/a><\/p>\n","protected":false},"author":1,"featured_media":0,"parent":0,"menu_order":0,"comment_status":"closed","ping_status":"closed","template":"","meta":{"site-sidebar-layout":"default","site-content-layout":"","ast-site-content-layout":"default","site-content-style":"default","site-sidebar-style":"default","ast-global-header-display":"","ast-banner-title-visibility":"","ast-main-header-display":"","ast-hfb-above-header-display":"","ast-hfb-below-header-display":"","ast-hfb-mobile-header-display":"","site-post-title":"","ast-breadcrumbs-content":"","ast-featured-img":"","footer-sml-layout":"","theme-transparent-header-meta":"default","adv-header-id-meta":"","stick-header-meta":"","header-above-stick-meta":"","header-main-stick-meta":"","header-below-stick-meta":"","astra-migrate-meta-layouts":"set","footnotes":""},"class_list":["post-764","page","type-page","status-publish","hentry"],"yoast_head":"<!-- This site is optimized with the Yoast SEO plugin v26.0 - https:\/\/yoast.com\/wordpress\/plugins\/seo\/ -->\n<title>Ascensors Esparreguera. Manteniment ascensor<\/title>\n<meta name=\"description\" content=\"ASCENSORS EURO CONDAL. Elevador. Grup de professionals en la conservaci\u00f3, modernitzaci\u00f3 i manteniment d&#039;ascensors a Esparreguera\" \/>\n<meta name=\"robots\" content=\"index, follow, max-snippet:-1, max-image-preview:large, max-video-preview:-1\" \/>\n<link rel=\"canonical\" href=\"https:\/\/ascensorescondal.com\/ca\/ascensors-esparreguera\/\" \/>\n<meta property=\"og:locale\" content=\"ca_ES\" \/>\n<meta property=\"og:type\" content=\"article\" \/>\n<meta property=\"og:title\" content=\"Ascensors Esparreguera. Manteniment ascensor\" \/>\n<meta property=\"og:description\" content=\"ASCENSORS EURO CONDAL. Elevador. Grup de professionals en la conservaci\u00f3, modernitzaci\u00f3 i manteniment d&#039;ascensors a Esparreguera\" \/>\n<meta property=\"og:url\" content=\"https:\/\/ascensorescondal.com\/ca\/ascensors-esparreguera\/\" \/>\n<meta property=\"article:modified_time\" content=\"2025-10-03T07:19:49+00:00\" \/>\n<meta name=\"twitter:card\" content=\"summary_large_image\" \/>\n<meta name=\"twitter:label1\" content=\"Temps estimat de lectura\" \/>\n\t<meta name=\"twitter:data1\" content=\"2 minuts\" \/>\n<script type=\"application\/ld+json\" class=\"yoast-schema-graph\">{\"@context\":\"https:\/\/schema.org\",\"@graph\":[{\"@type\":\"WebPage\",\"@id\":\"https:\/\/ascensorescondal.com\/ca\/ascensors-esparreguera\/\",\"url\":\"https:\/\/ascensorescondal.com\/ca\/ascensors-esparreguera\/\",\"name\":\"Ascensors Esparreguera. Manteniment ascensor\",\"isPartOf\":{\"@id\":\"https:\/\/ascensorescondal.com\/ca\/#website\"},\"datePublished\":\"2016-10-04T11:31:00+00:00\",\"dateModified\":\"2025-10-03T07:19:49+00:00\",\"description\":\"ASCENSORS EURO CONDAL. Elevador. Grup de professionals en la conservaci\u00f3, modernitzaci\u00f3 i manteniment d'ascensors a Esparreguera\",\"breadcrumb\":{\"@id\":\"https:\/\/ascensorescondal.com\/ca\/ascensors-esparreguera\/#breadcrumb\"},\"inLanguage\":\"ca\",\"potentialAction\":[{\"@type\":\"ReadAction\",\"target\":[\"https:\/\/ascensorescondal.com\/ca\/ascensors-esparreguera\/\"]}]},{\"@type\":\"BreadcrumbList\",\"@id\":\"https:\/\/ascensorescondal.com\/ca\/ascensors-esparreguera\/#breadcrumb\",\"itemListElement\":[{\"@type\":\"ListItem\",\"position\":1,\"name\":\"Portada\",\"item\":\"https:\/\/ascensorescondal.com\/ca\/\"},{\"@type\":\"ListItem\",\"position\":2,\"name\":\"Ascensores Esparreguera\"}]},{\"@type\":\"WebSite\",\"@id\":\"https:\/\/ascensorescondal.com\/ca\/#website\",\"url\":\"https:\/\/ascensorescondal.com\/ca\/\",\"name\":\"\",\"description\":\"\",\"potentialAction\":[{\"@type\":\"SearchAction\",\"target\":{\"@type\":\"EntryPoint\",\"urlTemplate\":\"https:\/\/ascensorescondal.com\/ca\/?s={search_term_string}\"},\"query-input\":{\"@type\":\"PropertyValueSpecification\",\"valueRequired\":true,\"valueName\":\"search_term_string\"}}],\"inLanguage\":\"ca\"}]}<\/script>\n<!-- \/ Yoast SEO plugin. -->","yoast_head_json":{"title":"Ascensors Esparreguera. Manteniment ascensor","description":"ASCENSORS EURO CONDAL. Elevador. Grup de professionals en la conservaci\u00f3, modernitzaci\u00f3 i manteniment d'ascensors a Esparreguera","robots":{"index":"index","follow":"follow","max-snippet":"max-snippet:-1","max-image-preview":"max-image-preview:large","max-video-preview":"max-video-preview:-1"},"canonical":"https:\/\/ascensorescondal.com\/ca\/ascensors-esparreguera\/","og_locale":"ca_ES","og_type":"article","og_title":"Ascensors Esparreguera. Manteniment ascensor","og_description":"ASCENSORS EURO CONDAL. Elevador. Grup de professionals en la conservaci\u00f3, modernitzaci\u00f3 i manteniment d'ascensors a Esparreguera","og_url":"https:\/\/ascensorescondal.com\/ca\/ascensors-esparreguera\/","article_modified_time":"2025-10-03T07:19:49+00:00","twitter_card":"summary_large_image","twitter_misc":{"Temps estimat de lectura":"2 minuts"},"schema":{"@context":"https:\/\/schema.org","@graph":[{"@type":"WebPage","@id":"https:\/\/ascensorescondal.com\/ca\/ascensors-esparreguera\/","url":"https:\/\/ascensorescondal.com\/ca\/ascensors-esparreguera\/","name":"Ascensors Esparreguera. Manteniment ascensor","isPartOf":{"@id":"https:\/\/ascensorescondal.com\/ca\/#website"},"datePublished":"2016-10-04T11:31:00+00:00","dateModified":"2025-10-03T07:19:49+00:00","description":"ASCENSORS EURO CONDAL. Elevador. Grup de professionals en la conservaci\u00f3, modernitzaci\u00f3 i manteniment d'ascensors a Esparreguera","breadcrumb":{"@id":"https:\/\/ascensorescondal.com\/ca\/ascensors-esparreguera\/#breadcrumb"},"inLanguage":"ca","potentialAction":[{"@type":"ReadAction","target":["https:\/\/ascensorescondal.com\/ca\/ascensors-esparreguera\/"]}]},{"@type":"BreadcrumbList","@id":"https:\/\/ascensorescondal.com\/ca\/ascensors-esparreguera\/#breadcrumb","itemListElement":[{"@type":"ListItem","position":1,"name":"Portada","item":"https:\/\/ascensorescondal.com\/ca\/"},{"@type":"ListItem","position":2,"name":"Ascensores Esparreguera"}]},{"@type":"WebSite","@id":"https:\/\/ascensorescondal.com\/ca\/#website","url":"https:\/\/ascensorescondal.com\/ca\/","name":"","description":"","potentialAction":[{"@type":"SearchAction","target":{"@type":"EntryPoint","urlTemplate":"https:\/\/ascensorescondal.com\/ca\/?s={search_term_string}"},"query-input":{"@type":"PropertyValueSpecification","valueRequired":true,"valueName":"search_term_string"}}],"inLanguage":"ca"}]}},"_links":{"self":[{"href":"https:\/\/ascensorescondal.com\/ca\/wp-json\/wp\/v2\/pages\/764","targetHints":{"allow":["GET"]}}],"collection":[{"href":"https:\/\/ascensorescondal.com\/ca\/wp-json\/wp\/v2\/pages"}],"about":[{"href":"https:\/\/ascensorescondal.com\/ca\/wp-json\/wp\/v2\/types\/page"}],"author":[{"embeddable":true,"href":"https:\/\/ascensorescondal.com\/ca\/wp-json\/wp\/v2\/users\/1"}],"replies":[{"embeddable":true,"href":"https:\/\/ascensorescondal.com\/ca\/wp-json\/wp\/v2\/comments?post=764"}],"version-history":[{"count":2,"href":"https:\/\/ascensorescondal.com\/ca\/wp-json\/wp\/v2\/pages\/764\/revisions"}],"predecessor-version":[{"id":1696,"href":"https:\/\/ascensorescondal.com\/ca\/wp-json\/wp\/v2\/pages\/764\/revisions\/1696"}],"wp:attachment":[{"href":"https:\/\/ascensorescondal.com\/ca\/wp-json\/wp\/v2\/media?parent=764"}],"curies":[{"name":"wp","href":"https:\/\/api.w.org\/{rel}","templated":true}]}}