{"id":762,"date":"2016-10-04T11:11:21","date_gmt":"2016-10-04T11:11:21","guid":{"rendered":"http:\/\/ascensorescondal.com\/newproyect\/?page_id=210"},"modified":"2024-04-05T13:48:18","modified_gmt":"2024-04-05T11:48:18","slug":"ascensors-martorell","status":"publish","type":"page","link":"https:\/\/ascensorescondal.com\/ca\/ascensors-martorell\/","title":{"rendered":"Ascensores Martorell"},"content":{"rendered":"<h1 class=\"uk-article-title\">Ascensors Martorell<\/h1>\n<p><img fetchpriority=\"high\" decoding=\"async\" class=\"alignright wp-image-39 size-medium\" src=\"\/wp-content\/uploads\/2016\/05\/DSC_0960-685x1024-201x300.jpg\" alt=\"ascensor martorell\" width=\"201\" height=\"300\" \/>Si busca un equip professional que s&#8217;encarregui de la instal\u00b7laci\u00f3 i manteniment de ascensors a Cornell\u00e0, a Ascensors Condal ens fem c\u00e0rrec de tot el proc\u00e9s perqu\u00e8 els nostres clients no es preocupin de res m\u00e9s que contractar els nostres serveis. Estem qualificats per a la realitzaci\u00f3 de tota mena de projectes. Digueu-nos qu\u00e8 voleu i us assessorarem per proporcionar-vos un servei d&#8217;acord amb les vostres necessitats. A m\u00e9s, ens adaptem a les circumst\u00e0ncies que envolten cada projecte, com el l\u00edmit pressupostari o el tipus d&#8217;habitatge en qu\u00e8 es realitzar\u00e0 l&#8217;obra.<\/p>\n<p>Aix\u00f2 nom\u00e9s ha estat possible gr\u00e0cies a l&#8217;experi\u00e8ncia que hem anat recollint al llarg dels anys i que ens ha ajudat a formar-nos com a equip responsable i comprom\u00e8s amb la nostra feina.<\/p>\n<p>Contacteu amb nosaltres, exposeu-nos la vostra situaci\u00f3 i els nostres empleats us realitzaran un pressupost sense cap tipus de comprom\u00eds. <strong>Amb Ascensors Condal, el client sempre tindr\u00e0 l&#8217;\u00faltima paraula.<\/strong><\/p>\n","protected":false},"excerpt":{"rendered":"<p>Ascensors Martorell Si busca un equip professional que s&#8217;encarregui de la instal\u00b7laci\u00f3 i manteniment de ascensors a Cornell\u00e0, a Ascensors Condal ens fem c\u00e0rrec de tot el proc\u00e9s perqu\u00e8 els nostres clients no es preocupin de res m\u00e9s que contractar els nostres serveis. Estem qualificats per a la realitzaci\u00f3 de tota mena de projectes. Digueu-nos &hellip;<\/p>\n<p class=\"read-more\"> <a class=\"\" href=\"https:\/\/ascensorescondal.com\/ca\/ascensors-martorell\/\"> <span class=\"screen-reader-text\">Ascensores Martorell<\/span> Llegeix m\u00e9s &raquo;<\/a><\/p>\n","protected":false},"author":1,"featured_media":0,"parent":0,"menu_order":0,"comment_status":"closed","ping_status":"closed","template":"","meta":{"site-sidebar-layout":"default","site-content-layout":"","ast-site-content-layout":"default","site-content-style":"default","site-sidebar-style":"default","ast-global-header-display":"","ast-banner-title-visibility":"","ast-main-header-display":"","ast-hfb-above-header-display":"","ast-hfb-below-header-display":"","ast-hfb-mobile-header-display":"","site-post-title":"","ast-breadcrumbs-content":"","ast-featured-img":"","footer-sml-layout":"","theme-transparent-header-meta":"default","adv-header-id-meta":"","stick-header-meta":"","header-above-stick-meta":"","header-main-stick-meta":"","header-below-stick-meta":"","astra-migrate-meta-layouts":"set","footnotes":""},"class_list":["post-762","page","type-page","status-publish","hentry"],"yoast_head":"<!-- This site is optimized with the Yoast SEO plugin v26.0 - https:\/\/yoast.com\/wordpress\/plugins\/seo\/ -->\n<title>Empresa ascensors Martorell. Manteniment ascensors<\/title>\n<meta name=\"description\" content=\"ASCENSORS EURO CONDAL. Elevadors Martorell. Empresa experta en el manteniment i la instal\u00b7laci\u00f3 d&#039;ascensors a Martorell\" \/>\n<meta name=\"robots\" content=\"index, follow, max-snippet:-1, max-image-preview:large, max-video-preview:-1\" \/>\n<link rel=\"canonical\" href=\"https:\/\/ascensorescondal.com\/ca\/ascensors-martorell\/\" \/>\n<meta property=\"og:locale\" content=\"ca_ES\" \/>\n<meta property=\"og:type\" content=\"article\" \/>\n<meta property=\"og:title\" content=\"Empresa ascensors Martorell. Manteniment ascensors\" \/>\n<meta property=\"og:description\" content=\"ASCENSORS EURO CONDAL. Elevadors Martorell. Empresa experta en el manteniment i la instal\u00b7laci\u00f3 d&#039;ascensors a Martorell\" \/>\n<meta property=\"og:url\" content=\"https:\/\/ascensorescondal.com\/ca\/ascensors-martorell\/\" \/>\n<meta property=\"article:modified_time\" content=\"2024-04-05T11:48:18+00:00\" \/>\n<meta name=\"twitter:card\" content=\"summary_large_image\" \/>\n<meta name=\"twitter:label1\" content=\"Temps estimat de lectura\" \/>\n\t<meta name=\"twitter:data1\" content=\"1 minut\" \/>\n<script type=\"application\/ld+json\" class=\"yoast-schema-graph\">{\"@context\":\"https:\/\/schema.org\",\"@graph\":[{\"@type\":\"WebPage\",\"@id\":\"https:\/\/ascensorescondal.com\/ca\/ascensors-martorell\/\",\"url\":\"https:\/\/ascensorescondal.com\/ca\/ascensors-martorell\/\",\"name\":\"Empresa ascensors Martorell. Manteniment ascensors\",\"isPartOf\":{\"@id\":\"https:\/\/ascensorescondal.com\/ca\/#website\"},\"datePublished\":\"2016-10-04T11:11:21+00:00\",\"dateModified\":\"2024-04-05T11:48:18+00:00\",\"description\":\"ASCENSORS EURO CONDAL. Elevadors Martorell. Empresa experta en el manteniment i la instal\u00b7laci\u00f3 d'ascensors a Martorell\",\"breadcrumb\":{\"@id\":\"https:\/\/ascensorescondal.com\/ca\/ascensors-martorell\/#breadcrumb\"},\"inLanguage\":\"ca\",\"potentialAction\":[{\"@type\":\"ReadAction\",\"target\":[\"https:\/\/ascensorescondal.com\/ca\/ascensors-martorell\/\"]}]},{\"@type\":\"BreadcrumbList\",\"@id\":\"https:\/\/ascensorescondal.com\/ca\/ascensors-martorell\/#breadcrumb\",\"itemListElement\":[{\"@type\":\"ListItem\",\"position\":1,\"name\":\"Portada\",\"item\":\"https:\/\/ascensorescondal.com\/ca\/\"},{\"@type\":\"ListItem\",\"position\":2,\"name\":\"Ascensores Martorell\"}]},{\"@type\":\"WebSite\",\"@id\":\"https:\/\/ascensorescondal.com\/ca\/#website\",\"url\":\"https:\/\/ascensorescondal.com\/ca\/\",\"name\":\"\",\"description\":\"\",\"potentialAction\":[{\"@type\":\"SearchAction\",\"target\":{\"@type\":\"EntryPoint\",\"urlTemplate\":\"https:\/\/ascensorescondal.com\/ca\/?s={search_term_string}\"},\"query-input\":{\"@type\":\"PropertyValueSpecification\",\"valueRequired\":true,\"valueName\":\"search_term_string\"}}],\"inLanguage\":\"ca\"}]}<\/script>\n<!-- \/ Yoast SEO plugin. -->","yoast_head_json":{"title":"Empresa ascensors Martorell. Manteniment ascensors","description":"ASCENSORS EURO CONDAL. Elevadors Martorell. Empresa experta en el manteniment i la instal\u00b7laci\u00f3 d'ascensors a Martorell","robots":{"index":"index","follow":"follow","max-snippet":"max-snippet:-1","max-image-preview":"max-image-preview:large","max-video-preview":"max-video-preview:-1"},"canonical":"https:\/\/ascensorescondal.com\/ca\/ascensors-martorell\/","og_locale":"ca_ES","og_type":"article","og_title":"Empresa ascensors Martorell. Manteniment ascensors","og_description":"ASCENSORS EURO CONDAL. Elevadors Martorell. Empresa experta en el manteniment i la instal\u00b7laci\u00f3 d'ascensors a Martorell","og_url":"https:\/\/ascensorescondal.com\/ca\/ascensors-martorell\/","article_modified_time":"2024-04-05T11:48:18+00:00","twitter_card":"summary_large_image","twitter_misc":{"Temps estimat de lectura":"1 minut"},"schema":{"@context":"https:\/\/schema.org","@graph":[{"@type":"WebPage","@id":"https:\/\/ascensorescondal.com\/ca\/ascensors-martorell\/","url":"https:\/\/ascensorescondal.com\/ca\/ascensors-martorell\/","name":"Empresa ascensors Martorell. Manteniment ascensors","isPartOf":{"@id":"https:\/\/ascensorescondal.com\/ca\/#website"},"datePublished":"2016-10-04T11:11:21+00:00","dateModified":"2024-04-05T11:48:18+00:00","description":"ASCENSORS EURO CONDAL. Elevadors Martorell. Empresa experta en el manteniment i la instal\u00b7laci\u00f3 d'ascensors a Martorell","breadcrumb":{"@id":"https:\/\/ascensorescondal.com\/ca\/ascensors-martorell\/#breadcrumb"},"inLanguage":"ca","potentialAction":[{"@type":"ReadAction","target":["https:\/\/ascensorescondal.com\/ca\/ascensors-martorell\/"]}]},{"@type":"BreadcrumbList","@id":"https:\/\/ascensorescondal.com\/ca\/ascensors-martorell\/#breadcrumb","itemListElement":[{"@type":"ListItem","position":1,"name":"Portada","item":"https:\/\/ascensorescondal.com\/ca\/"},{"@type":"ListItem","position":2,"name":"Ascensores Martorell"}]},{"@type":"WebSite","@id":"https:\/\/ascensorescondal.com\/ca\/#website","url":"https:\/\/ascensorescondal.com\/ca\/","name":"","description":"","potentialAction":[{"@type":"SearchAction","target":{"@type":"EntryPoint","urlTemplate":"https:\/\/ascensorescondal.com\/ca\/?s={search_term_string}"},"query-input":{"@type":"PropertyValueSpecification","valueRequired":true,"valueName":"search_term_string"}}],"inLanguage":"ca"}]}},"_links":{"self":[{"href":"https:\/\/ascensorescondal.com\/ca\/wp-json\/wp\/v2\/pages\/762","targetHints":{"allow":["GET"]}}],"collection":[{"href":"https:\/\/ascensorescondal.com\/ca\/wp-json\/wp\/v2\/pages"}],"about":[{"href":"https:\/\/ascensorescondal.com\/ca\/wp-json\/wp\/v2\/types\/page"}],"author":[{"embeddable":true,"href":"https:\/\/ascensorescondal.com\/ca\/wp-json\/wp\/v2\/users\/1"}],"replies":[{"embeddable":true,"href":"https:\/\/ascensorescondal.com\/ca\/wp-json\/wp\/v2\/comments?post=762"}],"version-history":[{"count":1,"href":"https:\/\/ascensorescondal.com\/ca\/wp-json\/wp\/v2\/pages\/762\/revisions"}],"predecessor-version":[{"id":1540,"href":"https:\/\/ascensorescondal.com\/ca\/wp-json\/wp\/v2\/pages\/762\/revisions\/1540"}],"wp:attachment":[{"href":"https:\/\/ascensorescondal.com\/ca\/wp-json\/wp\/v2\/media?parent=762"}],"curies":[{"name":"wp","href":"https:\/\/api.w.org\/{rel}","templated":true}]}}