{"id":761,"date":"2016-10-04T11:04:07","date_gmt":"2016-10-04T11:04:07","guid":{"rendered":"http:\/\/ascensorescondal.com\/newproyect\/?page_id=208"},"modified":"2024-04-05T13:47:55","modified_gmt":"2024-04-05T11:47:55","slug":"ascensors-rubi","status":"publish","type":"page","link":"https:\/\/ascensorescondal.com\/ca\/ascensors-rubi\/","title":{"rendered":"Ascensores Rubi"},"content":{"rendered":"<h1 class=\"uk-article-title\">Ascensors Rubi<\/h1>\n<p><img fetchpriority=\"high\" decoding=\"async\" class=\"alignright wp-image-39 size-medium\" src=\"\/wp-content\/uploads\/2016\/05\/DSC_0960-685x1024-201x300.jpg\" alt=\"rubi manteniment\" width=\"201\" height=\"300\" \/>A Ascensors Condal portem resolent problemes de mobilitat als habitatges dels nostres clients i ajudant-los a millorar la seva qualitat de vida durant molts anys- \u00c9s per aquest motiu que avui dia estem considerats com una de les empreses l\u00edders en el sector. Actualment, mantenint el mateix nivell de comprom\u00eds amb els principis amb qu\u00e8 fundem la nostra empresa, disposem del millor servei de manteniment i instal\u00b7laci\u00f3 d&#8217;elevadors a Sant Boi de Llobregat, Rub\u00ed i tota la prov\u00edncia de Barcelona.<\/p>\n<p>I \u00e9s que nom\u00e9s un gran equip com el nostre podria oferir des dels m\u00e9s complets serveis d&#8217;instal\u00b7laci\u00f3, fins als treballs m\u00e9s conscienciosos de manteniment al millor preu per als nostres clients. Amb una <strong>cobertura total<\/strong>, estem preparats per afrontar qualsevol projecte que se&#8217;ns presenti, des d&#8217;instal\u00b7lacions en habitatges unifamiliars fins a comunitats de propietaris.<\/p>\n<p>No dubteu m\u00e9s i si necessiteu algun servei d&#8217;instal\u00b7laci\u00f3 o manteniment poseu-vos a les mans d&#8217;uns professionals amb la millor relaci\u00f3 qualitat-preu del mercat.<\/p>\n","protected":false},"excerpt":{"rendered":"<p>Ascensors Rubi A Ascensors Condal portem resolent problemes de mobilitat als habitatges dels nostres clients i ajudant-los a millorar la seva qualitat de vida durant molts anys- \u00c9s per aquest motiu que avui dia estem considerats com una de les empreses l\u00edders en el sector. Actualment, mantenint el mateix nivell de comprom\u00eds amb els principis &hellip;<\/p>\n<p class=\"read-more\"> <a class=\"\" href=\"https:\/\/ascensorescondal.com\/ca\/ascensors-rubi\/\"> <span class=\"screen-reader-text\">Ascensores Rubi<\/span> Llegeix m\u00e9s &raquo;<\/a><\/p>\n","protected":false},"author":1,"featured_media":0,"parent":0,"menu_order":0,"comment_status":"closed","ping_status":"closed","template":"","meta":{"site-sidebar-layout":"default","site-content-layout":"","ast-site-content-layout":"default","site-content-style":"default","site-sidebar-style":"default","ast-global-header-display":"","ast-banner-title-visibility":"","ast-main-header-display":"","ast-hfb-above-header-display":"","ast-hfb-below-header-display":"","ast-hfb-mobile-header-display":"","site-post-title":"","ast-breadcrumbs-content":"","ast-featured-img":"","footer-sml-layout":"","theme-transparent-header-meta":"default","adv-header-id-meta":"","stick-header-meta":"","header-above-stick-meta":"","header-main-stick-meta":"","header-below-stick-meta":"","astra-migrate-meta-layouts":"set","footnotes":""},"class_list":["post-761","page","type-page","status-publish","hentry"],"yoast_head":"<!-- This site is optimized with the Yoast SEO plugin v26.0 - https:\/\/yoast.com\/wordpress\/plugins\/seo\/ -->\n<title>Empresa ascensors Rubi. Manteniment elevador<\/title>\n<meta name=\"description\" content=\"ASCENSORS EURO CONDAL. Elevador Rub\u00ed. Els nostres serveis s\u00f3n els d&#039;instal\u00b7laci\u00f3 i manteniment d&#039;ascensors a preu econ\u00f2mic a Rub\u00ed\" \/>\n<meta name=\"robots\" content=\"index, follow, max-snippet:-1, max-image-preview:large, max-video-preview:-1\" \/>\n<link rel=\"canonical\" href=\"https:\/\/ascensorescondal.com\/ca\/ascensors-rubi\/\" \/>\n<meta property=\"og:locale\" content=\"ca_ES\" \/>\n<meta property=\"og:type\" content=\"article\" \/>\n<meta property=\"og:title\" content=\"Empresa ascensors Rubi. Manteniment elevador\" \/>\n<meta property=\"og:description\" content=\"ASCENSORS EURO CONDAL. Elevador Rub\u00ed. Els nostres serveis s\u00f3n els d&#039;instal\u00b7laci\u00f3 i manteniment d&#039;ascensors a preu econ\u00f2mic a Rub\u00ed\" \/>\n<meta property=\"og:url\" content=\"https:\/\/ascensorescondal.com\/ca\/ascensors-rubi\/\" \/>\n<meta property=\"article:modified_time\" content=\"2024-04-05T11:47:55+00:00\" \/>\n<meta name=\"twitter:card\" content=\"summary_large_image\" \/>\n<meta name=\"twitter:label1\" content=\"Temps estimat de lectura\" \/>\n\t<meta name=\"twitter:data1\" content=\"1 minut\" \/>\n<script type=\"application\/ld+json\" class=\"yoast-schema-graph\">{\"@context\":\"https:\/\/schema.org\",\"@graph\":[{\"@type\":\"WebPage\",\"@id\":\"https:\/\/ascensorescondal.com\/ca\/ascensors-rubi\/\",\"url\":\"https:\/\/ascensorescondal.com\/ca\/ascensors-rubi\/\",\"name\":\"Empresa ascensors Rubi. Manteniment elevador\",\"isPartOf\":{\"@id\":\"https:\/\/ascensorescondal.com\/ca\/#website\"},\"datePublished\":\"2016-10-04T11:04:07+00:00\",\"dateModified\":\"2024-04-05T11:47:55+00:00\",\"description\":\"ASCENSORS EURO CONDAL. Elevador Rub\u00ed. Els nostres serveis s\u00f3n els d'instal\u00b7laci\u00f3 i manteniment d'ascensors a preu econ\u00f2mic a Rub\u00ed\",\"breadcrumb\":{\"@id\":\"https:\/\/ascensorescondal.com\/ca\/ascensors-rubi\/#breadcrumb\"},\"inLanguage\":\"ca\",\"potentialAction\":[{\"@type\":\"ReadAction\",\"target\":[\"https:\/\/ascensorescondal.com\/ca\/ascensors-rubi\/\"]}]},{\"@type\":\"BreadcrumbList\",\"@id\":\"https:\/\/ascensorescondal.com\/ca\/ascensors-rubi\/#breadcrumb\",\"itemListElement\":[{\"@type\":\"ListItem\",\"position\":1,\"name\":\"Portada\",\"item\":\"https:\/\/ascensorescondal.com\/ca\/\"},{\"@type\":\"ListItem\",\"position\":2,\"name\":\"Ascensores Rubi\"}]},{\"@type\":\"WebSite\",\"@id\":\"https:\/\/ascensorescondal.com\/ca\/#website\",\"url\":\"https:\/\/ascensorescondal.com\/ca\/\",\"name\":\"\",\"description\":\"\",\"potentialAction\":[{\"@type\":\"SearchAction\",\"target\":{\"@type\":\"EntryPoint\",\"urlTemplate\":\"https:\/\/ascensorescondal.com\/ca\/?s={search_term_string}\"},\"query-input\":{\"@type\":\"PropertyValueSpecification\",\"valueRequired\":true,\"valueName\":\"search_term_string\"}}],\"inLanguage\":\"ca\"}]}<\/script>\n<!-- \/ Yoast SEO plugin. -->","yoast_head_json":{"title":"Empresa ascensors Rubi. Manteniment elevador","description":"ASCENSORS EURO CONDAL. Elevador Rub\u00ed. Els nostres serveis s\u00f3n els d'instal\u00b7laci\u00f3 i manteniment d'ascensors a preu econ\u00f2mic a Rub\u00ed","robots":{"index":"index","follow":"follow","max-snippet":"max-snippet:-1","max-image-preview":"max-image-preview:large","max-video-preview":"max-video-preview:-1"},"canonical":"https:\/\/ascensorescondal.com\/ca\/ascensors-rubi\/","og_locale":"ca_ES","og_type":"article","og_title":"Empresa ascensors Rubi. Manteniment elevador","og_description":"ASCENSORS EURO CONDAL. Elevador Rub\u00ed. Els nostres serveis s\u00f3n els d'instal\u00b7laci\u00f3 i manteniment d'ascensors a preu econ\u00f2mic a Rub\u00ed","og_url":"https:\/\/ascensorescondal.com\/ca\/ascensors-rubi\/","article_modified_time":"2024-04-05T11:47:55+00:00","twitter_card":"summary_large_image","twitter_misc":{"Temps estimat de lectura":"1 minut"},"schema":{"@context":"https:\/\/schema.org","@graph":[{"@type":"WebPage","@id":"https:\/\/ascensorescondal.com\/ca\/ascensors-rubi\/","url":"https:\/\/ascensorescondal.com\/ca\/ascensors-rubi\/","name":"Empresa ascensors Rubi. Manteniment elevador","isPartOf":{"@id":"https:\/\/ascensorescondal.com\/ca\/#website"},"datePublished":"2016-10-04T11:04:07+00:00","dateModified":"2024-04-05T11:47:55+00:00","description":"ASCENSORS EURO CONDAL. Elevador Rub\u00ed. Els nostres serveis s\u00f3n els d'instal\u00b7laci\u00f3 i manteniment d'ascensors a preu econ\u00f2mic a Rub\u00ed","breadcrumb":{"@id":"https:\/\/ascensorescondal.com\/ca\/ascensors-rubi\/#breadcrumb"},"inLanguage":"ca","potentialAction":[{"@type":"ReadAction","target":["https:\/\/ascensorescondal.com\/ca\/ascensors-rubi\/"]}]},{"@type":"BreadcrumbList","@id":"https:\/\/ascensorescondal.com\/ca\/ascensors-rubi\/#breadcrumb","itemListElement":[{"@type":"ListItem","position":1,"name":"Portada","item":"https:\/\/ascensorescondal.com\/ca\/"},{"@type":"ListItem","position":2,"name":"Ascensores Rubi"}]},{"@type":"WebSite","@id":"https:\/\/ascensorescondal.com\/ca\/#website","url":"https:\/\/ascensorescondal.com\/ca\/","name":"","description":"","potentialAction":[{"@type":"SearchAction","target":{"@type":"EntryPoint","urlTemplate":"https:\/\/ascensorescondal.com\/ca\/?s={search_term_string}"},"query-input":{"@type":"PropertyValueSpecification","valueRequired":true,"valueName":"search_term_string"}}],"inLanguage":"ca"}]}},"_links":{"self":[{"href":"https:\/\/ascensorescondal.com\/ca\/wp-json\/wp\/v2\/pages\/761","targetHints":{"allow":["GET"]}}],"collection":[{"href":"https:\/\/ascensorescondal.com\/ca\/wp-json\/wp\/v2\/pages"}],"about":[{"href":"https:\/\/ascensorescondal.com\/ca\/wp-json\/wp\/v2\/types\/page"}],"author":[{"embeddable":true,"href":"https:\/\/ascensorescondal.com\/ca\/wp-json\/wp\/v2\/users\/1"}],"replies":[{"embeddable":true,"href":"https:\/\/ascensorescondal.com\/ca\/wp-json\/wp\/v2\/comments?post=761"}],"version-history":[{"count":1,"href":"https:\/\/ascensorescondal.com\/ca\/wp-json\/wp\/v2\/pages\/761\/revisions"}],"predecessor-version":[{"id":1539,"href":"https:\/\/ascensorescondal.com\/ca\/wp-json\/wp\/v2\/pages\/761\/revisions\/1539"}],"wp:attachment":[{"href":"https:\/\/ascensorescondal.com\/ca\/wp-json\/wp\/v2\/media?parent=761"}],"curies":[{"name":"wp","href":"https:\/\/api.w.org\/{rel}","templated":true}]}}