{"id":757,"date":"2016-10-04T08:30:10","date_gmt":"2016-10-04T08:30:10","guid":{"rendered":"http:\/\/ascensorescondal.com\/newproyect\/?page_id=193"},"modified":"2024-04-09T14:38:27","modified_gmt":"2024-04-09T12:38:27","slug":"ascensors-cerdanyola-del-valles","status":"publish","type":"page","link":"https:\/\/ascensorescondal.com\/ca\/ascensors-cerdanyola-del-valles\/","title":{"rendered":"Ascensores Cerdanyola del Valles"},"content":{"rendered":"<h1 class=\"uk-article-title\">Ascensors Cerdanyola del Valles<\/h1>\n<p>&nbsp;<\/p>\n<p><img decoding=\"async\" class=\"alignright wp-image-39\" src=\"\/wp-content\/uploads\/2016\/05\/DSC_0960-685x1024-201x300.jpg\" alt=\"ascensors cerdanyola\" width=\"214\" height=\"&quot;320\" \/>A <strong>Ascensors Comtal<\/strong> disposem del millor <strong>servei d&#8217;instal\u00b7laci\u00f3, modernitzaci\u00f3 i manteniment<\/strong> de tot tipus d&#8217;ascensors del sector. M\u00e9s d&#8217;una d\u00e8cada de recorregut professional ens han dotat prou experi\u00e8ncia per emprendre qualsevol tipus de projecte, per molt complicat que pugui semblar. \u00c9s per aix\u00f2 que som capa\u00e7os de treballar en tota mena de construccions i atendre les necessitats de tots els nostres clients.<br \/>\nA Ascensors Condal estem caracteritzats per disposar d\u00b4un dels millors serveis integrals en la instal\u00b7laci\u00f3 i conservaci\u00f3 d\u00b4ascensors a Sant Cugat i Cerdanyola del Vall\u00e8s. Amb nosaltres no s&#8217;haur\u00e0 de preocupar per res, ja que <strong>ens ocupem de tot el proc\u00e9s<\/strong> relacionat amb la realitzaci\u00f3 de l&#8217;obra com obtenir certificats, fer l&#8217;estudi arquitect\u00f2nic o la instal\u00b7laci\u00f3.<br \/>\nCompteu amb la confian\u00e7a d&#8217;un gran equip que posa dedicaci\u00f3 i cura en el seu treball com nosaltres. Per obtenir m\u00e9s informaci\u00f3 sobre els nostres serveis, poseu-vos en contacte amb nosaltres.<\/p>\n","protected":false},"excerpt":{"rendered":"<p>Ascensors Cerdanyola del Valles &nbsp; A Ascensors Comtal disposem del millor servei d&#8217;instal\u00b7laci\u00f3, modernitzaci\u00f3 i manteniment de tot tipus d&#8217;ascensors del sector. M\u00e9s d&#8217;una d\u00e8cada de recorregut professional ens han dotat prou experi\u00e8ncia per emprendre qualsevol tipus de projecte, per molt complicat que pugui semblar. \u00c9s per aix\u00f2 que som capa\u00e7os de treballar en tota &hellip;<\/p>\n<p class=\"read-more\"> <a class=\"\" href=\"https:\/\/ascensorescondal.com\/ca\/ascensors-cerdanyola-del-valles\/\"> <span class=\"screen-reader-text\">Ascensores Cerdanyola del Valles<\/span> Llegeix m\u00e9s &raquo;<\/a><\/p>\n","protected":false},"author":1,"featured_media":0,"parent":0,"menu_order":0,"comment_status":"closed","ping_status":"closed","template":"","meta":{"site-sidebar-layout":"default","site-content-layout":"","ast-site-content-layout":"default","site-content-style":"default","site-sidebar-style":"default","ast-global-header-display":"","ast-banner-title-visibility":"","ast-main-header-display":"","ast-hfb-above-header-display":"","ast-hfb-below-header-display":"","ast-hfb-mobile-header-display":"","site-post-title":"","ast-breadcrumbs-content":"","ast-featured-img":"","footer-sml-layout":"","theme-transparent-header-meta":"default","adv-header-id-meta":"","stick-header-meta":"","header-above-stick-meta":"","header-main-stick-meta":"","header-below-stick-meta":"","astra-migrate-meta-layouts":"set","footnotes":""},"class_list":["post-757","page","type-page","status-publish","hentry"],"yoast_head":"<!-- This site is optimized with the Yoast SEO plugin v26.0 - https:\/\/yoast.com\/wordpress\/plugins\/seo\/ -->\n<title>Ascensors Cerdanyola del Valles. Manteniment ascensor<\/title>\n<meta name=\"description\" content=\"ASCENSORS EURO CONDAL. Elevador. Instal\u00b7laci\u00f3 i manteniment d&#039;ascensors a preu econ\u00f2mic a Cerdanyola del Vall\u00e8s\" \/>\n<meta name=\"robots\" content=\"index, follow, max-snippet:-1, max-image-preview:large, max-video-preview:-1\" \/>\n<link rel=\"canonical\" href=\"https:\/\/ascensorescondal.com\/ca\/ascensors-cerdanyola-del-valles\/\" \/>\n<meta property=\"og:locale\" content=\"ca_ES\" \/>\n<meta property=\"og:type\" content=\"article\" \/>\n<meta property=\"og:title\" content=\"Ascensors Cerdanyola del Valles. Manteniment ascensor\" \/>\n<meta property=\"og:description\" content=\"ASCENSORS EURO CONDAL. Elevador. Instal\u00b7laci\u00f3 i manteniment d&#039;ascensors a preu econ\u00f2mic a Cerdanyola del Vall\u00e8s\" \/>\n<meta property=\"og:url\" content=\"https:\/\/ascensorescondal.com\/ca\/ascensors-cerdanyola-del-valles\/\" \/>\n<meta property=\"article:modified_time\" content=\"2024-04-09T12:38:27+00:00\" \/>\n<meta name=\"twitter:card\" content=\"summary_large_image\" \/>\n<meta name=\"twitter:label1\" content=\"Temps estimat de lectura\" \/>\n\t<meta name=\"twitter:data1\" content=\"2 minuts\" \/>\n<script type=\"application\/ld+json\" class=\"yoast-schema-graph\">{\"@context\":\"https:\/\/schema.org\",\"@graph\":[{\"@type\":\"WebPage\",\"@id\":\"https:\/\/ascensorescondal.com\/ca\/ascensors-cerdanyola-del-valles\/\",\"url\":\"https:\/\/ascensorescondal.com\/ca\/ascensors-cerdanyola-del-valles\/\",\"name\":\"Ascensors Cerdanyola del Valles. Manteniment ascensor\",\"isPartOf\":{\"@id\":\"https:\/\/ascensorescondal.com\/ca\/#website\"},\"datePublished\":\"2016-10-04T08:30:10+00:00\",\"dateModified\":\"2024-04-09T12:38:27+00:00\",\"description\":\"ASCENSORS EURO CONDAL. Elevador. Instal\u00b7laci\u00f3 i manteniment d'ascensors a preu econ\u00f2mic a Cerdanyola del Vall\u00e8s\",\"breadcrumb\":{\"@id\":\"https:\/\/ascensorescondal.com\/ca\/ascensors-cerdanyola-del-valles\/#breadcrumb\"},\"inLanguage\":\"ca\",\"potentialAction\":[{\"@type\":\"ReadAction\",\"target\":[\"https:\/\/ascensorescondal.com\/ca\/ascensors-cerdanyola-del-valles\/\"]}]},{\"@type\":\"BreadcrumbList\",\"@id\":\"https:\/\/ascensorescondal.com\/ca\/ascensors-cerdanyola-del-valles\/#breadcrumb\",\"itemListElement\":[{\"@type\":\"ListItem\",\"position\":1,\"name\":\"Portada\",\"item\":\"https:\/\/ascensorescondal.com\/ca\/\"},{\"@type\":\"ListItem\",\"position\":2,\"name\":\"Ascensores Cerdanyola del Valles\"}]},{\"@type\":\"WebSite\",\"@id\":\"https:\/\/ascensorescondal.com\/ca\/#website\",\"url\":\"https:\/\/ascensorescondal.com\/ca\/\",\"name\":\"\",\"description\":\"\",\"potentialAction\":[{\"@type\":\"SearchAction\",\"target\":{\"@type\":\"EntryPoint\",\"urlTemplate\":\"https:\/\/ascensorescondal.com\/ca\/?s={search_term_string}\"},\"query-input\":{\"@type\":\"PropertyValueSpecification\",\"valueRequired\":true,\"valueName\":\"search_term_string\"}}],\"inLanguage\":\"ca\"}]}<\/script>\n<!-- \/ Yoast SEO plugin. -->","yoast_head_json":{"title":"Ascensors Cerdanyola del Valles. Manteniment ascensor","description":"ASCENSORS EURO CONDAL. Elevador. Instal\u00b7laci\u00f3 i manteniment d'ascensors a preu econ\u00f2mic a Cerdanyola del Vall\u00e8s","robots":{"index":"index","follow":"follow","max-snippet":"max-snippet:-1","max-image-preview":"max-image-preview:large","max-video-preview":"max-video-preview:-1"},"canonical":"https:\/\/ascensorescondal.com\/ca\/ascensors-cerdanyola-del-valles\/","og_locale":"ca_ES","og_type":"article","og_title":"Ascensors Cerdanyola del Valles. Manteniment ascensor","og_description":"ASCENSORS EURO CONDAL. Elevador. Instal\u00b7laci\u00f3 i manteniment d'ascensors a preu econ\u00f2mic a Cerdanyola del Vall\u00e8s","og_url":"https:\/\/ascensorescondal.com\/ca\/ascensors-cerdanyola-del-valles\/","article_modified_time":"2024-04-09T12:38:27+00:00","twitter_card":"summary_large_image","twitter_misc":{"Temps estimat de lectura":"2 minuts"},"schema":{"@context":"https:\/\/schema.org","@graph":[{"@type":"WebPage","@id":"https:\/\/ascensorescondal.com\/ca\/ascensors-cerdanyola-del-valles\/","url":"https:\/\/ascensorescondal.com\/ca\/ascensors-cerdanyola-del-valles\/","name":"Ascensors Cerdanyola del Valles. Manteniment ascensor","isPartOf":{"@id":"https:\/\/ascensorescondal.com\/ca\/#website"},"datePublished":"2016-10-04T08:30:10+00:00","dateModified":"2024-04-09T12:38:27+00:00","description":"ASCENSORS EURO CONDAL. Elevador. Instal\u00b7laci\u00f3 i manteniment d'ascensors a preu econ\u00f2mic a Cerdanyola del Vall\u00e8s","breadcrumb":{"@id":"https:\/\/ascensorescondal.com\/ca\/ascensors-cerdanyola-del-valles\/#breadcrumb"},"inLanguage":"ca","potentialAction":[{"@type":"ReadAction","target":["https:\/\/ascensorescondal.com\/ca\/ascensors-cerdanyola-del-valles\/"]}]},{"@type":"BreadcrumbList","@id":"https:\/\/ascensorescondal.com\/ca\/ascensors-cerdanyola-del-valles\/#breadcrumb","itemListElement":[{"@type":"ListItem","position":1,"name":"Portada","item":"https:\/\/ascensorescondal.com\/ca\/"},{"@type":"ListItem","position":2,"name":"Ascensores Cerdanyola del Valles"}]},{"@type":"WebSite","@id":"https:\/\/ascensorescondal.com\/ca\/#website","url":"https:\/\/ascensorescondal.com\/ca\/","name":"","description":"","potentialAction":[{"@type":"SearchAction","target":{"@type":"EntryPoint","urlTemplate":"https:\/\/ascensorescondal.com\/ca\/?s={search_term_string}"},"query-input":{"@type":"PropertyValueSpecification","valueRequired":true,"valueName":"search_term_string"}}],"inLanguage":"ca"}]}},"_links":{"self":[{"href":"https:\/\/ascensorescondal.com\/ca\/wp-json\/wp\/v2\/pages\/757","targetHints":{"allow":["GET"]}}],"collection":[{"href":"https:\/\/ascensorescondal.com\/ca\/wp-json\/wp\/v2\/pages"}],"about":[{"href":"https:\/\/ascensorescondal.com\/ca\/wp-json\/wp\/v2\/types\/page"}],"author":[{"embeddable":true,"href":"https:\/\/ascensorescondal.com\/ca\/wp-json\/wp\/v2\/users\/1"}],"replies":[{"embeddable":true,"href":"https:\/\/ascensorescondal.com\/ca\/wp-json\/wp\/v2\/comments?post=757"}],"version-history":[{"count":1,"href":"https:\/\/ascensorescondal.com\/ca\/wp-json\/wp\/v2\/pages\/757\/revisions"}],"predecessor-version":[{"id":1533,"href":"https:\/\/ascensorescondal.com\/ca\/wp-json\/wp\/v2\/pages\/757\/revisions\/1533"}],"wp:attachment":[{"href":"https:\/\/ascensorescondal.com\/ca\/wp-json\/wp\/v2\/media?parent=757"}],"curies":[{"name":"wp","href":"https:\/\/api.w.org\/{rel}","templated":true}]}}