{"id":755,"date":"2016-10-04T08:25:48","date_gmt":"2016-10-04T08:25:48","guid":{"rendered":"http:\/\/ascensorescondal.com\/newproyect\/?page_id=189"},"modified":"2024-04-05T13:44:58","modified_gmt":"2024-04-05T11:44:58","slug":"ascensors-badalona","status":"publish","type":"page","link":"https:\/\/ascensorescondal.com\/ca\/ascensors-badalona\/","title":{"rendered":"Ascensores Badalona"},"content":{"rendered":"<h1>Ascensors Badalona<\/h1>\n<p>&nbsp;<\/p>\n<p style=\"text-align: justify;\"><img fetchpriority=\"high\" decoding=\"async\" class=\"alignright wp-image-39\" src=\"\/wp-content\/uploads\/2016\/05\/DSC_0960-685x1024-201x300.jpg\" alt=\" ascensors badalona\" width=\"214\" height=\"320\" \/>Si necessiteu la instal\u00b7laci\u00f3 d&#8217;un elevador a Montcada i Reixac us animem a posar-vos en mans d&#8217;aut\u00e8ntics professionals del sector com nosaltres. A Ascensors Condal estem especialitzats en oferir un <strong>servei integral per a tot tipus d&#8217;ascensors<\/strong> en tota mena de construccions, ja siguin particulars o comunit\u00e0ries.<\/p>\n<p style=\"text-align: justify;\">A Ascensors Euro Condal coneixem de primera m\u00e0 les principals preocupacions que afecten els nostres clients davant aquest tipus d&#8217;obres: documentaci\u00f3 necess\u00e0ria, permisos administratius, pressupostos desorbitats, entre d&#8217;altres. \u00c9s per aix\u00f2 que contractant els nostres serveis vost\u00e8 guanyar\u00e0 en tranquil\u00b7litat, confian\u00e7a i seguretat, ja que ens encarregarem de tot el proc\u00e9s. Des de l&#8217;obtenci\u00f3 dels permisos pertinents, fins a l&#8217;estudi arquitect\u00f2nic i la realitzaci\u00f3 de l&#8217;obra, aix\u00ed com de la conservaci\u00f3 i el manteniment posteriors.<\/p>\n<p style=\"text-align: justify;\">Amb nosaltres podreu obtenir un <strong>pressupost aproximat sense cap mena de comprom\u00eds<\/strong> per la vostra banda. Si voleu obtenir m\u00e9s informaci\u00f3 sobre els nostres serveis poseu-vos en contacte amb nosaltres, estarem encantats d&#8217;ajudar-vos.<\/p>\n","protected":false},"excerpt":{"rendered":"<p>Ascensors Badalona &nbsp; Si necessiteu la instal\u00b7laci\u00f3 d&#8217;un elevador a Montcada i Reixac us animem a posar-vos en mans d&#8217;aut\u00e8ntics professionals del sector com nosaltres. A Ascensors Condal estem especialitzats en oferir un servei integral per a tot tipus d&#8217;ascensors en tota mena de construccions, ja siguin particulars o comunit\u00e0ries. A Ascensors Euro Condal coneixem &hellip;<\/p>\n<p class=\"read-more\"> <a class=\"\" href=\"https:\/\/ascensorescondal.com\/ca\/ascensors-badalona\/\"> <span class=\"screen-reader-text\">Ascensores Badalona<\/span> Llegeix m\u00e9s &raquo;<\/a><\/p>\n","protected":false},"author":1,"featured_media":0,"parent":0,"menu_order":0,"comment_status":"closed","ping_status":"closed","template":"","meta":{"site-sidebar-layout":"default","site-content-layout":"","ast-site-content-layout":"default","site-content-style":"default","site-sidebar-style":"default","ast-global-header-display":"","ast-banner-title-visibility":"","ast-main-header-display":"","ast-hfb-above-header-display":"","ast-hfb-below-header-display":"","ast-hfb-mobile-header-display":"","site-post-title":"","ast-breadcrumbs-content":"","ast-featured-img":"","footer-sml-layout":"","theme-transparent-header-meta":"default","adv-header-id-meta":"","stick-header-meta":"","header-above-stick-meta":"","header-main-stick-meta":"","header-below-stick-meta":"","astra-migrate-meta-layouts":"set","footnotes":""},"class_list":["post-755","page","type-page","status-publish","hentry"],"yoast_head":"<!-- This site is optimized with the Yoast SEO plugin v26.0 - https:\/\/yoast.com\/wordpress\/plugins\/seo\/ -->\n<title>Empresa ascensors Badalona. Manteniment ascensors<\/title>\n<meta name=\"description\" content=\"ASCENSORS EURO CONDAL. Ascensor Badalona. Grup de professionals en la conservaci\u00f3, modernitzaci\u00f3 i manteniment d&#039;elevadors a Badalona\" \/>\n<meta name=\"robots\" content=\"index, follow, max-snippet:-1, max-image-preview:large, max-video-preview:-1\" \/>\n<link rel=\"canonical\" href=\"https:\/\/ascensorescondal.com\/ca\/ascensors-badalona\/\" \/>\n<meta property=\"og:locale\" content=\"ca_ES\" \/>\n<meta property=\"og:type\" content=\"article\" \/>\n<meta property=\"og:title\" content=\"Empresa ascensors Badalona. Manteniment ascensors\" \/>\n<meta property=\"og:description\" content=\"ASCENSORS EURO CONDAL. Ascensor Badalona. Grup de professionals en la conservaci\u00f3, modernitzaci\u00f3 i manteniment d&#039;elevadors a Badalona\" \/>\n<meta property=\"og:url\" content=\"https:\/\/ascensorescondal.com\/ca\/ascensors-badalona\/\" \/>\n<meta property=\"article:modified_time\" content=\"2024-04-05T11:44:58+00:00\" \/>\n<meta name=\"twitter:card\" content=\"summary_large_image\" \/>\n<meta name=\"twitter:label1\" content=\"Temps estimat de lectura\" \/>\n\t<meta name=\"twitter:data1\" content=\"1 minut\" \/>\n<script type=\"application\/ld+json\" class=\"yoast-schema-graph\">{\"@context\":\"https:\/\/schema.org\",\"@graph\":[{\"@type\":\"WebPage\",\"@id\":\"https:\/\/ascensorescondal.com\/ca\/ascensors-badalona\/\",\"url\":\"https:\/\/ascensorescondal.com\/ca\/ascensors-badalona\/\",\"name\":\"Empresa ascensors Badalona. Manteniment ascensors\",\"isPartOf\":{\"@id\":\"https:\/\/ascensorescondal.com\/ca\/#website\"},\"datePublished\":\"2016-10-04T08:25:48+00:00\",\"dateModified\":\"2024-04-05T11:44:58+00:00\",\"description\":\"ASCENSORS EURO CONDAL. Ascensor Badalona. Grup de professionals en la conservaci\u00f3, modernitzaci\u00f3 i manteniment d'elevadors a Badalona\",\"breadcrumb\":{\"@id\":\"https:\/\/ascensorescondal.com\/ca\/ascensors-badalona\/#breadcrumb\"},\"inLanguage\":\"ca\",\"potentialAction\":[{\"@type\":\"ReadAction\",\"target\":[\"https:\/\/ascensorescondal.com\/ca\/ascensors-badalona\/\"]}]},{\"@type\":\"BreadcrumbList\",\"@id\":\"https:\/\/ascensorescondal.com\/ca\/ascensors-badalona\/#breadcrumb\",\"itemListElement\":[{\"@type\":\"ListItem\",\"position\":1,\"name\":\"Portada\",\"item\":\"https:\/\/ascensorescondal.com\/ca\/\"},{\"@type\":\"ListItem\",\"position\":2,\"name\":\"Ascensores Badalona\"}]},{\"@type\":\"WebSite\",\"@id\":\"https:\/\/ascensorescondal.com\/ca\/#website\",\"url\":\"https:\/\/ascensorescondal.com\/ca\/\",\"name\":\"\",\"description\":\"\",\"potentialAction\":[{\"@type\":\"SearchAction\",\"target\":{\"@type\":\"EntryPoint\",\"urlTemplate\":\"https:\/\/ascensorescondal.com\/ca\/?s={search_term_string}\"},\"query-input\":{\"@type\":\"PropertyValueSpecification\",\"valueRequired\":true,\"valueName\":\"search_term_string\"}}],\"inLanguage\":\"ca\"}]}<\/script>\n<!-- \/ Yoast SEO plugin. -->","yoast_head_json":{"title":"Empresa ascensors Badalona. Manteniment ascensors","description":"ASCENSORS EURO CONDAL. Ascensor Badalona. Grup de professionals en la conservaci\u00f3, modernitzaci\u00f3 i manteniment d'elevadors a Badalona","robots":{"index":"index","follow":"follow","max-snippet":"max-snippet:-1","max-image-preview":"max-image-preview:large","max-video-preview":"max-video-preview:-1"},"canonical":"https:\/\/ascensorescondal.com\/ca\/ascensors-badalona\/","og_locale":"ca_ES","og_type":"article","og_title":"Empresa ascensors Badalona. Manteniment ascensors","og_description":"ASCENSORS EURO CONDAL. Ascensor Badalona. Grup de professionals en la conservaci\u00f3, modernitzaci\u00f3 i manteniment d'elevadors a Badalona","og_url":"https:\/\/ascensorescondal.com\/ca\/ascensors-badalona\/","article_modified_time":"2024-04-05T11:44:58+00:00","twitter_card":"summary_large_image","twitter_misc":{"Temps estimat de lectura":"1 minut"},"schema":{"@context":"https:\/\/schema.org","@graph":[{"@type":"WebPage","@id":"https:\/\/ascensorescondal.com\/ca\/ascensors-badalona\/","url":"https:\/\/ascensorescondal.com\/ca\/ascensors-badalona\/","name":"Empresa ascensors Badalona. Manteniment ascensors","isPartOf":{"@id":"https:\/\/ascensorescondal.com\/ca\/#website"},"datePublished":"2016-10-04T08:25:48+00:00","dateModified":"2024-04-05T11:44:58+00:00","description":"ASCENSORS EURO CONDAL. Ascensor Badalona. Grup de professionals en la conservaci\u00f3, modernitzaci\u00f3 i manteniment d'elevadors a Badalona","breadcrumb":{"@id":"https:\/\/ascensorescondal.com\/ca\/ascensors-badalona\/#breadcrumb"},"inLanguage":"ca","potentialAction":[{"@type":"ReadAction","target":["https:\/\/ascensorescondal.com\/ca\/ascensors-badalona\/"]}]},{"@type":"BreadcrumbList","@id":"https:\/\/ascensorescondal.com\/ca\/ascensors-badalona\/#breadcrumb","itemListElement":[{"@type":"ListItem","position":1,"name":"Portada","item":"https:\/\/ascensorescondal.com\/ca\/"},{"@type":"ListItem","position":2,"name":"Ascensores Badalona"}]},{"@type":"WebSite","@id":"https:\/\/ascensorescondal.com\/ca\/#website","url":"https:\/\/ascensorescondal.com\/ca\/","name":"","description":"","potentialAction":[{"@type":"SearchAction","target":{"@type":"EntryPoint","urlTemplate":"https:\/\/ascensorescondal.com\/ca\/?s={search_term_string}"},"query-input":{"@type":"PropertyValueSpecification","valueRequired":true,"valueName":"search_term_string"}}],"inLanguage":"ca"}]}},"_links":{"self":[{"href":"https:\/\/ascensorescondal.com\/ca\/wp-json\/wp\/v2\/pages\/755","targetHints":{"allow":["GET"]}}],"collection":[{"href":"https:\/\/ascensorescondal.com\/ca\/wp-json\/wp\/v2\/pages"}],"about":[{"href":"https:\/\/ascensorescondal.com\/ca\/wp-json\/wp\/v2\/types\/page"}],"author":[{"embeddable":true,"href":"https:\/\/ascensorescondal.com\/ca\/wp-json\/wp\/v2\/users\/1"}],"replies":[{"embeddable":true,"href":"https:\/\/ascensorescondal.com\/ca\/wp-json\/wp\/v2\/comments?post=755"}],"version-history":[{"count":1,"href":"https:\/\/ascensorescondal.com\/ca\/wp-json\/wp\/v2\/pages\/755\/revisions"}],"predecessor-version":[{"id":1531,"href":"https:\/\/ascensorescondal.com\/ca\/wp-json\/wp\/v2\/pages\/755\/revisions\/1531"}],"wp:attachment":[{"href":"https:\/\/ascensorescondal.com\/ca\/wp-json\/wp\/v2\/media?parent=755"}],"curies":[{"name":"wp","href":"https:\/\/api.w.org\/{rel}","templated":true}]}}