{"id":429,"date":"2018-05-28T14:58:59","date_gmt":"2018-05-28T14:58:59","guid":{"rendered":"https:\/\/ascensorescondal.com\/?page_id=429"},"modified":"2024-05-20T09:48:05","modified_gmt":"2024-05-20T07:48:05","slug":"avis-legal","status":"publish","type":"page","link":"https:\/\/ascensorescondal.com\/ca\/avis-legal\/","title":{"rendered":"Av\u00eds Legal"},"content":{"rendered":"<p><strong>CONDICIONS D&#8217;\u00daS <\/strong><\/p>\n<p>En compliment de la Llei 34\/2002, de 11 de juliol, de Serveis de la Societat de la Informaci\u00f3 i de Comer\u00e7 Electr\u00f2nic (LSSI-CE), INSTAL\u00b7LACIONS ELEVADORES CONDAL SL informa que \u00e9s titular del lloc web <a href=\"https:\/\/ascensorescondal.com\/\">https:\/\/ascensorescondal.com\/.<\/a> D&#8217;acord amb l&#8217;exig\u00e8ncia de l&#8217;article 10 de la Llei esmentada, INSTAL\u00b7LACIONS ELEVADORES CONDAL SL informa de les dades seg\u00fcents:<\/p>\n<p>El titular d&#8217;aquest lloc web \u00e9s INSTAL\u00b7LACIONS ELEVADORES CONDAL SL, amb CIF B66453929 i domicili social al c\/ SANTA MARIA, 27 08980, SANT FELIU DE LLOBREGAT (BARCELONA), inscrita al Registre Mercantil de Barcelona, \u200b\u200bal tom 4464 , full 462101 , inscripci\u00f3 1. L&#8217;adre\u00e7a de correu electr\u00f2nic de contacte amb l&#8217;empresa \u00e9s: <a href=\"mailto:info@ascensorescondal.com\">info@ascensorescondal.com.<\/a><\/p>\n<p>&nbsp;<\/p>\n<p><strong>Usuari i r\u00e8gim de responsabilitats <\/strong><\/p>\n<p>La navegaci\u00f3, acc\u00e9s i \u00fas pel lloc web d&#8217;INSTAL\u00b7LACIONS ELEVADORES CONDAL SL confereix la condici\u00f3 d&#8217;usuari, per la qual s&#8217;accepten, des de la navegaci\u00f3 pel lloc web d&#8217;INSTAL\u00b7LACIONS ELEVADORES CONDAL SL, totes les condicions d&#8217;\u00fas establertes aqu\u00ed sense perjudici de l&#8217;aplicaci\u00f3 de la corresponent normativa de compliment legal obligat segons el cas.<\/p>\n<p>El lloc web d&#8217;INSTAL\u00b7LACIONS ELEVADORES CONDAL SL proporciona una gran diversitat d&#8217;informaci\u00f3, serveis i dades. L&#8217;usuari assumeix la responsabilitat en l&#8217;\u00fas correcte del lloc web. Aquesta responsabilitat s&#8217;estendr\u00e0 a:<\/p>\n<ul>\n<li>La veracitat i licitud de les informacions aportades per l&#8217;usuari als formularis estesos per INSTAL\u00b7LACIONS ELEVADORES CONDAL SL per a l&#8217;acc\u00e9s a certs continguts o serveis oferts per ell<\/li>\n<li>L&#8217;\u00fas de la informaci\u00f3, serveis i dades ofertes per INSTALACIONES ELEVADORAS CONDAL SL contr\u00e0riament al que disposen aquestes condicions, la Llei, la moral, els bons costums o l&#8217;ordre p\u00fablic, o que de qualsevol altra manera puguin suposar lesi\u00f3 dels drets de tercers o del mateix funcionament del lloc<\/li>\n<\/ul>\n<p>&nbsp;<\/p>\n<p><strong>Pol\u00edtica d&#8217;enlla\u00e7os i exempcions de responsabilitat <\/strong><\/p>\n<p>INSTAL\u00b7LACIONS ELEVADORES CONDAL SL no es fa responsable del contingut dels llocs web als quals l&#8217;usuari pugui accedir a trav\u00e9s dels enlla\u00e7os establerts al seu lloc web i declara que en cap cas procedir\u00e0 a examinar o exercitar cap tipus de control sobre el contingut de altres llocs de la xarxa. Aix\u00ed mateix, tampoc garantir\u00e0 la disponibilitat t\u00e8cnica, exactitud, veracitat, validesa o legalitat de llocs aliens a la seva propietat a qu\u00e8 es pugui accedir per mitj\u00e0 dels enlla\u00e7os.<\/p>\n<p>INSTAL\u00b7LACIONS ELEVADORES CONDAL SL declara haver adoptat totes les mesures necess\u00e0ries per evitar qualsevol dany als usuaris del seu lloc web, que poguessin derivar-se de la navegaci\u00f3 pel seu lloc web. En conseq\u00fc\u00e8ncia, INSTAL\u00b7LACIONS ELEVADORES CONDAL SL no es fa responsable, en cap cas, dels danys eventuals que per la navegaci\u00f3 per Internet pogu\u00e9s patir l&#8217;usuari.<\/p>\n<p>&nbsp;<\/p>\n<p><strong>Modificacions<\/strong><\/p>\n<p>INSTAL\u00b7LACIONS ELEVADORES CONDAL SL es reserva el dret a realitzar les modificacions que consideri oportunes, sense previ av\u00eds, en el contingut del seu lloc web. Tant pel que fa als continguts del lloc web, com a les condicions d&#8217;\u00fas. Aquestes modificacions podran realitzar-se a trav\u00e9s del seu lloc web per qualsevol forma admissible en dret i seran de compliment obligat durant el temps en qu\u00e8 es trobin publicades al web i fins que no siguin modificades v\u00e0lidament per altres posteriors.<\/p>\n<p>&nbsp;<\/p>\n<p><strong>Protecci\u00f3 de dades <\/strong><\/p>\n<p>De conformitat amb el que estableix la normativa vigent en Protecci\u00f3 de Dades de Car\u00e0cter Personal, us informem que les vostres dades seran incorporades al sistema de tractament titularitat d&#8217;INSTAL\u00b7LACIONS ELEVADORES CONDAL SL amb CIF B66453929 i domicili social situat al c\/ SANTA MARIA, 27 08980, SANT FELIU DE LLOBREGAT (BARCELONA), amb la finalitat de poder facilitar, agilitzar i complir els compromisos establerts entre les dues parts. En compliment amb la normativa vigent, INSTAL\u00b7LACIONS ELEVADORES CONDAL SL informa que les dades seran conservades durant el termini estrictament necessari per complir els preceptes esmentats anteriorment.<\/p>\n<p>INSTAL\u00b7LACIONS ELEVADORES CONDAL SL informa que procedir\u00e0 a tractar les dades de manera l\u00edcita, lleial, transparent, adequada, pertinent, limitada, exacta i actualitzada. \u00c9s per aix\u00f2 que INSTAL\u00b7LACIONS ELEVADORES CONDAL SL es compromet a adoptar totes les mesures raonables perqu\u00e8 aquests se suprimeixin o rectifiquin sense dilaci\u00f3 quan siguin inexactes.<\/p>\n<p>D&#8217;acord amb els drets que us confereix la normativa vigent en protecci\u00f3 de dades podreu exercir els drets d&#8217;acc\u00e9s, rectificaci\u00f3, limitaci\u00f3 de tractament, supressi\u00f3, portabilitat i oposici\u00f3 al tractament de les vostres dades de car\u00e0cter personal aix\u00ed com del consentiment prestat per al tractament. d&#8217;aquests, dirigint la vostra petici\u00f3 a l&#8217;adre\u00e7a postal indicada m\u00e9s amunt o al correu electr\u00f2nic <a href=\"mailto:info@ascensorescondal.com\">info@ascensorescondal.com<\/a><\/p>\n<p>Podr\u00e0 adre\u00e7ar-se a l&#8217;Autoritat de Control competent per presentar la reclamaci\u00f3 que consideri oportuna.<\/p>\n<p>&nbsp;<\/p>\n<p><strong>Certificat SSL (Secure Sockets Layer) <\/strong><\/p>\n<p>El CERTIFICAT SSL proporciona autenticaci\u00f3, privadesa i seguretat de la informaci\u00f3 entre INSTAL\u00b7LACIONS ELEVADORES CONDAL SL i l&#8217;usuari.<\/p>\n<p>INSTAL\u00b7LACIONS ELEVADORES CONDAL SL disposa d&#8217;un certificat de seguretat que s&#8217;utilitza per CERTIFICAT SSL per fer connexions segures.<\/p>\n<p>En aquest proc\u00e9s s&#8217;estableixen diversos par\u00e0metres per realitzar la connexi\u00f3 de manera segura i s&#8217;estableix usant claus preestablertes, codificant i descodificant totes les dades enviades fins que la connexi\u00f3 sigui tancada.<\/p>\n<p>&nbsp;<\/p>\n<p><strong>Propietat intel\u00b7lectual i industrial <\/strong><\/p>\n<p>INSTAL\u00b7LACIONS ELEVADORES CONDAL SL per si mateixa o com a cession\u00e0ria, \u00e9s titular de tots els drets de propietat intel\u00b7lectual i industrial de la seva p\u00e0gina web, aix\u00ed com dels elements continguts a la mateixa (a t\u00edtol enunciatiu, imatges, so, \u00e0udio, v\u00eddeo, programari o textos; marques o logotips, combinacions de colors, estructura i disseny, selecci\u00f3 de materials usats, programes d&#8217;ordinador necessaris per al seu funcionament, acc\u00e9s i \u00fas, etc.), titularitat d&#8217;INSTAL\u00b7LACIONS ELEVADORES CONDAL SL. Seran, per tant, obres protegides com a propietat intel\u00b7lectual per l&#8217;ordenament jur\u00eddic espanyol, i els seran aplicables tant la normativa espanyola i comunit\u00e0ria en aquest camp, com els tractats internacionals relatius a la mat\u00e8ria i subscrits per Espanya.<\/p>\n<p>Tots els drets reservats. En virtut del que disposa la Llei de propietat intel\u00b7lectual, queden expressament prohibides la reproducci\u00f3, la distribuci\u00f3 i la comunicaci\u00f3 p\u00fablica, inclosa la seva modalitat de posada a disposici\u00f3, de la totalitat o part dels continguts d&#8217;aquesta p\u00e0gina web, amb fins comercials, a qualsevol suport i per qualsevol mitj\u00e0 t\u00e8cnic, sense l&#8217;autoritzaci\u00f3 d&#8217;INSTAL\u00b7LACIONS ELEVADORES CONDAL SL.<\/p>\n<p>L&#8217;usuari es compromet a respectar els drets de propietat intel\u00b7lectual i industrial titularitat d&#8217;INSTAL\u00b7LACIONS ELEVADORES CONDAL SL. Podreu visualitzar els elements del portal i fins i tot imprimir-los, copiar-los i emmagatzemar-los al disc dur del vostre ordinador o en qualsevol altre suport f\u00edsic sempre que sigui, \u00fanica i exclusivament, per al seu \u00fas personal i privat. L&#8217;usuari haur\u00e0 d&#8217;abstenir-se de suprimir, alterar, eludir o manipular qualsevol dispositiu de protecci\u00f3 o sistema de seguretat que estigu\u00e9s instal\u00b7lat a les p\u00e0gines d&#8217;INSTAL\u00b7LACIONS ELEVADORES CONDAL SL.<\/p>\n<p>&nbsp;<\/p>\n<p><strong>Accions legals, legislaci\u00f3 aplicable i jurisdicci\u00f3 <\/strong><\/p>\n<p>INSTAL\u00b7LACIONS ELEVADORES CONDAL SL es reserva, aix\u00ed mateix, la facultat de presentar les accions civils o penals que consideri oportunes per la utilitzaci\u00f3 indeguda del seu lloc web i continguts, o per l&#8217;incompliment de les presents condicions.<\/p>\n<p>La relaci\u00f3 entre l&#8217;usuari i el prestador es regir\u00e0 per la normativa vigent i aplicable al territori espanyol. Si sorgeix qualsevol controv\u00e8rsia, les parts poden sotmetre els seus conflictes a arbitratge o acudir a la jurisdicci\u00f3 ordin\u00e0ria complint amb les normes sobre jurisdicci\u00f3 i compet\u00e8ncia sobre aix\u00f2. INSTAL\u00b7LACIONS ELEVADORES CONDAL SL t\u00e9 el domicili a BARCELONA, Espanya.<\/p>\n","protected":false},"excerpt":{"rendered":"<p>CONDICIONS D&#8217;\u00daS En compliment de la Llei 34\/2002, de 11 de juliol, de Serveis de la Societat de la Informaci\u00f3 i de Comer\u00e7 Electr\u00f2nic (LSSI-CE), INSTAL\u00b7LACIONS ELEVADORES CONDAL SL informa que \u00e9s titular del lloc web https:\/\/ascensorescondal.com\/. D&#8217;acord amb l&#8217;exig\u00e8ncia de l&#8217;article 10 de la Llei esmentada, INSTAL\u00b7LACIONS ELEVADORES CONDAL SL informa de les dades &hellip;<\/p>\n<p class=\"read-more\"> <a class=\"\" href=\"https:\/\/ascensorescondal.com\/ca\/avis-legal\/\"> <span class=\"screen-reader-text\">Av\u00eds Legal<\/span> Llegeix m\u00e9s &raquo;<\/a><\/p>\n","protected":false},"author":1,"featured_media":0,"parent":0,"menu_order":0,"comment_status":"closed","ping_status":"closed","template":"","meta":{"site-sidebar-layout":"default","site-content-layout":"","ast-site-content-layout":"default","site-content-style":"default","site-sidebar-style":"default","ast-global-header-display":"","ast-banner-title-visibility":"","ast-main-header-display":"","ast-hfb-above-header-display":"","ast-hfb-below-header-display":"","ast-hfb-mobile-header-display":"","site-post-title":"","ast-breadcrumbs-content":"","ast-featured-img":"","footer-sml-layout":"","theme-transparent-header-meta":"default","adv-header-id-meta":"","stick-header-meta":"","header-above-stick-meta":"","header-main-stick-meta":"","header-below-stick-meta":"","astra-migrate-meta-layouts":"set","footnotes":""},"class_list":["post-429","page","type-page","status-publish","hentry"],"yoast_head":"<!-- This site is optimized with the Yoast SEO plugin v26.0 - https:\/\/yoast.com\/wordpress\/plugins\/seo\/ -->\n<title>Av\u00eds Legal<\/title>\n<meta name=\"description\" content=\"CONDICIONS D&#039;\u00daS En compliment de la Llei 34\/2002, de 11 de juliol, de Serveis de la Societat de la Informaci\u00f3 i de Comer\u00e7 Electr\u00f2nic (LSSI-CE),\" \/>\n<meta name=\"robots\" content=\"noindex, nofollow\" \/>\n<meta property=\"og:locale\" content=\"ca_ES\" \/>\n<meta property=\"og:type\" content=\"article\" \/>\n<meta property=\"og:title\" content=\"Av\u00eds Legal\" \/>\n<meta property=\"og:description\" content=\"CONDICIONS D&#039;\u00daS En compliment de la Llei 34\/2002, de 11 de juliol, de Serveis de la Societat de la Informaci\u00f3 i de Comer\u00e7 Electr\u00f2nic (LSSI-CE),\" \/>\n<meta property=\"og:url\" content=\"https:\/\/ascensorescondal.com\/ca\/avis-legal\/\" \/>\n<meta property=\"article:modified_time\" content=\"2024-05-20T07:48:05+00:00\" \/>\n<meta name=\"twitter:card\" content=\"summary_large_image\" \/>\n<meta name=\"twitter:label1\" content=\"Temps estimat de lectura\" \/>\n\t<meta name=\"twitter:data1\" content=\"7 minuts\" \/>\n<script type=\"application\/ld+json\" class=\"yoast-schema-graph\">{\"@context\":\"https:\/\/schema.org\",\"@graph\":[{\"@type\":\"WebPage\",\"@id\":\"https:\/\/ascensorescondal.com\/ca\/avis-legal\/\",\"url\":\"https:\/\/ascensorescondal.com\/ca\/avis-legal\/\",\"name\":\"Av\u00eds Legal\",\"isPartOf\":{\"@id\":\"https:\/\/ascensorescondal.com\/ca\/#website\"},\"datePublished\":\"2018-05-28T14:58:59+00:00\",\"dateModified\":\"2024-05-20T07:48:05+00:00\",\"description\":\"CONDICIONS D'\u00daS En compliment de la Llei 34\/2002, de 11 de juliol, de Serveis de la Societat de la Informaci\u00f3 i de Comer\u00e7 Electr\u00f2nic (LSSI-CE),\",\"breadcrumb\":{\"@id\":\"https:\/\/ascensorescondal.com\/ca\/avis-legal\/#breadcrumb\"},\"inLanguage\":\"ca\",\"potentialAction\":[{\"@type\":\"ReadAction\",\"target\":[\"https:\/\/ascensorescondal.com\/ca\/avis-legal\/\"]}]},{\"@type\":\"BreadcrumbList\",\"@id\":\"https:\/\/ascensorescondal.com\/ca\/avis-legal\/#breadcrumb\",\"itemListElement\":[{\"@type\":\"ListItem\",\"position\":1,\"name\":\"Portada\",\"item\":\"https:\/\/ascensorescondal.com\/ca\/\"},{\"@type\":\"ListItem\",\"position\":2,\"name\":\"Av\u00eds Legal\"}]},{\"@type\":\"WebSite\",\"@id\":\"https:\/\/ascensorescondal.com\/ca\/#website\",\"url\":\"https:\/\/ascensorescondal.com\/ca\/\",\"name\":\"\",\"description\":\"\",\"potentialAction\":[{\"@type\":\"SearchAction\",\"target\":{\"@type\":\"EntryPoint\",\"urlTemplate\":\"https:\/\/ascensorescondal.com\/ca\/?s={search_term_string}\"},\"query-input\":{\"@type\":\"PropertyValueSpecification\",\"valueRequired\":true,\"valueName\":\"search_term_string\"}}],\"inLanguage\":\"ca\"}]}<\/script>\n<!-- \/ Yoast SEO plugin. -->","yoast_head_json":{"title":"Av\u00eds Legal","description":"CONDICIONS D'\u00daS En compliment de la Llei 34\/2002, de 11 de juliol, de Serveis de la Societat de la Informaci\u00f3 i de Comer\u00e7 Electr\u00f2nic (LSSI-CE),","robots":{"index":"noindex","follow":"nofollow"},"og_locale":"ca_ES","og_type":"article","og_title":"Av\u00eds Legal","og_description":"CONDICIONS D'\u00daS En compliment de la Llei 34\/2002, de 11 de juliol, de Serveis de la Societat de la Informaci\u00f3 i de Comer\u00e7 Electr\u00f2nic (LSSI-CE),","og_url":"https:\/\/ascensorescondal.com\/ca\/avis-legal\/","article_modified_time":"2024-05-20T07:48:05+00:00","twitter_card":"summary_large_image","twitter_misc":{"Temps estimat de lectura":"7 minuts"},"schema":{"@context":"https:\/\/schema.org","@graph":[{"@type":"WebPage","@id":"https:\/\/ascensorescondal.com\/ca\/avis-legal\/","url":"https:\/\/ascensorescondal.com\/ca\/avis-legal\/","name":"Av\u00eds Legal","isPartOf":{"@id":"https:\/\/ascensorescondal.com\/ca\/#website"},"datePublished":"2018-05-28T14:58:59+00:00","dateModified":"2024-05-20T07:48:05+00:00","description":"CONDICIONS D'\u00daS En compliment de la Llei 34\/2002, de 11 de juliol, de Serveis de la Societat de la Informaci\u00f3 i de Comer\u00e7 Electr\u00f2nic (LSSI-CE),","breadcrumb":{"@id":"https:\/\/ascensorescondal.com\/ca\/avis-legal\/#breadcrumb"},"inLanguage":"ca","potentialAction":[{"@type":"ReadAction","target":["https:\/\/ascensorescondal.com\/ca\/avis-legal\/"]}]},{"@type":"BreadcrumbList","@id":"https:\/\/ascensorescondal.com\/ca\/avis-legal\/#breadcrumb","itemListElement":[{"@type":"ListItem","position":1,"name":"Portada","item":"https:\/\/ascensorescondal.com\/ca\/"},{"@type":"ListItem","position":2,"name":"Av\u00eds Legal"}]},{"@type":"WebSite","@id":"https:\/\/ascensorescondal.com\/ca\/#website","url":"https:\/\/ascensorescondal.com\/ca\/","name":"","description":"","potentialAction":[{"@type":"SearchAction","target":{"@type":"EntryPoint","urlTemplate":"https:\/\/ascensorescondal.com\/ca\/?s={search_term_string}"},"query-input":{"@type":"PropertyValueSpecification","valueRequired":true,"valueName":"search_term_string"}}],"inLanguage":"ca"}]}},"_links":{"self":[{"href":"https:\/\/ascensorescondal.com\/ca\/wp-json\/wp\/v2\/pages\/429","targetHints":{"allow":["GET"]}}],"collection":[{"href":"https:\/\/ascensorescondal.com\/ca\/wp-json\/wp\/v2\/pages"}],"about":[{"href":"https:\/\/ascensorescondal.com\/ca\/wp-json\/wp\/v2\/types\/page"}],"author":[{"embeddable":true,"href":"https:\/\/ascensorescondal.com\/ca\/wp-json\/wp\/v2\/users\/1"}],"replies":[{"embeddable":true,"href":"https:\/\/ascensorescondal.com\/ca\/wp-json\/wp\/v2\/comments?post=429"}],"version-history":[{"count":2,"href":"https:\/\/ascensorescondal.com\/ca\/wp-json\/wp\/v2\/pages\/429\/revisions"}],"predecessor-version":[{"id":1637,"href":"https:\/\/ascensorescondal.com\/ca\/wp-json\/wp\/v2\/pages\/429\/revisions\/1637"}],"wp:attachment":[{"href":"https:\/\/ascensorescondal.com\/ca\/wp-json\/wp\/v2\/media?parent=429"}],"curies":[{"name":"wp","href":"https:\/\/api.w.org\/{rel}","templated":true}]}}