{"id":298,"date":"2016-12-13T15:56:57","date_gmt":"2016-12-13T15:56:57","guid":{"rendered":"http:\/\/ascensorescondal.com\/?page_id=298"},"modified":"2024-05-20T13:22:24","modified_gmt":"2024-05-20T11:22:24","slug":"financament","status":"publish","type":"page","link":"https:\/\/ascensorescondal.com\/ca\/financament\/","title":{"rendered":"Finan\u00e7ament"},"content":{"rendered":"<h1>Finan\u00e7ament<\/h1>\n<p><strong>EL SEU ASCENSOR PER 52,5 \u20ac AL MES*<\/strong><\/p>\n<p>Recolzats per dues de les Entitats Financeres m\u00e9s importants del pa\u00eds, els oferim l&#8217;oportunitat de finan\u00e7ar el seu ascensor d&#8217;una manera c\u00f2moda i senzilla, sense avals, sense demores i fins a un termini de 12 anys. Aquest tipus de pr\u00e9stec solidari especialment pensat per a Comunitats de Propietaris, far\u00e0 realitat la instal\u00b7laci\u00f3 d&#8217;un Ascensor a la seva finca.<\/p>\n<p><strong>No ho dubteu, feu la vostra consulta sense cap comprom\u00eds.<\/strong><\/p>\n<p>* (Simulaci\u00f3 subjecta a les condicions definitives i aprovaci\u00f3 per l&#8217;Entitat Financera).<\/p>\n<p>&nbsp;<\/p>\n<p>Per a m\u00e9s informaci\u00f3 poseu-vos en contacte amb nosaltres via telef\u00f2nica o pel nostre formulari online!<\/p>\n","protected":false},"excerpt":{"rendered":"<p>Finan\u00e7ament EL SEU ASCENSOR PER 52,5 \u20ac AL MES* Recolzats per dues de les Entitats Financeres m\u00e9s importants del pa\u00eds, els oferim l&#8217;oportunitat de finan\u00e7ar el seu ascensor d&#8217;una manera c\u00f2moda i senzilla, sense avals, sense demores i fins a un termini de 12 anys. Aquest tipus de pr\u00e9stec solidari especialment pensat per a Comunitats &hellip;<\/p>\n<p class=\"read-more\"> <a class=\"\" href=\"https:\/\/ascensorescondal.com\/ca\/financament\/\"> <span class=\"screen-reader-text\">Finan\u00e7ament<\/span> Llegeix m\u00e9s &raquo;<\/a><\/p>\n","protected":false},"author":1,"featured_media":0,"parent":0,"menu_order":0,"comment_status":"closed","ping_status":"closed","template":"","meta":{"site-sidebar-layout":"default","site-content-layout":"","ast-site-content-layout":"default","site-content-style":"default","site-sidebar-style":"default","ast-global-header-display":"","ast-banner-title-visibility":"","ast-main-header-display":"","ast-hfb-above-header-display":"","ast-hfb-below-header-display":"","ast-hfb-mobile-header-display":"","site-post-title":"","ast-breadcrumbs-content":"","ast-featured-img":"","footer-sml-layout":"","theme-transparent-header-meta":"default","adv-header-id-meta":"","stick-header-meta":"","header-above-stick-meta":"","header-main-stick-meta":"","header-below-stick-meta":"","astra-migrate-meta-layouts":"set","footnotes":""},"class_list":["post-298","page","type-page","status-publish","hentry"],"yoast_head":"<!-- This site is optimized with the Yoast SEO plugin v26.0 - https:\/\/yoast.com\/wordpress\/plugins\/seo\/ -->\n<title>Finan\u00e7ament. Ascensors Comtal<\/title>\n<meta name=\"description\" content=\"A Ascensors Condal, us oferim la possibilitat de finan\u00e7ament per al vostre ascensor per nom\u00e9s 52\u20ac al mes fins a 12 anys. Consulta&#039;ns\" \/>\n<meta name=\"robots\" content=\"index, follow, max-snippet:-1, max-image-preview:large, max-video-preview:-1\" \/>\n<link rel=\"canonical\" href=\"https:\/\/ascensorescondal.com\/ca\/financament\/\" \/>\n<meta property=\"og:locale\" content=\"ca_ES\" \/>\n<meta property=\"og:type\" content=\"article\" \/>\n<meta property=\"og:title\" content=\"Finan\u00e7ament. Ascensors Comtal\" \/>\n<meta property=\"og:description\" content=\"A Ascensors Condal, us oferim la possibilitat de finan\u00e7ament per al vostre ascensor per nom\u00e9s 52\u20ac al mes fins a 12 anys. Consulta&#039;ns\" \/>\n<meta property=\"og:url\" content=\"https:\/\/ascensorescondal.com\/ca\/financament\/\" \/>\n<meta property=\"article:modified_time\" content=\"2024-05-20T11:22:24+00:00\" \/>\n<meta name=\"twitter:card\" content=\"summary_large_image\" \/>\n<meta name=\"twitter:label1\" content=\"Temps estimat de lectura\" \/>\n\t<meta name=\"twitter:data1\" content=\"1 minut\" \/>\n<script type=\"application\/ld+json\" class=\"yoast-schema-graph\">{\"@context\":\"https:\/\/schema.org\",\"@graph\":[{\"@type\":\"WebPage\",\"@id\":\"https:\/\/ascensorescondal.com\/ca\/financament\/\",\"url\":\"https:\/\/ascensorescondal.com\/ca\/financament\/\",\"name\":\"Finan\u00e7ament. Ascensors Comtal\",\"isPartOf\":{\"@id\":\"https:\/\/ascensorescondal.com\/ca\/#website\"},\"datePublished\":\"2016-12-13T15:56:57+00:00\",\"dateModified\":\"2024-05-20T11:22:24+00:00\",\"description\":\"A Ascensors Condal, us oferim la possibilitat de finan\u00e7ament per al vostre ascensor per nom\u00e9s 52\u20ac al mes fins a 12 anys. Consulta'ns\",\"breadcrumb\":{\"@id\":\"https:\/\/ascensorescondal.com\/ca\/financament\/#breadcrumb\"},\"inLanguage\":\"ca\",\"potentialAction\":[{\"@type\":\"ReadAction\",\"target\":[\"https:\/\/ascensorescondal.com\/ca\/financament\/\"]}]},{\"@type\":\"BreadcrumbList\",\"@id\":\"https:\/\/ascensorescondal.com\/ca\/financament\/#breadcrumb\",\"itemListElement\":[{\"@type\":\"ListItem\",\"position\":1,\"name\":\"Portada\",\"item\":\"https:\/\/ascensorescondal.com\/ca\/\"},{\"@type\":\"ListItem\",\"position\":2,\"name\":\"Finan\u00e7ament\"}]},{\"@type\":\"WebSite\",\"@id\":\"https:\/\/ascensorescondal.com\/ca\/#website\",\"url\":\"https:\/\/ascensorescondal.com\/ca\/\",\"name\":\"\",\"description\":\"\",\"potentialAction\":[{\"@type\":\"SearchAction\",\"target\":{\"@type\":\"EntryPoint\",\"urlTemplate\":\"https:\/\/ascensorescondal.com\/ca\/?s={search_term_string}\"},\"query-input\":{\"@type\":\"PropertyValueSpecification\",\"valueRequired\":true,\"valueName\":\"search_term_string\"}}],\"inLanguage\":\"ca\"}]}<\/script>\n<!-- \/ Yoast SEO plugin. -->","yoast_head_json":{"title":"Finan\u00e7ament. Ascensors Comtal","description":"A Ascensors Condal, us oferim la possibilitat de finan\u00e7ament per al vostre ascensor per nom\u00e9s 52\u20ac al mes fins a 12 anys. Consulta'ns","robots":{"index":"index","follow":"follow","max-snippet":"max-snippet:-1","max-image-preview":"max-image-preview:large","max-video-preview":"max-video-preview:-1"},"canonical":"https:\/\/ascensorescondal.com\/ca\/financament\/","og_locale":"ca_ES","og_type":"article","og_title":"Finan\u00e7ament. Ascensors Comtal","og_description":"A Ascensors Condal, us oferim la possibilitat de finan\u00e7ament per al vostre ascensor per nom\u00e9s 52\u20ac al mes fins a 12 anys. Consulta'ns","og_url":"https:\/\/ascensorescondal.com\/ca\/financament\/","article_modified_time":"2024-05-20T11:22:24+00:00","twitter_card":"summary_large_image","twitter_misc":{"Temps estimat de lectura":"1 minut"},"schema":{"@context":"https:\/\/schema.org","@graph":[{"@type":"WebPage","@id":"https:\/\/ascensorescondal.com\/ca\/financament\/","url":"https:\/\/ascensorescondal.com\/ca\/financament\/","name":"Finan\u00e7ament. Ascensors Comtal","isPartOf":{"@id":"https:\/\/ascensorescondal.com\/ca\/#website"},"datePublished":"2016-12-13T15:56:57+00:00","dateModified":"2024-05-20T11:22:24+00:00","description":"A Ascensors Condal, us oferim la possibilitat de finan\u00e7ament per al vostre ascensor per nom\u00e9s 52\u20ac al mes fins a 12 anys. Consulta'ns","breadcrumb":{"@id":"https:\/\/ascensorescondal.com\/ca\/financament\/#breadcrumb"},"inLanguage":"ca","potentialAction":[{"@type":"ReadAction","target":["https:\/\/ascensorescondal.com\/ca\/financament\/"]}]},{"@type":"BreadcrumbList","@id":"https:\/\/ascensorescondal.com\/ca\/financament\/#breadcrumb","itemListElement":[{"@type":"ListItem","position":1,"name":"Portada","item":"https:\/\/ascensorescondal.com\/ca\/"},{"@type":"ListItem","position":2,"name":"Finan\u00e7ament"}]},{"@type":"WebSite","@id":"https:\/\/ascensorescondal.com\/ca\/#website","url":"https:\/\/ascensorescondal.com\/ca\/","name":"","description":"","potentialAction":[{"@type":"SearchAction","target":{"@type":"EntryPoint","urlTemplate":"https:\/\/ascensorescondal.com\/ca\/?s={search_term_string}"},"query-input":{"@type":"PropertyValueSpecification","valueRequired":true,"valueName":"search_term_string"}}],"inLanguage":"ca"}]}},"_links":{"self":[{"href":"https:\/\/ascensorescondal.com\/ca\/wp-json\/wp\/v2\/pages\/298","targetHints":{"allow":["GET"]}}],"collection":[{"href":"https:\/\/ascensorescondal.com\/ca\/wp-json\/wp\/v2\/pages"}],"about":[{"href":"https:\/\/ascensorescondal.com\/ca\/wp-json\/wp\/v2\/types\/page"}],"author":[{"embeddable":true,"href":"https:\/\/ascensorescondal.com\/ca\/wp-json\/wp\/v2\/users\/1"}],"replies":[{"embeddable":true,"href":"https:\/\/ascensorescondal.com\/ca\/wp-json\/wp\/v2\/comments?post=298"}],"version-history":[{"count":3,"href":"https:\/\/ascensorescondal.com\/ca\/wp-json\/wp\/v2\/pages\/298\/revisions"}],"predecessor-version":[{"id":1667,"href":"https:\/\/ascensorescondal.com\/ca\/wp-json\/wp\/v2\/pages\/298\/revisions\/1667"}],"wp:attachment":[{"href":"https:\/\/ascensorescondal.com\/ca\/wp-json\/wp\/v2\/media?parent=298"}],"curies":[{"name":"wp","href":"https:\/\/api.w.org\/{rel}","templated":true}]}}