{"id":237,"date":"2016-10-04T14:34:53","date_gmt":"2016-10-04T14:34:53","guid":{"rendered":"http:\/\/ascensorescondal.com\/newproyect\/?page_id=237"},"modified":"2024-04-05T14:10:01","modified_gmt":"2024-04-05T12:10:01","slug":"ascensors-sitges","status":"publish","type":"page","link":"https:\/\/ascensorescondal.com\/ca\/ascensors-sitges\/","title":{"rendered":"Ascensores Sitges"},"content":{"rendered":"<h1 class=\"uk-article-title\">Ascensors Sitges<\/h1>\n<p style=\"text-align: justify;\"><img fetchpriority=\"high\" decoding=\"async\" class=\"alignright wp-image-39 size-medium\" src=\"\/wp-content\/uploads\/2016\/05\/DSC_0960-685x1024-201x300.jpg\" alt=\"ascensors sitges\" width=\"201\" height=\"300\" \/>Per adaptar-nos i satisfer les necessitats dels nostres clients a Sitges, Sant Vincen\u00e7, El Prat i, en resum, tota la prov\u00edncia de Barcelona, a Ascensors Condal oferim el millor <strong>servei personalitzat d&#8217;instal\u00b7laci\u00f3, modernitzaci\u00f3, rehabilitaci\u00f3 i manteniment d&#8217;elevadors<\/strong> com a resultat d&#8217;anys de treball al sector.<\/p>\n<p style=\"text-align: justify;\">Amb <strong>Ascensors Comtal<\/strong> rebreu un assessorament previ que ens permetr\u00e0 con\u00e8ixer les vostres necessitats i que servir\u00e0 per informar-vos de tots els processos necessaris per dur a terme la instal\u00b7laci\u00f3 del seu elevador. Tots els passos necessaris per dur a terme l&#8217;obra, com obtenir llic\u00e8ncies o realitzar un estudi arquitect\u00f2nic previ, seran, per a la seva tranquil\u00b7litat m\u00e9s gran, funcions a realitzar per nosaltres, vost\u00e8 no s&#8217;haur\u00e0 de fer c\u00e0rrec de res. Si ja disposeu d&#8217;elevador, tamb\u00e9 podreu contractar amb nosaltres serveis de manteniment i rehabilitaci\u00f3.<\/p>\n<p style=\"text-align: justify;\">A m\u00e9s amb nosaltres gaudir\u00e0 de<strong>els millors preus del mercat<\/strong> i de la millor feina que uns professionals com nosaltres pot garantir, aconseguint que el resultat final destaqui pel seu <strong>efici\u00e8ncia, durabilitat i seguretat.<\/strong><\/p>\n<p style=\"text-align: justify;\">Truca&#8217;ns ara per aconseguir m\u00e9s informaci\u00f3.<\/p>\n","protected":false},"excerpt":{"rendered":"<p>Ascensors Sitges Per adaptar-nos i satisfer les necessitats dels nostres clients a Sitges, Sant Vincen\u00e7, El Prat i, en resum, tota la prov\u00edncia de Barcelona, a Ascensors Condal oferim el millor servei personalitzat d&#8217;instal\u00b7laci\u00f3, modernitzaci\u00f3, rehabilitaci\u00f3 i manteniment d&#8217;elevadors com a resultat d&#8217;anys de treball al sector. Amb Ascensors Comtal rebreu un assessorament previ que &hellip;<\/p>\n<p class=\"read-more\"> <a class=\"\" href=\"https:\/\/ascensorescondal.com\/ca\/ascensors-sitges\/\"> <span class=\"screen-reader-text\">Ascensores Sitges<\/span> Llegeix m\u00e9s &raquo;<\/a><\/p>\n","protected":false},"author":1,"featured_media":0,"parent":0,"menu_order":0,"comment_status":"closed","ping_status":"closed","template":"","meta":{"site-sidebar-layout":"default","site-content-layout":"","ast-site-content-layout":"default","site-content-style":"default","site-sidebar-style":"default","ast-global-header-display":"","ast-banner-title-visibility":"","ast-main-header-display":"","ast-hfb-above-header-display":"","ast-hfb-below-header-display":"","ast-hfb-mobile-header-display":"","site-post-title":"","ast-breadcrumbs-content":"","ast-featured-img":"","footer-sml-layout":"","theme-transparent-header-meta":"default","adv-header-id-meta":"","stick-header-meta":"","header-above-stick-meta":"","header-main-stick-meta":"","header-below-stick-meta":"","astra-migrate-meta-layouts":"set","footnotes":""},"class_list":["post-237","page","type-page","status-publish","hentry"],"yoast_head":"<!-- This site is optimized with the Yoast SEO plugin v26.0 - https:\/\/yoast.com\/wordpress\/plugins\/seo\/ -->\n<title>Empresa ascensors Sitges. Manteniment elevadors<\/title>\n<meta name=\"description\" content=\"ASCENSORS EURO CONDAL. Ascensor Sitges. Els nostres serveis s\u00f3n els d&#039;instal\u00b7laci\u00f3 i manteniment d&#039;elevadors a preu econ\u00f2mic a Sitges\" \/>\n<meta name=\"robots\" content=\"index, follow, max-snippet:-1, max-image-preview:large, max-video-preview:-1\" \/>\n<link rel=\"canonical\" href=\"https:\/\/ascensorescondal.com\/ca\/ascensors-sitges\/\" \/>\n<meta property=\"og:locale\" content=\"ca_ES\" \/>\n<meta property=\"og:type\" content=\"article\" \/>\n<meta property=\"og:title\" content=\"Empresa ascensors Sitges. Manteniment elevadors\" \/>\n<meta property=\"og:description\" content=\"ASCENSORS EURO CONDAL. Ascensor Sitges. Els nostres serveis s\u00f3n els d&#039;instal\u00b7laci\u00f3 i manteniment d&#039;elevadors a preu econ\u00f2mic a Sitges\" \/>\n<meta property=\"og:url\" content=\"https:\/\/ascensorescondal.com\/ca\/ascensors-sitges\/\" \/>\n<meta property=\"article:modified_time\" content=\"2024-04-05T12:10:01+00:00\" \/>\n<meta name=\"twitter:card\" content=\"summary_large_image\" \/>\n<meta name=\"twitter:label1\" content=\"Temps estimat de lectura\" \/>\n\t<meta name=\"twitter:data1\" content=\"1 minut\" \/>\n<script type=\"application\/ld+json\" class=\"yoast-schema-graph\">{\"@context\":\"https:\/\/schema.org\",\"@graph\":[{\"@type\":\"WebPage\",\"@id\":\"https:\/\/ascensorescondal.com\/ca\/ascensors-sitges\/\",\"url\":\"https:\/\/ascensorescondal.com\/ca\/ascensors-sitges\/\",\"name\":\"Empresa ascensors Sitges. Manteniment elevadors\",\"isPartOf\":{\"@id\":\"https:\/\/ascensorescondal.com\/ca\/#website\"},\"datePublished\":\"2016-10-04T14:34:53+00:00\",\"dateModified\":\"2024-04-05T12:10:01+00:00\",\"description\":\"ASCENSORS EURO CONDAL. Ascensor Sitges. Els nostres serveis s\u00f3n els d'instal\u00b7laci\u00f3 i manteniment d'elevadors a preu econ\u00f2mic a Sitges\",\"breadcrumb\":{\"@id\":\"https:\/\/ascensorescondal.com\/ca\/ascensors-sitges\/#breadcrumb\"},\"inLanguage\":\"ca\",\"potentialAction\":[{\"@type\":\"ReadAction\",\"target\":[\"https:\/\/ascensorescondal.com\/ca\/ascensors-sitges\/\"]}]},{\"@type\":\"BreadcrumbList\",\"@id\":\"https:\/\/ascensorescondal.com\/ca\/ascensors-sitges\/#breadcrumb\",\"itemListElement\":[{\"@type\":\"ListItem\",\"position\":1,\"name\":\"Portada\",\"item\":\"https:\/\/ascensorescondal.com\/ca\/\"},{\"@type\":\"ListItem\",\"position\":2,\"name\":\"Ascensores Sitges\"}]},{\"@type\":\"WebSite\",\"@id\":\"https:\/\/ascensorescondal.com\/ca\/#website\",\"url\":\"https:\/\/ascensorescondal.com\/ca\/\",\"name\":\"\",\"description\":\"\",\"potentialAction\":[{\"@type\":\"SearchAction\",\"target\":{\"@type\":\"EntryPoint\",\"urlTemplate\":\"https:\/\/ascensorescondal.com\/ca\/?s={search_term_string}\"},\"query-input\":{\"@type\":\"PropertyValueSpecification\",\"valueRequired\":true,\"valueName\":\"search_term_string\"}}],\"inLanguage\":\"ca\"}]}<\/script>\n<!-- \/ Yoast SEO plugin. -->","yoast_head_json":{"title":"Empresa ascensors Sitges. Manteniment elevadors","description":"ASCENSORS EURO CONDAL. Ascensor Sitges. Els nostres serveis s\u00f3n els d'instal\u00b7laci\u00f3 i manteniment d'elevadors a preu econ\u00f2mic a Sitges","robots":{"index":"index","follow":"follow","max-snippet":"max-snippet:-1","max-image-preview":"max-image-preview:large","max-video-preview":"max-video-preview:-1"},"canonical":"https:\/\/ascensorescondal.com\/ca\/ascensors-sitges\/","og_locale":"ca_ES","og_type":"article","og_title":"Empresa ascensors Sitges. Manteniment elevadors","og_description":"ASCENSORS EURO CONDAL. Ascensor Sitges. Els nostres serveis s\u00f3n els d'instal\u00b7laci\u00f3 i manteniment d'elevadors a preu econ\u00f2mic a Sitges","og_url":"https:\/\/ascensorescondal.com\/ca\/ascensors-sitges\/","article_modified_time":"2024-04-05T12:10:01+00:00","twitter_card":"summary_large_image","twitter_misc":{"Temps estimat de lectura":"1 minut"},"schema":{"@context":"https:\/\/schema.org","@graph":[{"@type":"WebPage","@id":"https:\/\/ascensorescondal.com\/ca\/ascensors-sitges\/","url":"https:\/\/ascensorescondal.com\/ca\/ascensors-sitges\/","name":"Empresa ascensors Sitges. Manteniment elevadors","isPartOf":{"@id":"https:\/\/ascensorescondal.com\/ca\/#website"},"datePublished":"2016-10-04T14:34:53+00:00","dateModified":"2024-04-05T12:10:01+00:00","description":"ASCENSORS EURO CONDAL. Ascensor Sitges. Els nostres serveis s\u00f3n els d'instal\u00b7laci\u00f3 i manteniment d'elevadors a preu econ\u00f2mic a Sitges","breadcrumb":{"@id":"https:\/\/ascensorescondal.com\/ca\/ascensors-sitges\/#breadcrumb"},"inLanguage":"ca","potentialAction":[{"@type":"ReadAction","target":["https:\/\/ascensorescondal.com\/ca\/ascensors-sitges\/"]}]},{"@type":"BreadcrumbList","@id":"https:\/\/ascensorescondal.com\/ca\/ascensors-sitges\/#breadcrumb","itemListElement":[{"@type":"ListItem","position":1,"name":"Portada","item":"https:\/\/ascensorescondal.com\/ca\/"},{"@type":"ListItem","position":2,"name":"Ascensores Sitges"}]},{"@type":"WebSite","@id":"https:\/\/ascensorescondal.com\/ca\/#website","url":"https:\/\/ascensorescondal.com\/ca\/","name":"","description":"","potentialAction":[{"@type":"SearchAction","target":{"@type":"EntryPoint","urlTemplate":"https:\/\/ascensorescondal.com\/ca\/?s={search_term_string}"},"query-input":{"@type":"PropertyValueSpecification","valueRequired":true,"valueName":"search_term_string"}}],"inLanguage":"ca"}]}},"_links":{"self":[{"href":"https:\/\/ascensorescondal.com\/ca\/wp-json\/wp\/v2\/pages\/237","targetHints":{"allow":["GET"]}}],"collection":[{"href":"https:\/\/ascensorescondal.com\/ca\/wp-json\/wp\/v2\/pages"}],"about":[{"href":"https:\/\/ascensorescondal.com\/ca\/wp-json\/wp\/v2\/types\/page"}],"author":[{"embeddable":true,"href":"https:\/\/ascensorescondal.com\/ca\/wp-json\/wp\/v2\/users\/1"}],"replies":[{"embeddable":true,"href":"https:\/\/ascensorescondal.com\/ca\/wp-json\/wp\/v2\/comments?post=237"}],"version-history":[{"count":1,"href":"https:\/\/ascensorescondal.com\/ca\/wp-json\/wp\/v2\/pages\/237\/revisions"}],"predecessor-version":[{"id":1554,"href":"https:\/\/ascensorescondal.com\/ca\/wp-json\/wp\/v2\/pages\/237\/revisions\/1554"}],"wp:attachment":[{"href":"https:\/\/ascensorescondal.com\/ca\/wp-json\/wp\/v2\/media?parent=237"}],"curies":[{"name":"wp","href":"https:\/\/api.w.org\/{rel}","templated":true}]}}