{"id":206,"date":"2016-10-04T08:48:41","date_gmt":"2016-10-04T08:48:41","guid":{"rendered":"http:\/\/ascensorescondal.com\/newproyect\/?page_id=206"},"modified":"2024-04-05T13:47:34","modified_gmt":"2024-04-05T11:47:34","slug":"ascensors-terrassa","status":"publish","type":"page","link":"https:\/\/ascensorescondal.com\/ca\/ascensors-terrassa\/","title":{"rendered":"Ascensores Terrassa"},"content":{"rendered":"<h1>Ascensors Terrassa<\/h1>\n<p><img fetchpriority=\"high\" decoding=\"async\" class=\"alignright wp-image-39 size-medium\" src=\"\/wp-content\/uploads\/2016\/05\/DSC_0960-685x1024-201x300.jpg\" alt=\"ascensor terrassa\" width=\"201\" height=\"300\" \/>Si necessita instal\u00b7lar un ascensor per millorar la seva mobilitat i augmentar la seva qualitat de vida dins de la seva pr\u00f2pia llar, a Ascensors Condal disposem de tot tipus de elevadors a Sant Andreu de la Barca, Terrassa, Badalona, etc. Disposem d\u00b4\u00e0mplia cobertura en la realitzaci\u00f3 del nostre treball gr\u00e0cies a l\u00b4experi\u00e8ncia obtinguda al llarg dels nostres anys de recorregut professional. Aix\u00f2 ens permet realitzar la nostra feina de la millor manera possible sigui quin sigui el projecte que el client ens presenti, adaptant-nos a les seves necessitats i donant-li un resultat personalitzat.<\/p>\n<p>Oferim des de serveis integrals d&#8217;instal\u00b7laci\u00f3 on ens ocupem absolutament de tot fins a simples treballs de manteniment i rehabilitaci\u00f3 de la maquin\u00e0ria. Amb nosaltres gaudireu de la millor relaci\u00f3 qualitat-preu del mercat i del millor assessorament que un equip professional com el nostre pot aportar.<\/p>\n<p>No en va l&#8217;opini\u00f3 dels nostres clients ens ha posicionat com a empresa l\u00edder del sector, i \u00e9s que la satisfacci\u00f3 dels nostres clients \u00e9s all\u00f2 que ens impulsa en la realitzaci\u00f3 de la nostra feina. No ho dubteu m\u00e9s i poseu-vos en contacte amb nosaltres.<\/p>\n","protected":false},"excerpt":{"rendered":"<p>Ascensors Terrassa Si necessita instal\u00b7lar un ascensor per millorar la seva mobilitat i augmentar la seva qualitat de vida dins de la seva pr\u00f2pia llar, a Ascensors Condal disposem de tot tipus de elevadors a Sant Andreu de la Barca, Terrassa, Badalona, etc. Disposem d\u00b4\u00e0mplia cobertura en la realitzaci\u00f3 del nostre treball gr\u00e0cies a l\u00b4experi\u00e8ncia &hellip;<\/p>\n<p class=\"read-more\"> <a class=\"\" href=\"https:\/\/ascensorescondal.com\/ca\/ascensors-terrassa\/\"> <span class=\"screen-reader-text\">Ascensores Terrassa<\/span> Llegeix m\u00e9s &raquo;<\/a><\/p>\n","protected":false},"author":1,"featured_media":0,"parent":0,"menu_order":0,"comment_status":"closed","ping_status":"closed","template":"","meta":{"site-sidebar-layout":"default","site-content-layout":"","ast-site-content-layout":"default","site-content-style":"default","site-sidebar-style":"default","ast-global-header-display":"","ast-banner-title-visibility":"","ast-main-header-display":"","ast-hfb-above-header-display":"","ast-hfb-below-header-display":"","ast-hfb-mobile-header-display":"","site-post-title":"","ast-breadcrumbs-content":"","ast-featured-img":"","footer-sml-layout":"","theme-transparent-header-meta":"default","adv-header-id-meta":"","stick-header-meta":"","header-above-stick-meta":"","header-main-stick-meta":"","header-below-stick-meta":"","astra-migrate-meta-layouts":"set","footnotes":""},"class_list":["post-206","page","type-page","status-publish","hentry"],"yoast_head":"<!-- This site is optimized with the Yoast SEO plugin v26.0 - https:\/\/yoast.com\/wordpress\/plugins\/seo\/ -->\n<title>Empresa ascensors Terrassa. Manteniment ascensor<\/title>\n<meta name=\"description\" content=\"ASCENSORS EURO CONDAL. Ascensor. Grup de professionals en la conservaci\u00f3, modernitzaci\u00f3 i manteniment d&#039;elevadors a Terrassa\" \/>\n<meta name=\"robots\" content=\"index, follow, max-snippet:-1, max-image-preview:large, max-video-preview:-1\" \/>\n<link rel=\"canonical\" href=\"https:\/\/ascensorescondal.com\/ca\/ascensors-terrassa\/\" \/>\n<meta property=\"og:locale\" content=\"ca_ES\" \/>\n<meta property=\"og:type\" content=\"article\" \/>\n<meta property=\"og:title\" content=\"Empresa ascensors Terrassa. Manteniment ascensor\" \/>\n<meta property=\"og:description\" content=\"ASCENSORS EURO CONDAL. Ascensor. Grup de professionals en la conservaci\u00f3, modernitzaci\u00f3 i manteniment d&#039;elevadors a Terrassa\" \/>\n<meta property=\"og:url\" content=\"https:\/\/ascensorescondal.com\/ca\/ascensors-terrassa\/\" \/>\n<meta property=\"article:modified_time\" content=\"2024-04-05T11:47:34+00:00\" \/>\n<meta name=\"twitter:card\" content=\"summary_large_image\" \/>\n<meta name=\"twitter:label1\" content=\"Temps estimat de lectura\" \/>\n\t<meta name=\"twitter:data1\" content=\"2 minuts\" \/>\n<script type=\"application\/ld+json\" class=\"yoast-schema-graph\">{\"@context\":\"https:\/\/schema.org\",\"@graph\":[{\"@type\":\"WebPage\",\"@id\":\"https:\/\/ascensorescondal.com\/ca\/ascensors-terrassa\/\",\"url\":\"https:\/\/ascensorescondal.com\/ca\/ascensors-terrassa\/\",\"name\":\"Empresa ascensors Terrassa. Manteniment ascensor\",\"isPartOf\":{\"@id\":\"https:\/\/ascensorescondal.com\/ca\/#website\"},\"datePublished\":\"2016-10-04T08:48:41+00:00\",\"dateModified\":\"2024-04-05T11:47:34+00:00\",\"description\":\"ASCENSORS EURO CONDAL. Ascensor. Grup de professionals en la conservaci\u00f3, modernitzaci\u00f3 i manteniment d'elevadors a Terrassa\",\"breadcrumb\":{\"@id\":\"https:\/\/ascensorescondal.com\/ca\/ascensors-terrassa\/#breadcrumb\"},\"inLanguage\":\"ca\",\"potentialAction\":[{\"@type\":\"ReadAction\",\"target\":[\"https:\/\/ascensorescondal.com\/ca\/ascensors-terrassa\/\"]}]},{\"@type\":\"BreadcrumbList\",\"@id\":\"https:\/\/ascensorescondal.com\/ca\/ascensors-terrassa\/#breadcrumb\",\"itemListElement\":[{\"@type\":\"ListItem\",\"position\":1,\"name\":\"Portada\",\"item\":\"https:\/\/ascensorescondal.com\/ca\/\"},{\"@type\":\"ListItem\",\"position\":2,\"name\":\"Ascensores Terrassa\"}]},{\"@type\":\"WebSite\",\"@id\":\"https:\/\/ascensorescondal.com\/ca\/#website\",\"url\":\"https:\/\/ascensorescondal.com\/ca\/\",\"name\":\"\",\"description\":\"\",\"potentialAction\":[{\"@type\":\"SearchAction\",\"target\":{\"@type\":\"EntryPoint\",\"urlTemplate\":\"https:\/\/ascensorescondal.com\/ca\/?s={search_term_string}\"},\"query-input\":{\"@type\":\"PropertyValueSpecification\",\"valueRequired\":true,\"valueName\":\"search_term_string\"}}],\"inLanguage\":\"ca\"}]}<\/script>\n<!-- \/ Yoast SEO plugin. -->","yoast_head_json":{"title":"Empresa ascensors Terrassa. Manteniment ascensor","description":"ASCENSORS EURO CONDAL. Ascensor. Grup de professionals en la conservaci\u00f3, modernitzaci\u00f3 i manteniment d'elevadors a Terrassa","robots":{"index":"index","follow":"follow","max-snippet":"max-snippet:-1","max-image-preview":"max-image-preview:large","max-video-preview":"max-video-preview:-1"},"canonical":"https:\/\/ascensorescondal.com\/ca\/ascensors-terrassa\/","og_locale":"ca_ES","og_type":"article","og_title":"Empresa ascensors Terrassa. Manteniment ascensor","og_description":"ASCENSORS EURO CONDAL. Ascensor. Grup de professionals en la conservaci\u00f3, modernitzaci\u00f3 i manteniment d'elevadors a Terrassa","og_url":"https:\/\/ascensorescondal.com\/ca\/ascensors-terrassa\/","article_modified_time":"2024-04-05T11:47:34+00:00","twitter_card":"summary_large_image","twitter_misc":{"Temps estimat de lectura":"2 minuts"},"schema":{"@context":"https:\/\/schema.org","@graph":[{"@type":"WebPage","@id":"https:\/\/ascensorescondal.com\/ca\/ascensors-terrassa\/","url":"https:\/\/ascensorescondal.com\/ca\/ascensors-terrassa\/","name":"Empresa ascensors Terrassa. Manteniment ascensor","isPartOf":{"@id":"https:\/\/ascensorescondal.com\/ca\/#website"},"datePublished":"2016-10-04T08:48:41+00:00","dateModified":"2024-04-05T11:47:34+00:00","description":"ASCENSORS EURO CONDAL. Ascensor. Grup de professionals en la conservaci\u00f3, modernitzaci\u00f3 i manteniment d'elevadors a Terrassa","breadcrumb":{"@id":"https:\/\/ascensorescondal.com\/ca\/ascensors-terrassa\/#breadcrumb"},"inLanguage":"ca","potentialAction":[{"@type":"ReadAction","target":["https:\/\/ascensorescondal.com\/ca\/ascensors-terrassa\/"]}]},{"@type":"BreadcrumbList","@id":"https:\/\/ascensorescondal.com\/ca\/ascensors-terrassa\/#breadcrumb","itemListElement":[{"@type":"ListItem","position":1,"name":"Portada","item":"https:\/\/ascensorescondal.com\/ca\/"},{"@type":"ListItem","position":2,"name":"Ascensores Terrassa"}]},{"@type":"WebSite","@id":"https:\/\/ascensorescondal.com\/ca\/#website","url":"https:\/\/ascensorescondal.com\/ca\/","name":"","description":"","potentialAction":[{"@type":"SearchAction","target":{"@type":"EntryPoint","urlTemplate":"https:\/\/ascensorescondal.com\/ca\/?s={search_term_string}"},"query-input":{"@type":"PropertyValueSpecification","valueRequired":true,"valueName":"search_term_string"}}],"inLanguage":"ca"}]}},"_links":{"self":[{"href":"https:\/\/ascensorescondal.com\/ca\/wp-json\/wp\/v2\/pages\/206","targetHints":{"allow":["GET"]}}],"collection":[{"href":"https:\/\/ascensorescondal.com\/ca\/wp-json\/wp\/v2\/pages"}],"about":[{"href":"https:\/\/ascensorescondal.com\/ca\/wp-json\/wp\/v2\/types\/page"}],"author":[{"embeddable":true,"href":"https:\/\/ascensorescondal.com\/ca\/wp-json\/wp\/v2\/users\/1"}],"replies":[{"embeddable":true,"href":"https:\/\/ascensorescondal.com\/ca\/wp-json\/wp\/v2\/comments?post=206"}],"version-history":[{"count":1,"href":"https:\/\/ascensorescondal.com\/ca\/wp-json\/wp\/v2\/pages\/206\/revisions"}],"predecessor-version":[{"id":1538,"href":"https:\/\/ascensorescondal.com\/ca\/wp-json\/wp\/v2\/pages\/206\/revisions\/1538"}],"wp:attachment":[{"href":"https:\/\/ascensorescondal.com\/ca\/wp-json\/wp\/v2\/media?parent=206"}],"curies":[{"name":"wp","href":"https:\/\/api.w.org\/{rel}","templated":true}]}}