{"id":1420,"date":"2022-12-20T15:55:16","date_gmt":"2022-12-20T15:55:16","guid":{"rendered":"https:\/\/ascensorescondal.com\/?page_id=1420"},"modified":"2024-04-05T14:27:36","modified_gmt":"2024-04-05T12:27:36","slug":"palleja","status":"publish","type":"page","link":"https:\/\/ascensorescondal.com\/ca\/palleja\/","title":{"rendered":"Pallej\u00e0"},"content":{"rendered":"<h1>Ascensors Pallej\u00e0<\/h1>\n<p>A Ascensors Condal ens encarreguem de realitzar els millors treballs d&#8217;instal\u00b7laci\u00f3 i manteniment d&#8217;ascensors, cobrint tamb\u00e9 la seva remodelaci\u00f3 a les zones de Palleja, sent reconeguts al mercat a nivell nacional.<\/p>\n<p>El nostre personal est\u00e0 100% capacitat amb anys d&#8217;experi\u00e8ncia efectuant tasques de remodelaci\u00f3 i instal\u00b7laci\u00f3 de muntac\u00e0rregues i productes electr\u00f2nics de la tecnologia m\u00e9s alta, igual que instal\u00b7lacions d&#8217;ascensors unifamiliars i de comunitats de propietaris.<\/p>\n<p>Oferim els nostres serveis a oficines, aix\u00ed com a resid\u00e8ncies i ind\u00fastries.<\/p>\n<p>&nbsp;<\/p>\n<h2>Oferim els millors serveis<\/h2>\n<p>Ascensors Condal compta amb el millor equip de professionals totalment capacitats i amb una gran experi\u00e8ncia al sector. Ens preocupem per cobrir totes les seves necessitats a Pallej\u00e0, complint els contractes estipulats, <strong>realitzant els lliuraments en el temps pactat i respectant cadascun dels acords<\/strong>.<\/p>\n<p>Comptem amb la millor estructura de treball, la qual ens permet desenvolupar de manera efica\u00e7 cadascuna de les nostres obres, aix\u00ed mateix tenim la capacitat per lliurar un treball a l&#8217;al\u00e7ada de les teves expectatives, competint com els millors al mercat.<\/p>\n<h2>Processos de treball<\/h2>\n<p>A l&#8217;hora d&#8217;executar cada treball apliquem les mesures de seguretat m\u00e9s estrictes, per garantir el lliurament del producte amb la millor qualitat. Els serveis que ofereix Ascensors Condal a Pallej\u00e0 s\u00f3n els seg\u00fcents:<\/p>\n<ul>\n<li><strong>Instal\u00b7laci\u00f3 d&#8217;ascensors <\/strong>en construccions antigues.<\/li>\n<li><strong>Comunicaci\u00f3 directa <\/strong>amb els nostres obrers.<\/li>\n<li><strong>Manteniment<\/strong> d&#8217;ascensors.<\/li>\n<li><strong>Assist\u00e8ncia de serveis de manteniment preventiu i correctiu<\/strong> als equips, amb la finalitat de garantir-ne el funcionament i la preservaci\u00f3 del model en el temps.<\/li>\n<\/ul>\n<p>A les oficines d&#8217;Ascensors Condal ens preocupem per oferir el millor servei amb efici\u00e8ncia i capacitat, per mitj\u00e0 del nostre equip t\u00e8cnic el qual pot resoldre qualsevol dubte, subministrar informaci\u00f3 i alhora proporcionar els millors serveis a l&#8217;\u00e0rea d&#8217;instal\u00b7laci\u00f3 i manteniment d&#8217;elevadors a Pallej\u00e0.<\/p>\n","protected":false},"excerpt":{"rendered":"<p>Ascensors Pallej\u00e0 A Ascensors Condal ens encarreguem de realitzar els millors treballs d&#8217;instal\u00b7laci\u00f3 i manteniment d&#8217;ascensors, cobrint tamb\u00e9 la seva remodelaci\u00f3 a les zones de Palleja, sent reconeguts al mercat a nivell nacional. El nostre personal est\u00e0 100% capacitat amb anys d&#8217;experi\u00e8ncia efectuant tasques de remodelaci\u00f3 i instal\u00b7laci\u00f3 de muntac\u00e0rregues i productes electr\u00f2nics de la &hellip;<\/p>\n<p class=\"read-more\"> <a class=\"\" href=\"https:\/\/ascensorescondal.com\/ca\/palleja\/\"> <span class=\"screen-reader-text\">Pallej\u00e0<\/span> Llegeix m\u00e9s &raquo;<\/a><\/p>\n","protected":false},"author":1,"featured_media":0,"parent":0,"menu_order":0,"comment_status":"closed","ping_status":"closed","template":"","meta":{"site-sidebar-layout":"default","site-content-layout":"","ast-site-content-layout":"default","site-content-style":"default","site-sidebar-style":"default","ast-global-header-display":"","ast-banner-title-visibility":"","ast-main-header-display":"","ast-hfb-above-header-display":"","ast-hfb-below-header-display":"","ast-hfb-mobile-header-display":"","site-post-title":"","ast-breadcrumbs-content":"","ast-featured-img":"","footer-sml-layout":"","theme-transparent-header-meta":"default","adv-header-id-meta":"","stick-header-meta":"","header-above-stick-meta":"","header-main-stick-meta":"","header-below-stick-meta":"","astra-migrate-meta-layouts":"set","footnotes":""},"class_list":["post-1420","page","type-page","status-publish","hentry"],"yoast_head":"<!-- This site is optimized with the Yoast SEO plugin v26.0 - https:\/\/yoast.com\/wordpress\/plugins\/seo\/ -->\n<title>Ascensors Pallej\u00e0. Manteniment elevadors Pallej\u00e0<\/title>\n<meta name=\"description\" content=\"ASCENSORS CONDAL. Ascensors Pallej\u00e0. Empresa amb experts en el manteniment i la instal\u00b7laci\u00f3 d&#039;elevadors a Pallej\u00e0\" \/>\n<meta name=\"robots\" content=\"index, follow, max-snippet:-1, max-image-preview:large, max-video-preview:-1\" \/>\n<link rel=\"canonical\" href=\"https:\/\/ascensorescondal.com\/ca\/palleja\/\" \/>\n<meta property=\"og:locale\" content=\"ca_ES\" \/>\n<meta property=\"og:type\" content=\"article\" \/>\n<meta property=\"og:title\" content=\"Ascensors Pallej\u00e0. Manteniment elevadors Pallej\u00e0\" \/>\n<meta property=\"og:description\" content=\"ASCENSORS CONDAL. Ascensors Pallej\u00e0. Empresa amb experts en el manteniment i la instal\u00b7laci\u00f3 d&#039;elevadors a Pallej\u00e0\" \/>\n<meta property=\"og:url\" content=\"https:\/\/ascensorescondal.com\/ca\/palleja\/\" \/>\n<meta property=\"article:modified_time\" content=\"2024-04-05T12:27:36+00:00\" \/>\n<meta name=\"twitter:card\" content=\"summary_large_image\" \/>\n<meta name=\"twitter:label1\" content=\"Temps estimat de lectura\" \/>\n\t<meta name=\"twitter:data1\" content=\"2 minuts\" \/>\n<script type=\"application\/ld+json\" class=\"yoast-schema-graph\">{\"@context\":\"https:\/\/schema.org\",\"@graph\":[{\"@type\":\"WebPage\",\"@id\":\"https:\/\/ascensorescondal.com\/ca\/palleja\/\",\"url\":\"https:\/\/ascensorescondal.com\/ca\/palleja\/\",\"name\":\"Ascensors Pallej\u00e0. Manteniment elevadors Pallej\u00e0\",\"isPartOf\":{\"@id\":\"https:\/\/ascensorescondal.com\/ca\/#website\"},\"datePublished\":\"2022-12-20T15:55:16+00:00\",\"dateModified\":\"2024-04-05T12:27:36+00:00\",\"description\":\"ASCENSORS CONDAL. Ascensors Pallej\u00e0. Empresa amb experts en el manteniment i la instal\u00b7laci\u00f3 d'elevadors a Pallej\u00e0\",\"breadcrumb\":{\"@id\":\"https:\/\/ascensorescondal.com\/ca\/palleja\/#breadcrumb\"},\"inLanguage\":\"ca\",\"potentialAction\":[{\"@type\":\"ReadAction\",\"target\":[\"https:\/\/ascensorescondal.com\/ca\/palleja\/\"]}]},{\"@type\":\"BreadcrumbList\",\"@id\":\"https:\/\/ascensorescondal.com\/ca\/palleja\/#breadcrumb\",\"itemListElement\":[{\"@type\":\"ListItem\",\"position\":1,\"name\":\"Portada\",\"item\":\"https:\/\/ascensorescondal.com\/ca\/\"},{\"@type\":\"ListItem\",\"position\":2,\"name\":\"Pallej\u00e0\"}]},{\"@type\":\"WebSite\",\"@id\":\"https:\/\/ascensorescondal.com\/ca\/#website\",\"url\":\"https:\/\/ascensorescondal.com\/ca\/\",\"name\":\"\",\"description\":\"\",\"potentialAction\":[{\"@type\":\"SearchAction\",\"target\":{\"@type\":\"EntryPoint\",\"urlTemplate\":\"https:\/\/ascensorescondal.com\/ca\/?s={search_term_string}\"},\"query-input\":{\"@type\":\"PropertyValueSpecification\",\"valueRequired\":true,\"valueName\":\"search_term_string\"}}],\"inLanguage\":\"ca\"}]}<\/script>\n<!-- \/ Yoast SEO plugin. -->","yoast_head_json":{"title":"Ascensors Pallej\u00e0. Manteniment elevadors Pallej\u00e0","description":"ASCENSORS CONDAL. Ascensors Pallej\u00e0. Empresa amb experts en el manteniment i la instal\u00b7laci\u00f3 d'elevadors a Pallej\u00e0","robots":{"index":"index","follow":"follow","max-snippet":"max-snippet:-1","max-image-preview":"max-image-preview:large","max-video-preview":"max-video-preview:-1"},"canonical":"https:\/\/ascensorescondal.com\/ca\/palleja\/","og_locale":"ca_ES","og_type":"article","og_title":"Ascensors Pallej\u00e0. Manteniment elevadors Pallej\u00e0","og_description":"ASCENSORS CONDAL. Ascensors Pallej\u00e0. Empresa amb experts en el manteniment i la instal\u00b7laci\u00f3 d'elevadors a Pallej\u00e0","og_url":"https:\/\/ascensorescondal.com\/ca\/palleja\/","article_modified_time":"2024-04-05T12:27:36+00:00","twitter_card":"summary_large_image","twitter_misc":{"Temps estimat de lectura":"2 minuts"},"schema":{"@context":"https:\/\/schema.org","@graph":[{"@type":"WebPage","@id":"https:\/\/ascensorescondal.com\/ca\/palleja\/","url":"https:\/\/ascensorescondal.com\/ca\/palleja\/","name":"Ascensors Pallej\u00e0. Manteniment elevadors Pallej\u00e0","isPartOf":{"@id":"https:\/\/ascensorescondal.com\/ca\/#website"},"datePublished":"2022-12-20T15:55:16+00:00","dateModified":"2024-04-05T12:27:36+00:00","description":"ASCENSORS CONDAL. Ascensors Pallej\u00e0. Empresa amb experts en el manteniment i la instal\u00b7laci\u00f3 d'elevadors a Pallej\u00e0","breadcrumb":{"@id":"https:\/\/ascensorescondal.com\/ca\/palleja\/#breadcrumb"},"inLanguage":"ca","potentialAction":[{"@type":"ReadAction","target":["https:\/\/ascensorescondal.com\/ca\/palleja\/"]}]},{"@type":"BreadcrumbList","@id":"https:\/\/ascensorescondal.com\/ca\/palleja\/#breadcrumb","itemListElement":[{"@type":"ListItem","position":1,"name":"Portada","item":"https:\/\/ascensorescondal.com\/ca\/"},{"@type":"ListItem","position":2,"name":"Pallej\u00e0"}]},{"@type":"WebSite","@id":"https:\/\/ascensorescondal.com\/ca\/#website","url":"https:\/\/ascensorescondal.com\/ca\/","name":"","description":"","potentialAction":[{"@type":"SearchAction","target":{"@type":"EntryPoint","urlTemplate":"https:\/\/ascensorescondal.com\/ca\/?s={search_term_string}"},"query-input":{"@type":"PropertyValueSpecification","valueRequired":true,"valueName":"search_term_string"}}],"inLanguage":"ca"}]}},"_links":{"self":[{"href":"https:\/\/ascensorescondal.com\/ca\/wp-json\/wp\/v2\/pages\/1420","targetHints":{"allow":["GET"]}}],"collection":[{"href":"https:\/\/ascensorescondal.com\/ca\/wp-json\/wp\/v2\/pages"}],"about":[{"href":"https:\/\/ascensorescondal.com\/ca\/wp-json\/wp\/v2\/types\/page"}],"author":[{"embeddable":true,"href":"https:\/\/ascensorescondal.com\/ca\/wp-json\/wp\/v2\/users\/1"}],"replies":[{"embeddable":true,"href":"https:\/\/ascensorescondal.com\/ca\/wp-json\/wp\/v2\/comments?post=1420"}],"version-history":[{"count":2,"href":"https:\/\/ascensorescondal.com\/ca\/wp-json\/wp\/v2\/pages\/1420\/revisions"}],"predecessor-version":[{"id":1574,"href":"https:\/\/ascensorescondal.com\/ca\/wp-json\/wp\/v2\/pages\/1420\/revisions\/1574"}],"wp:attachment":[{"href":"https:\/\/ascensorescondal.com\/ca\/wp-json\/wp\/v2\/media?parent=1420"}],"curies":[{"name":"wp","href":"https:\/\/api.w.org\/{rel}","templated":true}]}}