{"id":1417,"date":"2022-11-16T09:01:13","date_gmt":"2022-11-16T09:01:13","guid":{"rendered":"https:\/\/ascensorescondal.com\/?page_id=1417"},"modified":"2024-04-05T14:27:14","modified_gmt":"2024-04-05T12:27:14","slug":"molins-de-rei","status":"publish","type":"page","link":"https:\/\/ascensorescondal.com\/ca\/molins-de-rei\/","title":{"rendered":"Molins de Rei"},"content":{"rendered":"<h1>Ascensors Molins de Rei<\/h1>\n<p>A Ascensors Condal ens dediquem a la instal\u00b7laci\u00f3, fabricaci\u00f3, remodelaci\u00f3 i manteniment d&#8217;ascensors a Molins de Rei, on la nostra pres\u00e8ncia al mercat s&#8217;ha posicionat al territori nacional. Comptem amb personal especialitzat que ha executat remodelacions i instal\u00b7lacions de muntac\u00e0rregues i equips electr\u00f2nics de tecnologia moderna, aix\u00ed com la instal\u00b7laci\u00f3 d&#8217;ascensors a unifamiliars i instal\u00b7laci\u00f3 d&#8217;ascensors a comunitats de propietaris.<\/p>\n<p>Els nostres serveis s&#8217;ofereixen tant a oficines, com a resid\u00e8ncies i ind\u00fastries.<\/p>\n<p>&nbsp;<\/p>\n<h2>Oferim els millors serveis<\/h2>\n<p>A Ascensors Condal,<strong> comptem amb personal qualificat, amb \u00e0mplia experi\u00e8ncia en el sector<\/strong>, i ens esforcem per satisfer les necessitats espec\u00edfiques de cadascun dels nostres clients, complint amb els compromisos pactats.<\/p>\n<p>Cada treball realitzat es fa seguint estrictes normes de seguretat, tot amb la finalitat de lliurar un producte de total qualitat. Els serveis que s&#8217;ofereixen a Molins de Rei s\u00f3n:<\/p>\n<ul>\n<li>Manteniment d&#8217;ascensors.<\/li>\n<li>Instal\u00b7laci\u00f3 d&#8217;ascensors a edificis antics.<\/li>\n<li>Assist\u00e8ncia de servei de manteniment preventiu i correctiu als equips, perqu\u00e8 aquests funcionin a la perfecci\u00f3 conservant en el temps la seva presentaci\u00f3.<\/li>\n<li>Comunicaci\u00f3 directa amb els nostres operaris, prestant una assist\u00e8ncia eficient.<\/li>\n<\/ul>\n<p>A l&#8217;oficina d&#8217;Ascensors Condal sempre estem disposats a servir, amb efici\u00e8ncia i coneixement, a trav\u00e9s del nostre equip t\u00e8cnic que pot resoldre qualsevol inquietud, informaci\u00f3 o proporcionar el millor servei d&#8217;instal\u00b7laci\u00f3 i manteniment d&#8217;elevadors a Molins de Rei.<\/p>\n","protected":false},"excerpt":{"rendered":"<p>Ascensors Molins de Rei A Ascensors Condal ens dediquem a la instal\u00b7laci\u00f3, fabricaci\u00f3, remodelaci\u00f3 i manteniment d&#8217;ascensors a Molins de Rei, on la nostra pres\u00e8ncia al mercat s&#8217;ha posicionat al territori nacional. Comptem amb personal especialitzat que ha executat remodelacions i instal\u00b7lacions de muntac\u00e0rregues i equips electr\u00f2nics de tecnologia moderna, aix\u00ed com la instal\u00b7laci\u00f3 d&#8217;ascensors &hellip;<\/p>\n<p class=\"read-more\"> <a class=\"\" href=\"https:\/\/ascensorescondal.com\/ca\/molins-de-rei\/\"> <span class=\"screen-reader-text\">Molins de Rei<\/span> Llegeix m\u00e9s &raquo;<\/a><\/p>\n","protected":false},"author":1,"featured_media":0,"parent":0,"menu_order":0,"comment_status":"closed","ping_status":"closed","template":"","meta":{"site-sidebar-layout":"default","site-content-layout":"","ast-site-content-layout":"default","site-content-style":"default","site-sidebar-style":"default","ast-global-header-display":"","ast-banner-title-visibility":"","ast-main-header-display":"","ast-hfb-above-header-display":"","ast-hfb-below-header-display":"","ast-hfb-mobile-header-display":"","site-post-title":"","ast-breadcrumbs-content":"","ast-featured-img":"","footer-sml-layout":"","theme-transparent-header-meta":"default","adv-header-id-meta":"","stick-header-meta":"","header-above-stick-meta":"","header-main-stick-meta":"","header-below-stick-meta":"","astra-migrate-meta-layouts":"set","footnotes":""},"class_list":["post-1417","page","type-page","status-publish","hentry"],"yoast_head":"<!-- This site is optimized with the Yoast SEO plugin v26.0 - https:\/\/yoast.com\/wordpress\/plugins\/seo\/ -->\n<title>Ascensors Molins de Rei. Manteniment elevadors<\/title>\n<meta name=\"description\" content=\"ASCENSORS CONDAL. Elevadors. Manteniment i instal\u00b7laci\u00f3 d&#039;ascensors a preu barat a Molins de Rei\" \/>\n<meta name=\"robots\" content=\"index, follow, max-snippet:-1, max-image-preview:large, max-video-preview:-1\" \/>\n<link rel=\"canonical\" href=\"https:\/\/ascensorescondal.com\/ca\/molins-de-rei\/\" \/>\n<meta property=\"og:locale\" content=\"ca_ES\" \/>\n<meta property=\"og:type\" content=\"article\" \/>\n<meta property=\"og:title\" content=\"Ascensors Molins de Rei. Manteniment elevadors\" \/>\n<meta property=\"og:description\" content=\"ASCENSORS CONDAL. Elevadors. Manteniment i instal\u00b7laci\u00f3 d&#039;ascensors a preu barat a Molins de Rei\" \/>\n<meta property=\"og:url\" content=\"https:\/\/ascensorescondal.com\/ca\/molins-de-rei\/\" \/>\n<meta property=\"article:modified_time\" content=\"2024-04-05T12:27:14+00:00\" \/>\n<meta name=\"twitter:card\" content=\"summary_large_image\" \/>\n<meta name=\"twitter:label1\" content=\"Temps estimat de lectura\" \/>\n\t<meta name=\"twitter:data1\" content=\"2 minuts\" \/>\n<script type=\"application\/ld+json\" class=\"yoast-schema-graph\">{\"@context\":\"https:\/\/schema.org\",\"@graph\":[{\"@type\":\"WebPage\",\"@id\":\"https:\/\/ascensorescondal.com\/ca\/molins-de-rei\/\",\"url\":\"https:\/\/ascensorescondal.com\/ca\/molins-de-rei\/\",\"name\":\"Ascensors Molins de Rei. Manteniment elevadors\",\"isPartOf\":{\"@id\":\"https:\/\/ascensorescondal.com\/ca\/#website\"},\"datePublished\":\"2022-11-16T09:01:13+00:00\",\"dateModified\":\"2024-04-05T12:27:14+00:00\",\"description\":\"ASCENSORS CONDAL. Elevadors. Manteniment i instal\u00b7laci\u00f3 d'ascensors a preu barat a Molins de Rei\",\"breadcrumb\":{\"@id\":\"https:\/\/ascensorescondal.com\/ca\/molins-de-rei\/#breadcrumb\"},\"inLanguage\":\"ca\",\"potentialAction\":[{\"@type\":\"ReadAction\",\"target\":[\"https:\/\/ascensorescondal.com\/ca\/molins-de-rei\/\"]}]},{\"@type\":\"BreadcrumbList\",\"@id\":\"https:\/\/ascensorescondal.com\/ca\/molins-de-rei\/#breadcrumb\",\"itemListElement\":[{\"@type\":\"ListItem\",\"position\":1,\"name\":\"Portada\",\"item\":\"https:\/\/ascensorescondal.com\/ca\/\"},{\"@type\":\"ListItem\",\"position\":2,\"name\":\"Molins de Rei\"}]},{\"@type\":\"WebSite\",\"@id\":\"https:\/\/ascensorescondal.com\/ca\/#website\",\"url\":\"https:\/\/ascensorescondal.com\/ca\/\",\"name\":\"\",\"description\":\"\",\"potentialAction\":[{\"@type\":\"SearchAction\",\"target\":{\"@type\":\"EntryPoint\",\"urlTemplate\":\"https:\/\/ascensorescondal.com\/ca\/?s={search_term_string}\"},\"query-input\":{\"@type\":\"PropertyValueSpecification\",\"valueRequired\":true,\"valueName\":\"search_term_string\"}}],\"inLanguage\":\"ca\"}]}<\/script>\n<!-- \/ Yoast SEO plugin. -->","yoast_head_json":{"title":"Ascensors Molins de Rei. Manteniment elevadors","description":"ASCENSORS CONDAL. Elevadors. Manteniment i instal\u00b7laci\u00f3 d'ascensors a preu barat a Molins de Rei","robots":{"index":"index","follow":"follow","max-snippet":"max-snippet:-1","max-image-preview":"max-image-preview:large","max-video-preview":"max-video-preview:-1"},"canonical":"https:\/\/ascensorescondal.com\/ca\/molins-de-rei\/","og_locale":"ca_ES","og_type":"article","og_title":"Ascensors Molins de Rei. Manteniment elevadors","og_description":"ASCENSORS CONDAL. Elevadors. Manteniment i instal\u00b7laci\u00f3 d'ascensors a preu barat a Molins de Rei","og_url":"https:\/\/ascensorescondal.com\/ca\/molins-de-rei\/","article_modified_time":"2024-04-05T12:27:14+00:00","twitter_card":"summary_large_image","twitter_misc":{"Temps estimat de lectura":"2 minuts"},"schema":{"@context":"https:\/\/schema.org","@graph":[{"@type":"WebPage","@id":"https:\/\/ascensorescondal.com\/ca\/molins-de-rei\/","url":"https:\/\/ascensorescondal.com\/ca\/molins-de-rei\/","name":"Ascensors Molins de Rei. Manteniment elevadors","isPartOf":{"@id":"https:\/\/ascensorescondal.com\/ca\/#website"},"datePublished":"2022-11-16T09:01:13+00:00","dateModified":"2024-04-05T12:27:14+00:00","description":"ASCENSORS CONDAL. Elevadors. Manteniment i instal\u00b7laci\u00f3 d'ascensors a preu barat a Molins de Rei","breadcrumb":{"@id":"https:\/\/ascensorescondal.com\/ca\/molins-de-rei\/#breadcrumb"},"inLanguage":"ca","potentialAction":[{"@type":"ReadAction","target":["https:\/\/ascensorescondal.com\/ca\/molins-de-rei\/"]}]},{"@type":"BreadcrumbList","@id":"https:\/\/ascensorescondal.com\/ca\/molins-de-rei\/#breadcrumb","itemListElement":[{"@type":"ListItem","position":1,"name":"Portada","item":"https:\/\/ascensorescondal.com\/ca\/"},{"@type":"ListItem","position":2,"name":"Molins de Rei"}]},{"@type":"WebSite","@id":"https:\/\/ascensorescondal.com\/ca\/#website","url":"https:\/\/ascensorescondal.com\/ca\/","name":"","description":"","potentialAction":[{"@type":"SearchAction","target":{"@type":"EntryPoint","urlTemplate":"https:\/\/ascensorescondal.com\/ca\/?s={search_term_string}"},"query-input":{"@type":"PropertyValueSpecification","valueRequired":true,"valueName":"search_term_string"}}],"inLanguage":"ca"}]}},"_links":{"self":[{"href":"https:\/\/ascensorescondal.com\/ca\/wp-json\/wp\/v2\/pages\/1417","targetHints":{"allow":["GET"]}}],"collection":[{"href":"https:\/\/ascensorescondal.com\/ca\/wp-json\/wp\/v2\/pages"}],"about":[{"href":"https:\/\/ascensorescondal.com\/ca\/wp-json\/wp\/v2\/types\/page"}],"author":[{"embeddable":true,"href":"https:\/\/ascensorescondal.com\/ca\/wp-json\/wp\/v2\/users\/1"}],"replies":[{"embeddable":true,"href":"https:\/\/ascensorescondal.com\/ca\/wp-json\/wp\/v2\/comments?post=1417"}],"version-history":[{"count":2,"href":"https:\/\/ascensorescondal.com\/ca\/wp-json\/wp\/v2\/pages\/1417\/revisions"}],"predecessor-version":[{"id":1573,"href":"https:\/\/ascensorescondal.com\/ca\/wp-json\/wp\/v2\/pages\/1417\/revisions\/1573"}],"wp:attachment":[{"href":"https:\/\/ascensorescondal.com\/ca\/wp-json\/wp\/v2\/media?parent=1417"}],"curies":[{"name":"wp","href":"https:\/\/api.w.org\/{rel}","templated":true}]}}