{"id":1409,"date":"2022-11-16T08:44:19","date_gmt":"2022-11-16T08:44:19","guid":{"rendered":"https:\/\/ascensorescondal.com\/?page_id=1409"},"modified":"2024-04-05T14:26:23","modified_gmt":"2024-04-05T12:26:23","slug":"sant-esteve-sesrovires","status":"publish","type":"page","link":"https:\/\/ascensorescondal.com\/ca\/sant-esteve-sesrovires\/","title":{"rendered":"Sant Esteve Sesrovires"},"content":{"rendered":"<h1>Ascensors Sant Esteve Sesrovires<\/h1>\n<p>A Ascensors Condal, oferim el servei m\u00e9s complet a Sant Esteve de Sesrovires, on som la millor opci\u00f3 en instal\u00b7lacions i manteniment d&#8217;elevadors.<\/p>\n<p>La nostra prioritat \u00e9s satisfer les necessitats dels nostres clients, oferint els millors serveis de la m\u00e0 d&#8217;experts, preparats per a qualsevol projecte, relacionat amb la instal\u00b7laci\u00f3 d&#8217;ascensors a edificis antics, modernitzaci\u00f3 d&#8217;ascensors i manteniment d&#8217;ascensors a Barcelona.<\/p>\n<p>Sabem com s\u00f3n de complicats i delicats aquest tipus de treballs, i per aquesta ra\u00f3, comptem amb els millors plans d&#8217;execuci\u00f3 gr\u00e0cies a la nostra experi\u00e8ncia en el mercat i per les m\u00faltiples obres efectuades.<\/p>\n<h2>Disposem dels millors serveis<\/h2>\n<p>Som una de les empreses d&#8217;ascensors de Barcelona m\u00e9s preparades al sector. Oferim instal\u00b7laci\u00f3 d&#8217;ascensors a comunitats propietaris, plataforma elevadora, elevadors verticals i molt m\u00e9s.<\/p>\n<p>Som una empresa amb una llarga i irreprotxable traject\u00f2ria, sempre responsable de cada projecte, garantint que s&#8217;executi de la millor manera amb l&#8217;objectiu de mantenir satisfets els nostres clients. \u00c9s per aix\u00f2 que <strong>ens encarreguem de tots els permisos legals per a cada obra<\/strong>. De la mateixa manera, realitzem un estudi arquitect\u00f2nic previ que ens permet avaluar lestructura, per determinar com iniciar lobra.<\/p>\n<p>Per si no n&#8217;hi hagu\u00e9s prou, <strong>comptem amb els preus m\u00e9s flexibles<\/strong> i adequats per a cadascun dels serveis que oferim.<\/p>\n<p>Aix\u00ed que us convidem a contactar-nos si voleu obtenir els nostres serveis d&#8217;instal\u00b7laci\u00f3 i manteniment d&#8217;ascensors a Sant Esteve de Sesrovires. A Ascensors Condal sens dubte, t&#8217;atendrem com t&#8217;ho mereixes i tindrem les respostes a totes les teves preguntes.<\/p>\n","protected":false},"excerpt":{"rendered":"<p>Ascensors Sant Esteve Sesrovires A Ascensors Condal, oferim el servei m\u00e9s complet a Sant Esteve de Sesrovires, on som la millor opci\u00f3 en instal\u00b7lacions i manteniment d&#8217;elevadors. La nostra prioritat \u00e9s satisfer les necessitats dels nostres clients, oferint els millors serveis de la m\u00e0 d&#8217;experts, preparats per a qualsevol projecte, relacionat amb la instal\u00b7laci\u00f3 d&#8217;ascensors &hellip;<\/p>\n<p class=\"read-more\"> <a class=\"\" href=\"https:\/\/ascensorescondal.com\/ca\/sant-esteve-sesrovires\/\"> <span class=\"screen-reader-text\">Sant Esteve Sesrovires<\/span> Llegeix m\u00e9s &raquo;<\/a><\/p>\n","protected":false},"author":1,"featured_media":0,"parent":0,"menu_order":0,"comment_status":"closed","ping_status":"closed","template":"","meta":{"site-sidebar-layout":"default","site-content-layout":"","ast-site-content-layout":"default","site-content-style":"default","site-sidebar-style":"default","ast-global-header-display":"","ast-banner-title-visibility":"","ast-main-header-display":"","ast-hfb-above-header-display":"","ast-hfb-below-header-display":"","ast-hfb-mobile-header-display":"","site-post-title":"","ast-breadcrumbs-content":"","ast-featured-img":"","footer-sml-layout":"","theme-transparent-header-meta":"default","adv-header-id-meta":"","stick-header-meta":"","header-above-stick-meta":"","header-main-stick-meta":"","header-below-stick-meta":"","astra-migrate-meta-layouts":"set","footnotes":""},"class_list":["post-1409","page","type-page","status-publish","hentry"],"yoast_head":"<!-- This site is optimized with the Yoast SEO plugin v26.0 - https:\/\/yoast.com\/wordpress\/plugins\/seo\/ -->\n<title>Ascensors Sant Esteve de Sesrovires. Manteniment elevador<\/title>\n<meta name=\"description\" content=\"ASCENSORS CONDAL. Elevadors Sant Esteve. Empresa experta en el manteniment i instal\u00b7laci\u00f3 d&#039;ascensors a Sant Esteve de Sesrovires\" \/>\n<meta name=\"robots\" content=\"index, follow, max-snippet:-1, max-image-preview:large, max-video-preview:-1\" \/>\n<link rel=\"canonical\" href=\"https:\/\/ascensorescondal.com\/ca\/sant-esteve-sesrovires\/\" \/>\n<meta property=\"og:locale\" content=\"ca_ES\" \/>\n<meta property=\"og:type\" content=\"article\" \/>\n<meta property=\"og:title\" content=\"Ascensors Sant Esteve de Sesrovires. Manteniment elevador\" \/>\n<meta property=\"og:description\" content=\"ASCENSORS CONDAL. Elevadors Sant Esteve. Empresa experta en el manteniment i instal\u00b7laci\u00f3 d&#039;ascensors a Sant Esteve de Sesrovires\" \/>\n<meta property=\"og:url\" content=\"https:\/\/ascensorescondal.com\/ca\/sant-esteve-sesrovires\/\" \/>\n<meta property=\"article:modified_time\" content=\"2024-04-05T12:26:23+00:00\" \/>\n<meta name=\"twitter:card\" content=\"summary_large_image\" \/>\n<meta name=\"twitter:label1\" content=\"Temps estimat de lectura\" \/>\n\t<meta name=\"twitter:data1\" content=\"2 minuts\" \/>\n<script type=\"application\/ld+json\" class=\"yoast-schema-graph\">{\"@context\":\"https:\/\/schema.org\",\"@graph\":[{\"@type\":\"WebPage\",\"@id\":\"https:\/\/ascensorescondal.com\/ca\/sant-esteve-sesrovires\/\",\"url\":\"https:\/\/ascensorescondal.com\/ca\/sant-esteve-sesrovires\/\",\"name\":\"Ascensors Sant Esteve de Sesrovires. Manteniment elevador\",\"isPartOf\":{\"@id\":\"https:\/\/ascensorescondal.com\/ca\/#website\"},\"datePublished\":\"2022-11-16T08:44:19+00:00\",\"dateModified\":\"2024-04-05T12:26:23+00:00\",\"description\":\"ASCENSORS CONDAL. Elevadors Sant Esteve. Empresa experta en el manteniment i instal\u00b7laci\u00f3 d'ascensors a Sant Esteve de Sesrovires\",\"breadcrumb\":{\"@id\":\"https:\/\/ascensorescondal.com\/ca\/sant-esteve-sesrovires\/#breadcrumb\"},\"inLanguage\":\"ca\",\"potentialAction\":[{\"@type\":\"ReadAction\",\"target\":[\"https:\/\/ascensorescondal.com\/ca\/sant-esteve-sesrovires\/\"]}]},{\"@type\":\"BreadcrumbList\",\"@id\":\"https:\/\/ascensorescondal.com\/ca\/sant-esteve-sesrovires\/#breadcrumb\",\"itemListElement\":[{\"@type\":\"ListItem\",\"position\":1,\"name\":\"Portada\",\"item\":\"https:\/\/ascensorescondal.com\/ca\/\"},{\"@type\":\"ListItem\",\"position\":2,\"name\":\"Sant Esteve Sesrovires\"}]},{\"@type\":\"WebSite\",\"@id\":\"https:\/\/ascensorescondal.com\/ca\/#website\",\"url\":\"https:\/\/ascensorescondal.com\/ca\/\",\"name\":\"\",\"description\":\"\",\"potentialAction\":[{\"@type\":\"SearchAction\",\"target\":{\"@type\":\"EntryPoint\",\"urlTemplate\":\"https:\/\/ascensorescondal.com\/ca\/?s={search_term_string}\"},\"query-input\":{\"@type\":\"PropertyValueSpecification\",\"valueRequired\":true,\"valueName\":\"search_term_string\"}}],\"inLanguage\":\"ca\"}]}<\/script>\n<!-- \/ Yoast SEO plugin. -->","yoast_head_json":{"title":"Ascensors Sant Esteve de Sesrovires. Manteniment elevador","description":"ASCENSORS CONDAL. Elevadors Sant Esteve. Empresa experta en el manteniment i instal\u00b7laci\u00f3 d'ascensors a Sant Esteve de Sesrovires","robots":{"index":"index","follow":"follow","max-snippet":"max-snippet:-1","max-image-preview":"max-image-preview:large","max-video-preview":"max-video-preview:-1"},"canonical":"https:\/\/ascensorescondal.com\/ca\/sant-esteve-sesrovires\/","og_locale":"ca_ES","og_type":"article","og_title":"Ascensors Sant Esteve de Sesrovires. Manteniment elevador","og_description":"ASCENSORS CONDAL. Elevadors Sant Esteve. Empresa experta en el manteniment i instal\u00b7laci\u00f3 d'ascensors a Sant Esteve de Sesrovires","og_url":"https:\/\/ascensorescondal.com\/ca\/sant-esteve-sesrovires\/","article_modified_time":"2024-04-05T12:26:23+00:00","twitter_card":"summary_large_image","twitter_misc":{"Temps estimat de lectura":"2 minuts"},"schema":{"@context":"https:\/\/schema.org","@graph":[{"@type":"WebPage","@id":"https:\/\/ascensorescondal.com\/ca\/sant-esteve-sesrovires\/","url":"https:\/\/ascensorescondal.com\/ca\/sant-esteve-sesrovires\/","name":"Ascensors Sant Esteve de Sesrovires. Manteniment elevador","isPartOf":{"@id":"https:\/\/ascensorescondal.com\/ca\/#website"},"datePublished":"2022-11-16T08:44:19+00:00","dateModified":"2024-04-05T12:26:23+00:00","description":"ASCENSORS CONDAL. Elevadors Sant Esteve. Empresa experta en el manteniment i instal\u00b7laci\u00f3 d'ascensors a Sant Esteve de Sesrovires","breadcrumb":{"@id":"https:\/\/ascensorescondal.com\/ca\/sant-esteve-sesrovires\/#breadcrumb"},"inLanguage":"ca","potentialAction":[{"@type":"ReadAction","target":["https:\/\/ascensorescondal.com\/ca\/sant-esteve-sesrovires\/"]}]},{"@type":"BreadcrumbList","@id":"https:\/\/ascensorescondal.com\/ca\/sant-esteve-sesrovires\/#breadcrumb","itemListElement":[{"@type":"ListItem","position":1,"name":"Portada","item":"https:\/\/ascensorescondal.com\/ca\/"},{"@type":"ListItem","position":2,"name":"Sant Esteve Sesrovires"}]},{"@type":"WebSite","@id":"https:\/\/ascensorescondal.com\/ca\/#website","url":"https:\/\/ascensorescondal.com\/ca\/","name":"","description":"","potentialAction":[{"@type":"SearchAction","target":{"@type":"EntryPoint","urlTemplate":"https:\/\/ascensorescondal.com\/ca\/?s={search_term_string}"},"query-input":{"@type":"PropertyValueSpecification","valueRequired":true,"valueName":"search_term_string"}}],"inLanguage":"ca"}]}},"_links":{"self":[{"href":"https:\/\/ascensorescondal.com\/ca\/wp-json\/wp\/v2\/pages\/1409","targetHints":{"allow":["GET"]}}],"collection":[{"href":"https:\/\/ascensorescondal.com\/ca\/wp-json\/wp\/v2\/pages"}],"about":[{"href":"https:\/\/ascensorescondal.com\/ca\/wp-json\/wp\/v2\/types\/page"}],"author":[{"embeddable":true,"href":"https:\/\/ascensorescondal.com\/ca\/wp-json\/wp\/v2\/users\/1"}],"replies":[{"embeddable":true,"href":"https:\/\/ascensorescondal.com\/ca\/wp-json\/wp\/v2\/comments?post=1409"}],"version-history":[{"count":2,"href":"https:\/\/ascensorescondal.com\/ca\/wp-json\/wp\/v2\/pages\/1409\/revisions"}],"predecessor-version":[{"id":1570,"href":"https:\/\/ascensorescondal.com\/ca\/wp-json\/wp\/v2\/pages\/1409\/revisions\/1570"}],"wp:attachment":[{"href":"https:\/\/ascensorescondal.com\/ca\/wp-json\/wp\/v2\/media?parent=1409"}],"curies":[{"name":"wp","href":"https:\/\/api.w.org\/{rel}","templated":true}]}}