{"id":1399,"date":"2022-11-16T08:26:45","date_gmt":"2022-11-16T08:26:45","guid":{"rendered":"https:\/\/ascensorescondal.com\/?page_id=1399"},"modified":"2024-04-05T14:25:42","modified_gmt":"2024-04-05T12:25:42","slug":"corbera-de-llobregat","status":"publish","type":"page","link":"https:\/\/ascensorescondal.com\/ca\/corbera-de-llobregat\/","title":{"rendered":"Corbera de Llobregat"},"content":{"rendered":"<h1>Ascensors Corbera de Llobregat<\/h1>\n<p>Si desitges un servei de manteniment i instal\u00b7laci\u00f3 d&#8217;ascensors a Corbera de Llobregat, la teva millor opci\u00f3 \u00e9s Ascensors Condal. Comptem amb professionals especialitzats a l&#8217;\u00e0rea, llestos per a cada servei que sol\u00b7liciteu.<\/p>\n<p>Tamb\u00e9 ens encarreguem d&#8217;elaborar el millor pla d&#8217;estudi per assegurar un treball complet i de qualitat, oferint un funcionament efica\u00e7 a cada ascensor instal\u00b7lat amb projeccions llargues de vida \u00fatil.<\/p>\n<h2>Disposem dels millors serveis<\/h2>\n<p>Realitzem la instal\u00b7laci\u00f3 de l&#8217;ascensor de comunitat de ve\u00efns, instal\u00b7laci\u00f3 d&#8217;ascensors a comunitats de propietaris, instal\u00b7laci\u00f3 d&#8217;elevador vertical, instal\u00b7laci\u00f3 d&#8217;elevadors per a xalet, aix\u00ed com tamb\u00e9 oferim cadira puja escales i cadires salvaescales entre altres serveis m\u00e9s.<\/p>\n<p>Som una empresa amb anys d&#8217;experi\u00e8ncia al mercat, <strong>oferint el millor servei d&#8217;instal\u00b7laci\u00f3 i manteniment<\/strong> d&#8217;elevadors en qualsevol tipus d&#8217;estructura. Controlem amb categoria les obres realitzades a edificis antics, sempre mantenint cada zona assegurada i protegida. De la mateixa manera ens encarreguem de tramitar cada perm\u00eds necessari per a cada proc\u00e9s, aix\u00ed com els estudis arquitect\u00f2nics previs per assegurar un treball de qualitat i sense cap mena de complicacions.<\/p>\n<p>Si vols comptar amb els nostres serveis d&#8217;instal\u00b7laci\u00f3 i manteniment d&#8217;ascensors a Corbera de Llobregat, no dubtis en contactar-nos per a la teva tranquil\u00b7litat m\u00e9s gran en aquest tipus de procediments, ja que som els m\u00e9s especialitzats i gestionem els millors pressupostos.<\/p>\n","protected":false},"excerpt":{"rendered":"<p>Ascensors Corbera de Llobregat Si desitges un servei de manteniment i instal\u00b7laci\u00f3 d&#8217;ascensors a Corbera de Llobregat, la teva millor opci\u00f3 \u00e9s Ascensors Condal. Comptem amb professionals especialitzats a l&#8217;\u00e0rea, llestos per a cada servei que sol\u00b7liciteu. Tamb\u00e9 ens encarreguem d&#8217;elaborar el millor pla d&#8217;estudi per assegurar un treball complet i de qualitat, oferint un &hellip;<\/p>\n<p class=\"read-more\"> <a class=\"\" href=\"https:\/\/ascensorescondal.com\/ca\/corbera-de-llobregat\/\"> <span class=\"screen-reader-text\">Corbera de Llobregat<\/span> Llegeix m\u00e9s &raquo;<\/a><\/p>\n","protected":false},"author":1,"featured_media":0,"parent":0,"menu_order":0,"comment_status":"closed","ping_status":"closed","template":"","meta":{"site-sidebar-layout":"default","site-content-layout":"","ast-site-content-layout":"default","site-content-style":"default","site-sidebar-style":"default","ast-global-header-display":"","ast-banner-title-visibility":"","ast-main-header-display":"","ast-hfb-above-header-display":"","ast-hfb-below-header-display":"","ast-hfb-mobile-header-display":"","site-post-title":"","ast-breadcrumbs-content":"","ast-featured-img":"","footer-sml-layout":"","theme-transparent-header-meta":"default","adv-header-id-meta":"","stick-header-meta":"","header-above-stick-meta":"","header-main-stick-meta":"","header-below-stick-meta":"","astra-migrate-meta-layouts":"set","footnotes":""},"class_list":["post-1399","page","type-page","status-publish","hentry"],"yoast_head":"<!-- This site is optimized with the Yoast SEO plugin v26.0 - https:\/\/yoast.com\/wordpress\/plugins\/seo\/ -->\n<title>Ascensors Corbera de Llobregat. Manteniment ascensor<\/title>\n<meta name=\"description\" content=\"ASCENSORS CONDAL. Ascensors. Professionals de la conservaci\u00f3, modernitzaci\u00f3 i manteniment d&#039;elevadors a Corbera de Llobregat\" \/>\n<meta name=\"robots\" content=\"index, follow, max-snippet:-1, max-image-preview:large, max-video-preview:-1\" \/>\n<link rel=\"canonical\" href=\"https:\/\/ascensorescondal.com\/ca\/corbera-de-llobregat\/\" \/>\n<meta property=\"og:locale\" content=\"ca_ES\" \/>\n<meta property=\"og:type\" content=\"article\" \/>\n<meta property=\"og:title\" content=\"Ascensors Corbera de Llobregat. Manteniment ascensor\" \/>\n<meta property=\"og:description\" content=\"ASCENSORS CONDAL. Ascensors. Professionals de la conservaci\u00f3, modernitzaci\u00f3 i manteniment d&#039;elevadors a Corbera de Llobregat\" \/>\n<meta property=\"og:url\" content=\"https:\/\/ascensorescondal.com\/ca\/corbera-de-llobregat\/\" \/>\n<meta property=\"article:modified_time\" content=\"2024-04-05T12:25:42+00:00\" \/>\n<meta name=\"twitter:card\" content=\"summary_large_image\" \/>\n<meta name=\"twitter:label1\" content=\"Temps estimat de lectura\" \/>\n\t<meta name=\"twitter:data1\" content=\"2 minuts\" \/>\n<script type=\"application\/ld+json\" class=\"yoast-schema-graph\">{\"@context\":\"https:\/\/schema.org\",\"@graph\":[{\"@type\":\"WebPage\",\"@id\":\"https:\/\/ascensorescondal.com\/ca\/corbera-de-llobregat\/\",\"url\":\"https:\/\/ascensorescondal.com\/ca\/corbera-de-llobregat\/\",\"name\":\"Ascensors Corbera de Llobregat. Manteniment ascensor\",\"isPartOf\":{\"@id\":\"https:\/\/ascensorescondal.com\/ca\/#website\"},\"datePublished\":\"2022-11-16T08:26:45+00:00\",\"dateModified\":\"2024-04-05T12:25:42+00:00\",\"description\":\"ASCENSORS CONDAL. Ascensors. Professionals de la conservaci\u00f3, modernitzaci\u00f3 i manteniment d'elevadors a Corbera de Llobregat\",\"breadcrumb\":{\"@id\":\"https:\/\/ascensorescondal.com\/ca\/corbera-de-llobregat\/#breadcrumb\"},\"inLanguage\":\"ca\",\"potentialAction\":[{\"@type\":\"ReadAction\",\"target\":[\"https:\/\/ascensorescondal.com\/ca\/corbera-de-llobregat\/\"]}]},{\"@type\":\"BreadcrumbList\",\"@id\":\"https:\/\/ascensorescondal.com\/ca\/corbera-de-llobregat\/#breadcrumb\",\"itemListElement\":[{\"@type\":\"ListItem\",\"position\":1,\"name\":\"Portada\",\"item\":\"https:\/\/ascensorescondal.com\/ca\/\"},{\"@type\":\"ListItem\",\"position\":2,\"name\":\"Corbera de Llobregat\"}]},{\"@type\":\"WebSite\",\"@id\":\"https:\/\/ascensorescondal.com\/ca\/#website\",\"url\":\"https:\/\/ascensorescondal.com\/ca\/\",\"name\":\"\",\"description\":\"\",\"potentialAction\":[{\"@type\":\"SearchAction\",\"target\":{\"@type\":\"EntryPoint\",\"urlTemplate\":\"https:\/\/ascensorescondal.com\/ca\/?s={search_term_string}\"},\"query-input\":{\"@type\":\"PropertyValueSpecification\",\"valueRequired\":true,\"valueName\":\"search_term_string\"}}],\"inLanguage\":\"ca\"}]}<\/script>\n<!-- \/ Yoast SEO plugin. -->","yoast_head_json":{"title":"Ascensors Corbera de Llobregat. Manteniment ascensor","description":"ASCENSORS CONDAL. Ascensors. Professionals de la conservaci\u00f3, modernitzaci\u00f3 i manteniment d'elevadors a Corbera de Llobregat","robots":{"index":"index","follow":"follow","max-snippet":"max-snippet:-1","max-image-preview":"max-image-preview:large","max-video-preview":"max-video-preview:-1"},"canonical":"https:\/\/ascensorescondal.com\/ca\/corbera-de-llobregat\/","og_locale":"ca_ES","og_type":"article","og_title":"Ascensors Corbera de Llobregat. Manteniment ascensor","og_description":"ASCENSORS CONDAL. Ascensors. Professionals de la conservaci\u00f3, modernitzaci\u00f3 i manteniment d'elevadors a Corbera de Llobregat","og_url":"https:\/\/ascensorescondal.com\/ca\/corbera-de-llobregat\/","article_modified_time":"2024-04-05T12:25:42+00:00","twitter_card":"summary_large_image","twitter_misc":{"Temps estimat de lectura":"2 minuts"},"schema":{"@context":"https:\/\/schema.org","@graph":[{"@type":"WebPage","@id":"https:\/\/ascensorescondal.com\/ca\/corbera-de-llobregat\/","url":"https:\/\/ascensorescondal.com\/ca\/corbera-de-llobregat\/","name":"Ascensors Corbera de Llobregat. Manteniment ascensor","isPartOf":{"@id":"https:\/\/ascensorescondal.com\/ca\/#website"},"datePublished":"2022-11-16T08:26:45+00:00","dateModified":"2024-04-05T12:25:42+00:00","description":"ASCENSORS CONDAL. Ascensors. Professionals de la conservaci\u00f3, modernitzaci\u00f3 i manteniment d'elevadors a Corbera de Llobregat","breadcrumb":{"@id":"https:\/\/ascensorescondal.com\/ca\/corbera-de-llobregat\/#breadcrumb"},"inLanguage":"ca","potentialAction":[{"@type":"ReadAction","target":["https:\/\/ascensorescondal.com\/ca\/corbera-de-llobregat\/"]}]},{"@type":"BreadcrumbList","@id":"https:\/\/ascensorescondal.com\/ca\/corbera-de-llobregat\/#breadcrumb","itemListElement":[{"@type":"ListItem","position":1,"name":"Portada","item":"https:\/\/ascensorescondal.com\/ca\/"},{"@type":"ListItem","position":2,"name":"Corbera de Llobregat"}]},{"@type":"WebSite","@id":"https:\/\/ascensorescondal.com\/ca\/#website","url":"https:\/\/ascensorescondal.com\/ca\/","name":"","description":"","potentialAction":[{"@type":"SearchAction","target":{"@type":"EntryPoint","urlTemplate":"https:\/\/ascensorescondal.com\/ca\/?s={search_term_string}"},"query-input":{"@type":"PropertyValueSpecification","valueRequired":true,"valueName":"search_term_string"}}],"inLanguage":"ca"}]}},"_links":{"self":[{"href":"https:\/\/ascensorescondal.com\/ca\/wp-json\/wp\/v2\/pages\/1399","targetHints":{"allow":["GET"]}}],"collection":[{"href":"https:\/\/ascensorescondal.com\/ca\/wp-json\/wp\/v2\/pages"}],"about":[{"href":"https:\/\/ascensorescondal.com\/ca\/wp-json\/wp\/v2\/types\/page"}],"author":[{"embeddable":true,"href":"https:\/\/ascensorescondal.com\/ca\/wp-json\/wp\/v2\/users\/1"}],"replies":[{"embeddable":true,"href":"https:\/\/ascensorescondal.com\/ca\/wp-json\/wp\/v2\/comments?post=1399"}],"version-history":[{"count":3,"href":"https:\/\/ascensorescondal.com\/ca\/wp-json\/wp\/v2\/pages\/1399\/revisions"}],"predecessor-version":[{"id":1594,"href":"https:\/\/ascensorescondal.com\/ca\/wp-json\/wp\/v2\/pages\/1399\/revisions\/1594"}],"wp:attachment":[{"href":"https:\/\/ascensorescondal.com\/ca\/wp-json\/wp\/v2\/media?parent=1399"}],"curies":[{"name":"wp","href":"https:\/\/api.w.org\/{rel}","templated":true}]}}