{"id":1397,"date":"2022-11-16T08:22:27","date_gmt":"2022-11-16T08:22:27","guid":{"rendered":"https:\/\/ascensorescondal.com\/?page_id=1397"},"modified":"2024-04-05T14:25:16","modified_gmt":"2024-04-05T12:25:16","slug":"torrellas-de-llobregat","status":"publish","type":"page","link":"https:\/\/ascensorescondal.com\/ca\/torrellas-de-llobregat\/","title":{"rendered":"Torrellas de Llobregat"},"content":{"rendered":"<h1>Ascensors Torrelles de Llobregat<\/h1>\n<p>A Ascensors Condal oferim el millor servei a Torrelles de Llobregat, ja que amb nosaltres aconseguir\u00e0s el millor aliat a l&#8217;hora de realitzar instal\u00b7lacions i manteniment d&#8217;ascensors a Barcelona.<\/p>\n<p>Som una empresa amb diversos anys d&#8217;experi\u00e8ncia al mercat i comptem amb un equip d&#8217;experts que s&#8217;encarregaran d&#8217;executar la feina oferint-vos els millors resultats.<\/p>\n<p>&nbsp;<\/p>\n<h2>La millor soluci\u00f3 per a tu<\/h2>\n<p>Dins dels nostres serveis oferim instal\u00b7laci\u00f3 de plataformes elevadores per a minusv\u00e0lids, elevador vertical, pujaescales i ascensors per a xalet, entre d&#8217;altres.<\/p>\n<p><strong>Ens encarreguem de tots els processos legals i permisos pertinents<\/strong> perqu\u00e8 tot es faci sense inconvenients. A m\u00e9s, abans de cada treball es realitza un estudi previ de l&#8217;estructura per a una millor precisi\u00f3 i per garantir la seguretat de cadascun dels involucrats a l&#8217;obra. Ens caracteritzem per oferir el millor servei i de qualitat a cadascuna de les nostres obres, tot gr\u00e0cies a una gran selecci\u00f3 de treballadors responsables amb experi\u00e8ncia que a cada moment estaran atents a les indicacions i detalls del proc\u00e9s de manera que podr\u00e0s confiar en nosaltres per obtenir un resultat reeixit.<\/p>\n<p>Aix\u00ed que, si voleu comptar amb el millor servei d&#8217;instal\u00b7laci\u00f3 i manteniment d&#8217;ascensors a Torrellas de Llobregat, no dubteu a comunicar-vos amb nosaltres; ens encarregarem de rebre la teva sol\u00b7licitud per organitzar el m\u00e9s aviat possible una visita.<\/p>\n","protected":false},"excerpt":{"rendered":"<p>Ascensors Torrelles de Llobregat A Ascensors Condal oferim el millor servei a Torrelles de Llobregat, ja que amb nosaltres aconseguir\u00e0s el millor aliat a l&#8217;hora de realitzar instal\u00b7lacions i manteniment d&#8217;ascensors a Barcelona. Som una empresa amb diversos anys d&#8217;experi\u00e8ncia al mercat i comptem amb un equip d&#8217;experts que s&#8217;encarregaran d&#8217;executar la feina oferint-vos els &hellip;<\/p>\n<p class=\"read-more\"> <a class=\"\" href=\"https:\/\/ascensorescondal.com\/ca\/torrellas-de-llobregat\/\"> <span class=\"screen-reader-text\">Torrellas de Llobregat<\/span> Llegeix m\u00e9s &raquo;<\/a><\/p>\n","protected":false},"author":1,"featured_media":0,"parent":0,"menu_order":0,"comment_status":"closed","ping_status":"closed","template":"","meta":{"site-sidebar-layout":"default","site-content-layout":"","ast-site-content-layout":"default","site-content-style":"default","site-sidebar-style":"default","ast-global-header-display":"","ast-banner-title-visibility":"","ast-main-header-display":"","ast-hfb-above-header-display":"","ast-hfb-below-header-display":"","ast-hfb-mobile-header-display":"","site-post-title":"","ast-breadcrumbs-content":"","ast-featured-img":"","footer-sml-layout":"","theme-transparent-header-meta":"default","adv-header-id-meta":"","stick-header-meta":"","header-above-stick-meta":"","header-main-stick-meta":"","header-below-stick-meta":"","astra-migrate-meta-layouts":"set","footnotes":""},"class_list":["post-1397","page","type-page","status-publish","hentry"],"yoast_head":"<!-- This site is optimized with the Yoast SEO plugin v26.0 - https:\/\/yoast.com\/wordpress\/plugins\/seo\/ -->\n<title>Ascensors Torrelles de Llobregat. Manteniment elevadors<\/title>\n<meta name=\"description\" content=\"ASCENSORS CONDAL. Elevador Torrelles de Llobregat. Empresa experta en el manteniment i instal\u00b7laci\u00f3 d&#039;ascensors a Torrellas\" \/>\n<meta name=\"robots\" content=\"index, follow, max-snippet:-1, max-image-preview:large, max-video-preview:-1\" \/>\n<link rel=\"canonical\" href=\"https:\/\/ascensorescondal.com\/ca\/torrellas-de-llobregat\/\" \/>\n<meta property=\"og:locale\" content=\"ca_ES\" \/>\n<meta property=\"og:type\" content=\"article\" \/>\n<meta property=\"og:title\" content=\"Ascensors Torrelles de Llobregat. Manteniment elevadors\" \/>\n<meta property=\"og:description\" content=\"ASCENSORS CONDAL. Elevador Torrelles de Llobregat. Empresa experta en el manteniment i instal\u00b7laci\u00f3 d&#039;ascensors a Torrellas\" \/>\n<meta property=\"og:url\" content=\"https:\/\/ascensorescondal.com\/ca\/torrellas-de-llobregat\/\" \/>\n<meta property=\"article:modified_time\" content=\"2024-04-05T12:25:16+00:00\" \/>\n<meta name=\"twitter:card\" content=\"summary_large_image\" \/>\n<meta name=\"twitter:label1\" content=\"Temps estimat de lectura\" \/>\n\t<meta name=\"twitter:data1\" content=\"2 minuts\" \/>\n<script type=\"application\/ld+json\" class=\"yoast-schema-graph\">{\"@context\":\"https:\/\/schema.org\",\"@graph\":[{\"@type\":\"WebPage\",\"@id\":\"https:\/\/ascensorescondal.com\/ca\/torrellas-de-llobregat\/\",\"url\":\"https:\/\/ascensorescondal.com\/ca\/torrellas-de-llobregat\/\",\"name\":\"Ascensors Torrelles de Llobregat. Manteniment elevadors\",\"isPartOf\":{\"@id\":\"https:\/\/ascensorescondal.com\/ca\/#website\"},\"datePublished\":\"2022-11-16T08:22:27+00:00\",\"dateModified\":\"2024-04-05T12:25:16+00:00\",\"description\":\"ASCENSORS CONDAL. Elevador Torrelles de Llobregat. Empresa experta en el manteniment i instal\u00b7laci\u00f3 d'ascensors a Torrellas\",\"breadcrumb\":{\"@id\":\"https:\/\/ascensorescondal.com\/ca\/torrellas-de-llobregat\/#breadcrumb\"},\"inLanguage\":\"ca\",\"potentialAction\":[{\"@type\":\"ReadAction\",\"target\":[\"https:\/\/ascensorescondal.com\/ca\/torrellas-de-llobregat\/\"]}]},{\"@type\":\"BreadcrumbList\",\"@id\":\"https:\/\/ascensorescondal.com\/ca\/torrellas-de-llobregat\/#breadcrumb\",\"itemListElement\":[{\"@type\":\"ListItem\",\"position\":1,\"name\":\"Portada\",\"item\":\"https:\/\/ascensorescondal.com\/ca\/\"},{\"@type\":\"ListItem\",\"position\":2,\"name\":\"Torrellas de Llobregat\"}]},{\"@type\":\"WebSite\",\"@id\":\"https:\/\/ascensorescondal.com\/ca\/#website\",\"url\":\"https:\/\/ascensorescondal.com\/ca\/\",\"name\":\"\",\"description\":\"\",\"potentialAction\":[{\"@type\":\"SearchAction\",\"target\":{\"@type\":\"EntryPoint\",\"urlTemplate\":\"https:\/\/ascensorescondal.com\/ca\/?s={search_term_string}\"},\"query-input\":{\"@type\":\"PropertyValueSpecification\",\"valueRequired\":true,\"valueName\":\"search_term_string\"}}],\"inLanguage\":\"ca\"}]}<\/script>\n<!-- \/ Yoast SEO plugin. -->","yoast_head_json":{"title":"Ascensors Torrelles de Llobregat. Manteniment elevadors","description":"ASCENSORS CONDAL. Elevador Torrelles de Llobregat. Empresa experta en el manteniment i instal\u00b7laci\u00f3 d'ascensors a Torrellas","robots":{"index":"index","follow":"follow","max-snippet":"max-snippet:-1","max-image-preview":"max-image-preview:large","max-video-preview":"max-video-preview:-1"},"canonical":"https:\/\/ascensorescondal.com\/ca\/torrellas-de-llobregat\/","og_locale":"ca_ES","og_type":"article","og_title":"Ascensors Torrelles de Llobregat. Manteniment elevadors","og_description":"ASCENSORS CONDAL. Elevador Torrelles de Llobregat. Empresa experta en el manteniment i instal\u00b7laci\u00f3 d'ascensors a Torrellas","og_url":"https:\/\/ascensorescondal.com\/ca\/torrellas-de-llobregat\/","article_modified_time":"2024-04-05T12:25:16+00:00","twitter_card":"summary_large_image","twitter_misc":{"Temps estimat de lectura":"2 minuts"},"schema":{"@context":"https:\/\/schema.org","@graph":[{"@type":"WebPage","@id":"https:\/\/ascensorescondal.com\/ca\/torrellas-de-llobregat\/","url":"https:\/\/ascensorescondal.com\/ca\/torrellas-de-llobregat\/","name":"Ascensors Torrelles de Llobregat. Manteniment elevadors","isPartOf":{"@id":"https:\/\/ascensorescondal.com\/ca\/#website"},"datePublished":"2022-11-16T08:22:27+00:00","dateModified":"2024-04-05T12:25:16+00:00","description":"ASCENSORS CONDAL. Elevador Torrelles de Llobregat. Empresa experta en el manteniment i instal\u00b7laci\u00f3 d'ascensors a Torrellas","breadcrumb":{"@id":"https:\/\/ascensorescondal.com\/ca\/torrellas-de-llobregat\/#breadcrumb"},"inLanguage":"ca","potentialAction":[{"@type":"ReadAction","target":["https:\/\/ascensorescondal.com\/ca\/torrellas-de-llobregat\/"]}]},{"@type":"BreadcrumbList","@id":"https:\/\/ascensorescondal.com\/ca\/torrellas-de-llobregat\/#breadcrumb","itemListElement":[{"@type":"ListItem","position":1,"name":"Portada","item":"https:\/\/ascensorescondal.com\/ca\/"},{"@type":"ListItem","position":2,"name":"Torrellas de Llobregat"}]},{"@type":"WebSite","@id":"https:\/\/ascensorescondal.com\/ca\/#website","url":"https:\/\/ascensorescondal.com\/ca\/","name":"","description":"","potentialAction":[{"@type":"SearchAction","target":{"@type":"EntryPoint","urlTemplate":"https:\/\/ascensorescondal.com\/ca\/?s={search_term_string}"},"query-input":{"@type":"PropertyValueSpecification","valueRequired":true,"valueName":"search_term_string"}}],"inLanguage":"ca"}]}},"_links":{"self":[{"href":"https:\/\/ascensorescondal.com\/ca\/wp-json\/wp\/v2\/pages\/1397","targetHints":{"allow":["GET"]}}],"collection":[{"href":"https:\/\/ascensorescondal.com\/ca\/wp-json\/wp\/v2\/pages"}],"about":[{"href":"https:\/\/ascensorescondal.com\/ca\/wp-json\/wp\/v2\/types\/page"}],"author":[{"embeddable":true,"href":"https:\/\/ascensorescondal.com\/ca\/wp-json\/wp\/v2\/users\/1"}],"replies":[{"embeddable":true,"href":"https:\/\/ascensorescondal.com\/ca\/wp-json\/wp\/v2\/comments?post=1397"}],"version-history":[{"count":2,"href":"https:\/\/ascensorescondal.com\/ca\/wp-json\/wp\/v2\/pages\/1397\/revisions"}],"predecessor-version":[{"id":1567,"href":"https:\/\/ascensorescondal.com\/ca\/wp-json\/wp\/v2\/pages\/1397\/revisions\/1567"}],"wp:attachment":[{"href":"https:\/\/ascensorescondal.com\/ca\/wp-json\/wp\/v2\/media?parent=1397"}],"curies":[{"name":"wp","href":"https:\/\/api.w.org\/{rel}","templated":true}]}}