{"id":1389,"date":"2022-11-16T08:11:52","date_gmt":"2022-11-16T08:11:52","guid":{"rendered":"https:\/\/ascensorescondal.com\/?page_id=1389"},"modified":"2024-04-05T14:24:13","modified_gmt":"2024-04-05T12:24:13","slug":"begas","status":"publish","type":"page","link":"https:\/\/ascensorescondal.com\/ca\/begas\/","title":{"rendered":"Begas"},"content":{"rendered":"<h1>Ascensors Begas<\/h1>\n<p>Begas \u00e9s una prov\u00edncia on prevalen les edificacions de mida mitjana i cases unifamiliars de diverses plantes. Per aix\u00f2, \u00e9s molt com\u00fa veure la instal\u00b7laci\u00f3 d&#8217;ascensors en aquest tipus d&#8217;infraestructures. I \u00e9s que sabem que \u00e9s una necessitat absoluta, ja que aquest tipus de sistema permet l&#8217;accessibilitat de qualsevol persona a les instal\u00b7lacions.<\/p>\n<p>\u00c9s per aix\u00f2 que Ascensors Euro Condal s&#8217;esfor\u00e7a a proveir el millor servei d&#8217;instal\u00b7laci\u00f3 d&#8217;elevadors a Barcelona, oferint una infinitat d&#8217;alternatives adaptades a les necessitats dels usuaris i l&#8217;espai destinat a fer-ho.<\/p>\n<p>&nbsp;<\/p>\n<h2>El nostre cat\u00e0leg s&#8217;adapta als vostres requeriments<\/h2>\n<p>Disposem d&#8217;un cat\u00e0leg divers d&#8217;equips, sigui que el contractant ho requereixi per ser instal\u00b7lat en edificis residencials, habitatges unifamiliars o fins i tot infraestructures antigues.<\/p>\n<p>Disposem d&#8217;ascensors per a minusv\u00e0lids, plataformes elevadores, plataformes pujaescales i qualsevol tipus d&#8217;elevadors verticals.<\/p>\n<p>A m\u00e9s de la instal\u00b7laci\u00f3 de l&#8217;equip, <strong>comptem amb professionals especialitzats en manteniment preventiu i correctiu d&#8217;aquests sistemes<\/strong>, sense importar si es tracta d&#8217;elevadors instal\u00b7lats per altres empreses.<\/p>\n<p>Tenim equips d&#8217;\u00faltima generaci\u00f3 que poden ser adaptats a qualsevol infraestructura, ja que pr\u00e8viament fem un estudi del lloc i ens acoplem a l&#8217;espai disposat per fer-ho i per descomptat, a les necessitats del client.<\/p>\n<p>Davant de qualsevol dubte, recorre als nostres experts els qui tindran la millor soluci\u00f3 per a tu.<\/p>\n","protected":false},"excerpt":{"rendered":"<p>Ascensors Begas Begas \u00e9s una prov\u00edncia on prevalen les edificacions de mida mitjana i cases unifamiliars de diverses plantes. Per aix\u00f2, \u00e9s molt com\u00fa veure la instal\u00b7laci\u00f3 d&#8217;ascensors en aquest tipus d&#8217;infraestructures. I \u00e9s que sabem que \u00e9s una necessitat absoluta, ja que aquest tipus de sistema permet l&#8217;accessibilitat de qualsevol persona a les instal\u00b7lacions. &hellip;<\/p>\n<p class=\"read-more\"> <a class=\"\" href=\"https:\/\/ascensorescondal.com\/ca\/begas\/\"> <span class=\"screen-reader-text\">Begas<\/span> Llegeix m\u00e9s &raquo;<\/a><\/p>\n","protected":false},"author":1,"featured_media":0,"parent":0,"menu_order":0,"comment_status":"closed","ping_status":"closed","template":"","meta":{"site-sidebar-layout":"default","site-content-layout":"","ast-site-content-layout":"default","site-content-style":"default","site-sidebar-style":"default","ast-global-header-display":"","ast-banner-title-visibility":"","ast-main-header-display":"","ast-hfb-above-header-display":"","ast-hfb-below-header-display":"","ast-hfb-mobile-header-display":"","site-post-title":"","ast-breadcrumbs-content":"","ast-featured-img":"","footer-sml-layout":"","theme-transparent-header-meta":"default","adv-header-id-meta":"","stick-header-meta":"","header-above-stick-meta":"","header-main-stick-meta":"","header-below-stick-meta":"","astra-migrate-meta-layouts":"set","footnotes":""},"class_list":["post-1389","page","type-page","status-publish","hentry"],"yoast_head":"<!-- This site is optimized with the Yoast SEO plugin v26.0 - https:\/\/yoast.com\/wordpress\/plugins\/seo\/ -->\n<title>Empresa ascensors Begas. Manteniment ascensor<\/title>\n<meta name=\"description\" content=\"ASCENSORS CONDAL. Ascensors Begas. Empresa experta en el manteniment i la instal\u00b7laci\u00f3 d&#039;elevadors a Begas\" \/>\n<meta name=\"robots\" content=\"index, follow, max-snippet:-1, max-image-preview:large, max-video-preview:-1\" \/>\n<link rel=\"canonical\" href=\"https:\/\/ascensorescondal.com\/ca\/begas\/\" \/>\n<meta property=\"og:locale\" content=\"ca_ES\" \/>\n<meta property=\"og:type\" content=\"article\" \/>\n<meta property=\"og:title\" content=\"Empresa ascensors Begas. Manteniment ascensor\" \/>\n<meta property=\"og:description\" content=\"ASCENSORS CONDAL. Ascensors Begas. Empresa experta en el manteniment i la instal\u00b7laci\u00f3 d&#039;elevadors a Begas\" \/>\n<meta property=\"og:url\" content=\"https:\/\/ascensorescondal.com\/ca\/begas\/\" \/>\n<meta property=\"article:modified_time\" content=\"2024-04-05T12:24:13+00:00\" \/>\n<meta name=\"twitter:card\" content=\"summary_large_image\" \/>\n<meta name=\"twitter:label1\" content=\"Temps estimat de lectura\" \/>\n\t<meta name=\"twitter:data1\" content=\"1 minut\" \/>\n<script type=\"application\/ld+json\" class=\"yoast-schema-graph\">{\"@context\":\"https:\/\/schema.org\",\"@graph\":[{\"@type\":\"WebPage\",\"@id\":\"https:\/\/ascensorescondal.com\/ca\/begas\/\",\"url\":\"https:\/\/ascensorescondal.com\/ca\/begas\/\",\"name\":\"Empresa ascensors Begas. Manteniment ascensor\",\"isPartOf\":{\"@id\":\"https:\/\/ascensorescondal.com\/ca\/#website\"},\"datePublished\":\"2022-11-16T08:11:52+00:00\",\"dateModified\":\"2024-04-05T12:24:13+00:00\",\"description\":\"ASCENSORS CONDAL. Ascensors Begas. Empresa experta en el manteniment i la instal\u00b7laci\u00f3 d'elevadors a Begas\",\"breadcrumb\":{\"@id\":\"https:\/\/ascensorescondal.com\/ca\/begas\/#breadcrumb\"},\"inLanguage\":\"ca\",\"potentialAction\":[{\"@type\":\"ReadAction\",\"target\":[\"https:\/\/ascensorescondal.com\/ca\/begas\/\"]}]},{\"@type\":\"BreadcrumbList\",\"@id\":\"https:\/\/ascensorescondal.com\/ca\/begas\/#breadcrumb\",\"itemListElement\":[{\"@type\":\"ListItem\",\"position\":1,\"name\":\"Portada\",\"item\":\"https:\/\/ascensorescondal.com\/ca\/\"},{\"@type\":\"ListItem\",\"position\":2,\"name\":\"Begas\"}]},{\"@type\":\"WebSite\",\"@id\":\"https:\/\/ascensorescondal.com\/ca\/#website\",\"url\":\"https:\/\/ascensorescondal.com\/ca\/\",\"name\":\"\",\"description\":\"\",\"potentialAction\":[{\"@type\":\"SearchAction\",\"target\":{\"@type\":\"EntryPoint\",\"urlTemplate\":\"https:\/\/ascensorescondal.com\/ca\/?s={search_term_string}\"},\"query-input\":{\"@type\":\"PropertyValueSpecification\",\"valueRequired\":true,\"valueName\":\"search_term_string\"}}],\"inLanguage\":\"ca\"}]}<\/script>\n<!-- \/ Yoast SEO plugin. -->","yoast_head_json":{"title":"Empresa ascensors Begas. Manteniment ascensor","description":"ASCENSORS CONDAL. Ascensors Begas. Empresa experta en el manteniment i la instal\u00b7laci\u00f3 d'elevadors a Begas","robots":{"index":"index","follow":"follow","max-snippet":"max-snippet:-1","max-image-preview":"max-image-preview:large","max-video-preview":"max-video-preview:-1"},"canonical":"https:\/\/ascensorescondal.com\/ca\/begas\/","og_locale":"ca_ES","og_type":"article","og_title":"Empresa ascensors Begas. Manteniment ascensor","og_description":"ASCENSORS CONDAL. Ascensors Begas. Empresa experta en el manteniment i la instal\u00b7laci\u00f3 d'elevadors a Begas","og_url":"https:\/\/ascensorescondal.com\/ca\/begas\/","article_modified_time":"2024-04-05T12:24:13+00:00","twitter_card":"summary_large_image","twitter_misc":{"Temps estimat de lectura":"1 minut"},"schema":{"@context":"https:\/\/schema.org","@graph":[{"@type":"WebPage","@id":"https:\/\/ascensorescondal.com\/ca\/begas\/","url":"https:\/\/ascensorescondal.com\/ca\/begas\/","name":"Empresa ascensors Begas. Manteniment ascensor","isPartOf":{"@id":"https:\/\/ascensorescondal.com\/ca\/#website"},"datePublished":"2022-11-16T08:11:52+00:00","dateModified":"2024-04-05T12:24:13+00:00","description":"ASCENSORS CONDAL. Ascensors Begas. Empresa experta en el manteniment i la instal\u00b7laci\u00f3 d'elevadors a Begas","breadcrumb":{"@id":"https:\/\/ascensorescondal.com\/ca\/begas\/#breadcrumb"},"inLanguage":"ca","potentialAction":[{"@type":"ReadAction","target":["https:\/\/ascensorescondal.com\/ca\/begas\/"]}]},{"@type":"BreadcrumbList","@id":"https:\/\/ascensorescondal.com\/ca\/begas\/#breadcrumb","itemListElement":[{"@type":"ListItem","position":1,"name":"Portada","item":"https:\/\/ascensorescondal.com\/ca\/"},{"@type":"ListItem","position":2,"name":"Begas"}]},{"@type":"WebSite","@id":"https:\/\/ascensorescondal.com\/ca\/#website","url":"https:\/\/ascensorescondal.com\/ca\/","name":"","description":"","potentialAction":[{"@type":"SearchAction","target":{"@type":"EntryPoint","urlTemplate":"https:\/\/ascensorescondal.com\/ca\/?s={search_term_string}"},"query-input":{"@type":"PropertyValueSpecification","valueRequired":true,"valueName":"search_term_string"}}],"inLanguage":"ca"}]}},"_links":{"self":[{"href":"https:\/\/ascensorescondal.com\/ca\/wp-json\/wp\/v2\/pages\/1389","targetHints":{"allow":["GET"]}}],"collection":[{"href":"https:\/\/ascensorescondal.com\/ca\/wp-json\/wp\/v2\/pages"}],"about":[{"href":"https:\/\/ascensorescondal.com\/ca\/wp-json\/wp\/v2\/types\/page"}],"author":[{"embeddable":true,"href":"https:\/\/ascensorescondal.com\/ca\/wp-json\/wp\/v2\/users\/1"}],"replies":[{"embeddable":true,"href":"https:\/\/ascensorescondal.com\/ca\/wp-json\/wp\/v2\/comments?post=1389"}],"version-history":[{"count":1,"href":"https:\/\/ascensorescondal.com\/ca\/wp-json\/wp\/v2\/pages\/1389\/revisions"}],"predecessor-version":[{"id":1564,"href":"https:\/\/ascensorescondal.com\/ca\/wp-json\/wp\/v2\/pages\/1389\/revisions\/1564"}],"wp:attachment":[{"href":"https:\/\/ascensorescondal.com\/ca\/wp-json\/wp\/v2\/media?parent=1389"}],"curies":[{"name":"wp","href":"https:\/\/api.w.org\/{rel}","templated":true}]}}