{"id":1387,"date":"2022-11-16T08:08:38","date_gmt":"2022-11-16T08:08:38","guid":{"rendered":"https:\/\/ascensorescondal.com\/?page_id=1387"},"modified":"2024-04-05T14:23:48","modified_gmt":"2024-04-05T12:23:48","slug":"sant-just-desvern","status":"publish","type":"page","link":"https:\/\/ascensorescondal.com\/ca\/sant-just-desvern\/","title":{"rendered":"Sant Just Desvern"},"content":{"rendered":"<h1>Ascensors Sant Just Desvern<\/h1>\n<p>Si busques ascensors a Sant Just Desvern vas arribar al lloc correcte, doncs ho tenim tot en elevadors verticals. I \u00e9s que aquesta empresa ens caracteritzem per prestar el millor servei d&#8217;instal\u00b7laci\u00f3, manteniment i reparaci\u00f3 d&#8217;ascensors a Barcelona.<\/p>\n<p>B\u00e9 sabem que l&#8217;\u00fas d&#8217;ascensors \u00e9s una necessitat i forma part del sistema d&#8217;accessibilitat de molts edificis, ja que no tothom t\u00e9 la capacitat de poder ingressar a una infraestructura a trav\u00e9s de rampes o escales, com ara les persones de gent gran o minusv\u00e0lids.<\/p>\n<p>Per aquesta ra\u00f3, intentem arribar a qualsevol ciutat de Barcelona i prestar els nostres serveis per garantir la comoditat dels qui habiten o visiten espais p\u00fablics, empreses i fins i tot cases particulars. Dins el nostre cat\u00e0leg tenim ascensors convencionals, per a minusv\u00e0lids i plataformes elevadores, entre d&#8217;altres.<\/p>\n<p>&nbsp;<\/p>\n<h2>Tenim la soluci\u00f3 per a tu<\/h2>\n<p>Ascensors Euro Condal us ofereix la m\u00e9s <strong>amplia varietat d&#8217;equips d&#8217;elevaci\u00f3 vertical<\/strong>, no nom\u00e9s per a edificis a l&#8217;obra, sin\u00f3 tamb\u00e9 per a aquelles edificacions antigues, comunitat de ve\u00efns o habitatges unifamiliars de m\u00e9s de dues plantes. Dins el nostre cat\u00e0leg pots trobar elevadors, muntac\u00e0rregues, cadira salvaescales i plataformes elevadores especials per a persones de mobilitat redu\u00efda, entre d&#8217;altres.<\/p>\n<p>&nbsp;<\/p>\n<h2>Manteniment correctiu i preventiu a qualsevol tipus d&#8217;ascensor<\/h2>\n<p>A m\u00e9s d&#8217;instal\u00b7lar elevadors adaptats a les necessitats dels nostres clients, <strong>oferim el manteniment posterior per garantir-ne el bon funcionament<\/strong> i la seguretat dels usuaris.<\/p>\n<p>Si voleu con\u00e8ixer els nostres preus, no dubteu a acudir a l&#8217;equip de professionals d&#8217;Ascensors Euro Condal, els qui estan disposats a realitzar l&#8217;avaluaci\u00f3 necess\u00e0ria de forma gratu\u00efta, i oferir-vos un pressupost segons els vostres requeriments.<\/p>\n","protected":false},"excerpt":{"rendered":"<p>Ascensors Sant Just Desvern Si busques ascensors a Sant Just Desvern vas arribar al lloc correcte, doncs ho tenim tot en elevadors verticals. I \u00e9s que aquesta empresa ens caracteritzem per prestar el millor servei d&#8217;instal\u00b7laci\u00f3, manteniment i reparaci\u00f3 d&#8217;ascensors a Barcelona. B\u00e9 sabem que l&#8217;\u00fas d&#8217;ascensors \u00e9s una necessitat i forma part del sistema &hellip;<\/p>\n<p class=\"read-more\"> <a class=\"\" href=\"https:\/\/ascensorescondal.com\/ca\/sant-just-desvern\/\"> <span class=\"screen-reader-text\">Sant Just Desvern<\/span> Llegeix m\u00e9s &raquo;<\/a><\/p>\n","protected":false},"author":1,"featured_media":0,"parent":0,"menu_order":0,"comment_status":"closed","ping_status":"closed","template":"","meta":{"site-sidebar-layout":"default","site-content-layout":"","ast-site-content-layout":"default","site-content-style":"default","site-sidebar-style":"default","ast-global-header-display":"","ast-banner-title-visibility":"","ast-main-header-display":"","ast-hfb-above-header-display":"","ast-hfb-below-header-display":"","ast-hfb-mobile-header-display":"","site-post-title":"","ast-breadcrumbs-content":"","ast-featured-img":"","footer-sml-layout":"","theme-transparent-header-meta":"default","adv-header-id-meta":"","stick-header-meta":"","header-above-stick-meta":"","header-main-stick-meta":"","header-below-stick-meta":"","astra-migrate-meta-layouts":"set","footnotes":""},"class_list":["post-1387","page","type-page","status-publish","hentry"],"yoast_head":"<!-- This site is optimized with the Yoast SEO plugin v26.0 - https:\/\/yoast.com\/wordpress\/plugins\/seo\/ -->\n<title>Ascensors Sant Just Desvern. Manteniment elevadors<\/title>\n<meta name=\"description\" content=\"ASCENSORS CONDAL. Ascensors Sant Just. Empresa experta en el manteniment i la instal\u00b7laci\u00f3 d&#039;elevadors a Sant Just Desvern\" \/>\n<meta name=\"robots\" content=\"index, follow, max-snippet:-1, max-image-preview:large, max-video-preview:-1\" \/>\n<link rel=\"canonical\" href=\"https:\/\/ascensorescondal.com\/ca\/sant-just-desvern\/\" \/>\n<meta property=\"og:locale\" content=\"ca_ES\" \/>\n<meta property=\"og:type\" content=\"article\" \/>\n<meta property=\"og:title\" content=\"Ascensors Sant Just Desvern. Manteniment elevadors\" \/>\n<meta property=\"og:description\" content=\"ASCENSORS CONDAL. Ascensors Sant Just. Empresa experta en el manteniment i la instal\u00b7laci\u00f3 d&#039;elevadors a Sant Just Desvern\" \/>\n<meta property=\"og:url\" content=\"https:\/\/ascensorescondal.com\/ca\/sant-just-desvern\/\" \/>\n<meta property=\"article:modified_time\" content=\"2024-04-05T12:23:48+00:00\" \/>\n<meta name=\"twitter:card\" content=\"summary_large_image\" \/>\n<meta name=\"twitter:label1\" content=\"Temps estimat de lectura\" \/>\n\t<meta name=\"twitter:data1\" content=\"2 minuts\" \/>\n<script type=\"application\/ld+json\" class=\"yoast-schema-graph\">{\"@context\":\"https:\/\/schema.org\",\"@graph\":[{\"@type\":\"WebPage\",\"@id\":\"https:\/\/ascensorescondal.com\/ca\/sant-just-desvern\/\",\"url\":\"https:\/\/ascensorescondal.com\/ca\/sant-just-desvern\/\",\"name\":\"Ascensors Sant Just Desvern. Manteniment elevadors\",\"isPartOf\":{\"@id\":\"https:\/\/ascensorescondal.com\/ca\/#website\"},\"datePublished\":\"2022-11-16T08:08:38+00:00\",\"dateModified\":\"2024-04-05T12:23:48+00:00\",\"description\":\"ASCENSORS CONDAL. Ascensors Sant Just. Empresa experta en el manteniment i la instal\u00b7laci\u00f3 d'elevadors a Sant Just Desvern\",\"breadcrumb\":{\"@id\":\"https:\/\/ascensorescondal.com\/ca\/sant-just-desvern\/#breadcrumb\"},\"inLanguage\":\"ca\",\"potentialAction\":[{\"@type\":\"ReadAction\",\"target\":[\"https:\/\/ascensorescondal.com\/ca\/sant-just-desvern\/\"]}]},{\"@type\":\"BreadcrumbList\",\"@id\":\"https:\/\/ascensorescondal.com\/ca\/sant-just-desvern\/#breadcrumb\",\"itemListElement\":[{\"@type\":\"ListItem\",\"position\":1,\"name\":\"Portada\",\"item\":\"https:\/\/ascensorescondal.com\/ca\/\"},{\"@type\":\"ListItem\",\"position\":2,\"name\":\"Sant Just Desvern\"}]},{\"@type\":\"WebSite\",\"@id\":\"https:\/\/ascensorescondal.com\/ca\/#website\",\"url\":\"https:\/\/ascensorescondal.com\/ca\/\",\"name\":\"\",\"description\":\"\",\"potentialAction\":[{\"@type\":\"SearchAction\",\"target\":{\"@type\":\"EntryPoint\",\"urlTemplate\":\"https:\/\/ascensorescondal.com\/ca\/?s={search_term_string}\"},\"query-input\":{\"@type\":\"PropertyValueSpecification\",\"valueRequired\":true,\"valueName\":\"search_term_string\"}}],\"inLanguage\":\"ca\"}]}<\/script>\n<!-- \/ Yoast SEO plugin. -->","yoast_head_json":{"title":"Ascensors Sant Just Desvern. Manteniment elevadors","description":"ASCENSORS CONDAL. Ascensors Sant Just. Empresa experta en el manteniment i la instal\u00b7laci\u00f3 d'elevadors a Sant Just Desvern","robots":{"index":"index","follow":"follow","max-snippet":"max-snippet:-1","max-image-preview":"max-image-preview:large","max-video-preview":"max-video-preview:-1"},"canonical":"https:\/\/ascensorescondal.com\/ca\/sant-just-desvern\/","og_locale":"ca_ES","og_type":"article","og_title":"Ascensors Sant Just Desvern. Manteniment elevadors","og_description":"ASCENSORS CONDAL. Ascensors Sant Just. Empresa experta en el manteniment i la instal\u00b7laci\u00f3 d'elevadors a Sant Just Desvern","og_url":"https:\/\/ascensorescondal.com\/ca\/sant-just-desvern\/","article_modified_time":"2024-04-05T12:23:48+00:00","twitter_card":"summary_large_image","twitter_misc":{"Temps estimat de lectura":"2 minuts"},"schema":{"@context":"https:\/\/schema.org","@graph":[{"@type":"WebPage","@id":"https:\/\/ascensorescondal.com\/ca\/sant-just-desvern\/","url":"https:\/\/ascensorescondal.com\/ca\/sant-just-desvern\/","name":"Ascensors Sant Just Desvern. Manteniment elevadors","isPartOf":{"@id":"https:\/\/ascensorescondal.com\/ca\/#website"},"datePublished":"2022-11-16T08:08:38+00:00","dateModified":"2024-04-05T12:23:48+00:00","description":"ASCENSORS CONDAL. Ascensors Sant Just. Empresa experta en el manteniment i la instal\u00b7laci\u00f3 d'elevadors a Sant Just Desvern","breadcrumb":{"@id":"https:\/\/ascensorescondal.com\/ca\/sant-just-desvern\/#breadcrumb"},"inLanguage":"ca","potentialAction":[{"@type":"ReadAction","target":["https:\/\/ascensorescondal.com\/ca\/sant-just-desvern\/"]}]},{"@type":"BreadcrumbList","@id":"https:\/\/ascensorescondal.com\/ca\/sant-just-desvern\/#breadcrumb","itemListElement":[{"@type":"ListItem","position":1,"name":"Portada","item":"https:\/\/ascensorescondal.com\/ca\/"},{"@type":"ListItem","position":2,"name":"Sant Just Desvern"}]},{"@type":"WebSite","@id":"https:\/\/ascensorescondal.com\/ca\/#website","url":"https:\/\/ascensorescondal.com\/ca\/","name":"","description":"","potentialAction":[{"@type":"SearchAction","target":{"@type":"EntryPoint","urlTemplate":"https:\/\/ascensorescondal.com\/ca\/?s={search_term_string}"},"query-input":{"@type":"PropertyValueSpecification","valueRequired":true,"valueName":"search_term_string"}}],"inLanguage":"ca"}]}},"_links":{"self":[{"href":"https:\/\/ascensorescondal.com\/ca\/wp-json\/wp\/v2\/pages\/1387","targetHints":{"allow":["GET"]}}],"collection":[{"href":"https:\/\/ascensorescondal.com\/ca\/wp-json\/wp\/v2\/pages"}],"about":[{"href":"https:\/\/ascensorescondal.com\/ca\/wp-json\/wp\/v2\/types\/page"}],"author":[{"embeddable":true,"href":"https:\/\/ascensorescondal.com\/ca\/wp-json\/wp\/v2\/users\/1"}],"replies":[{"embeddable":true,"href":"https:\/\/ascensorescondal.com\/ca\/wp-json\/wp\/v2\/comments?post=1387"}],"version-history":[{"count":2,"href":"https:\/\/ascensorescondal.com\/ca\/wp-json\/wp\/v2\/pages\/1387\/revisions"}],"predecessor-version":[{"id":1563,"href":"https:\/\/ascensorescondal.com\/ca\/wp-json\/wp\/v2\/pages\/1387\/revisions\/1563"}],"wp:attachment":[{"href":"https:\/\/ascensorescondal.com\/ca\/wp-json\/wp\/v2\/media?parent=1387"}],"curies":[{"name":"wp","href":"https:\/\/api.w.org\/{rel}","templated":true}]}}