{"id":1385,"date":"2022-11-16T08:06:07","date_gmt":"2022-11-16T08:06:07","guid":{"rendered":"https:\/\/ascensorescondal.com\/?page_id=1385"},"modified":"2024-04-05T14:23:13","modified_gmt":"2024-04-05T12:23:13","slug":"sant-climent-de-llobregat","status":"publish","type":"page","link":"https:\/\/ascensorescondal.com\/ca\/sant-climent-de-llobregat\/","title":{"rendered":"Sant Climent de Llobregat"},"content":{"rendered":"<h1>Ascensors Sant Climent de Llobregat<\/h1>\n<p>A Ascensors Euro Condal us oferim la instal\u00b7laci\u00f3 i manteniment d&#8217;ascensors a Sant Climent de Llobregat i una infinitat de ciutats a Barcelona, ja que ens enfoquem a proveir el millor servei per a la vostra comoditat.<\/p>\n<p>Som especialistes en el manteniment preventiu i correctiu de qualsevol tipus d&#8217;elevadors, i us oferim una atenci\u00f3 personalitzada per a casos d&#8217;emerg\u00e8ncia.<\/p>\n<p>B\u00e9 sabem la import\u00e0ncia que representa l&#8217;accessibilitat a edificis, cases o qualsevol infraestructura, per als quals se&#8217;ls impossibilita pujar escales, com el cas de persones de la tercera edat o de mobilitat redu\u00efda.<\/p>\n<p>Per aix\u00f2, ens adaptem a les teves necessitats, i t&#8217;oferim el millor pressupost del mercat.<\/p>\n<p>&nbsp;<\/p>\n<h2>Comptem amb els mitjans t\u00e8cnics i l&#8217;equip professional adequat<\/h2>\n<p>Per Ascensors Euro Condal, fer un manteniment adequat en qualsevol tipus d&#8217;elevador, no sols requereix d&#8217;un equip de professionals capacitats, sin\u00f3 tamb\u00e9 dels mitjans t\u00e8cnics per desenvolupar els <strong>treballs de manteniment preventiu i correctiu<\/strong>, i tamb\u00e9 la instal\u00b7laci\u00f3 dels mateixos.<\/p>\n<p>&nbsp;<\/p>\n<h2>Realitzem el millor manteniment a qualsevol tipus d&#8217;ascensor<\/h2>\n<p>Ens enfoquem a fer un servei de neteja i lubricaci\u00f3 de les parts m\u00f2bils de l&#8217;ascensor, sense importar que hagin estat instal\u00b7lats per una altra empresa. <strong>Tamb\u00e9 realitzem l&#8217;ajust i la verificaci\u00f3 de les seccions de l&#8217;elevador<\/strong>, muntac\u00e0rregues o ascensor convencional, evitant posar en risc la seguretat de les persones que fan \u00fas d&#8217;aquest sistema.<\/p>\n<p>El nostre servei d&#8217;instal\u00b7laci\u00f3 i manteniment d&#8217;ascensors a comunitats de propietaris, habitatges unifamiliars, xalet o qualsevol tipus d&#8217;edificis, arriba a les ciutats m\u00e9s importants de Barcelona, com ara Cornell\u00e0 de Llobregat, Sant Boi de Llobregat i Sant Climent de Llobregat, entre d&#8217;altres .<\/p>\n","protected":false},"excerpt":{"rendered":"<p>Ascensors Sant Climent de Llobregat A Ascensors Euro Condal us oferim la instal\u00b7laci\u00f3 i manteniment d&#8217;ascensors a Sant Climent de Llobregat i una infinitat de ciutats a Barcelona, ja que ens enfoquem a proveir el millor servei per a la vostra comoditat. Som especialistes en el manteniment preventiu i correctiu de qualsevol tipus d&#8217;elevadors, i &hellip;<\/p>\n<p class=\"read-more\"> <a class=\"\" href=\"https:\/\/ascensorescondal.com\/ca\/sant-climent-de-llobregat\/\"> <span class=\"screen-reader-text\">Sant Climent de Llobregat<\/span> Llegeix m\u00e9s &raquo;<\/a><\/p>\n","protected":false},"author":1,"featured_media":0,"parent":0,"menu_order":0,"comment_status":"closed","ping_status":"closed","template":"","meta":{"site-sidebar-layout":"default","site-content-layout":"","ast-site-content-layout":"default","site-content-style":"default","site-sidebar-style":"default","ast-global-header-display":"","ast-banner-title-visibility":"","ast-main-header-display":"","ast-hfb-above-header-display":"","ast-hfb-below-header-display":"","ast-hfb-mobile-header-display":"","site-post-title":"","ast-breadcrumbs-content":"","ast-featured-img":"","footer-sml-layout":"","theme-transparent-header-meta":"default","adv-header-id-meta":"","stick-header-meta":"","header-above-stick-meta":"","header-main-stick-meta":"","header-below-stick-meta":"","astra-migrate-meta-layouts":"set","footnotes":""},"class_list":["post-1385","page","type-page","status-publish","hentry"],"yoast_head":"<!-- This site is optimized with the Yoast SEO plugin v26.0 - https:\/\/yoast.com\/wordpress\/plugins\/seo\/ -->\n<title>Ascensors Sant Climent de Llobregat. Manteniment elevador<\/title>\n<meta name=\"description\" content=\"ASCENSORS CONDAL. Elevador. Grup de professionals en la conservaci\u00f3, modernitzaci\u00f3 i manteniment d&#039;ascensors a Sant Climent\" \/>\n<meta name=\"robots\" content=\"index, follow, max-snippet:-1, max-image-preview:large, max-video-preview:-1\" \/>\n<link rel=\"canonical\" href=\"https:\/\/ascensorescondal.com\/ca\/sant-climent-de-llobregat\/\" \/>\n<meta property=\"og:locale\" content=\"ca_ES\" \/>\n<meta property=\"og:type\" content=\"article\" \/>\n<meta property=\"og:title\" content=\"Ascensors Sant Climent de Llobregat. Manteniment elevador\" \/>\n<meta property=\"og:description\" content=\"ASCENSORS CONDAL. Elevador. Grup de professionals en la conservaci\u00f3, modernitzaci\u00f3 i manteniment d&#039;ascensors a Sant Climent\" \/>\n<meta property=\"og:url\" content=\"https:\/\/ascensorescondal.com\/ca\/sant-climent-de-llobregat\/\" \/>\n<meta property=\"article:modified_time\" content=\"2024-04-05T12:23:13+00:00\" \/>\n<meta name=\"twitter:card\" content=\"summary_large_image\" \/>\n<meta name=\"twitter:label1\" content=\"Temps estimat de lectura\" \/>\n\t<meta name=\"twitter:data1\" content=\"2 minuts\" \/>\n<script type=\"application\/ld+json\" class=\"yoast-schema-graph\">{\"@context\":\"https:\/\/schema.org\",\"@graph\":[{\"@type\":\"WebPage\",\"@id\":\"https:\/\/ascensorescondal.com\/ca\/sant-climent-de-llobregat\/\",\"url\":\"https:\/\/ascensorescondal.com\/ca\/sant-climent-de-llobregat\/\",\"name\":\"Ascensors Sant Climent de Llobregat. Manteniment elevador\",\"isPartOf\":{\"@id\":\"https:\/\/ascensorescondal.com\/ca\/#website\"},\"datePublished\":\"2022-11-16T08:06:07+00:00\",\"dateModified\":\"2024-04-05T12:23:13+00:00\",\"description\":\"ASCENSORS CONDAL. Elevador. Grup de professionals en la conservaci\u00f3, modernitzaci\u00f3 i manteniment d'ascensors a Sant Climent\",\"breadcrumb\":{\"@id\":\"https:\/\/ascensorescondal.com\/ca\/sant-climent-de-llobregat\/#breadcrumb\"},\"inLanguage\":\"ca\",\"potentialAction\":[{\"@type\":\"ReadAction\",\"target\":[\"https:\/\/ascensorescondal.com\/ca\/sant-climent-de-llobregat\/\"]}]},{\"@type\":\"BreadcrumbList\",\"@id\":\"https:\/\/ascensorescondal.com\/ca\/sant-climent-de-llobregat\/#breadcrumb\",\"itemListElement\":[{\"@type\":\"ListItem\",\"position\":1,\"name\":\"Portada\",\"item\":\"https:\/\/ascensorescondal.com\/ca\/\"},{\"@type\":\"ListItem\",\"position\":2,\"name\":\"Sant Climent de Llobregat\"}]},{\"@type\":\"WebSite\",\"@id\":\"https:\/\/ascensorescondal.com\/ca\/#website\",\"url\":\"https:\/\/ascensorescondal.com\/ca\/\",\"name\":\"\",\"description\":\"\",\"potentialAction\":[{\"@type\":\"SearchAction\",\"target\":{\"@type\":\"EntryPoint\",\"urlTemplate\":\"https:\/\/ascensorescondal.com\/ca\/?s={search_term_string}\"},\"query-input\":{\"@type\":\"PropertyValueSpecification\",\"valueRequired\":true,\"valueName\":\"search_term_string\"}}],\"inLanguage\":\"ca\"}]}<\/script>\n<!-- \/ Yoast SEO plugin. -->","yoast_head_json":{"title":"Ascensors Sant Climent de Llobregat. Manteniment elevador","description":"ASCENSORS CONDAL. Elevador. Grup de professionals en la conservaci\u00f3, modernitzaci\u00f3 i manteniment d'ascensors a Sant Climent","robots":{"index":"index","follow":"follow","max-snippet":"max-snippet:-1","max-image-preview":"max-image-preview:large","max-video-preview":"max-video-preview:-1"},"canonical":"https:\/\/ascensorescondal.com\/ca\/sant-climent-de-llobregat\/","og_locale":"ca_ES","og_type":"article","og_title":"Ascensors Sant Climent de Llobregat. Manteniment elevador","og_description":"ASCENSORS CONDAL. Elevador. Grup de professionals en la conservaci\u00f3, modernitzaci\u00f3 i manteniment d'ascensors a Sant Climent","og_url":"https:\/\/ascensorescondal.com\/ca\/sant-climent-de-llobregat\/","article_modified_time":"2024-04-05T12:23:13+00:00","twitter_card":"summary_large_image","twitter_misc":{"Temps estimat de lectura":"2 minuts"},"schema":{"@context":"https:\/\/schema.org","@graph":[{"@type":"WebPage","@id":"https:\/\/ascensorescondal.com\/ca\/sant-climent-de-llobregat\/","url":"https:\/\/ascensorescondal.com\/ca\/sant-climent-de-llobregat\/","name":"Ascensors Sant Climent de Llobregat. Manteniment elevador","isPartOf":{"@id":"https:\/\/ascensorescondal.com\/ca\/#website"},"datePublished":"2022-11-16T08:06:07+00:00","dateModified":"2024-04-05T12:23:13+00:00","description":"ASCENSORS CONDAL. Elevador. Grup de professionals en la conservaci\u00f3, modernitzaci\u00f3 i manteniment d'ascensors a Sant Climent","breadcrumb":{"@id":"https:\/\/ascensorescondal.com\/ca\/sant-climent-de-llobregat\/#breadcrumb"},"inLanguage":"ca","potentialAction":[{"@type":"ReadAction","target":["https:\/\/ascensorescondal.com\/ca\/sant-climent-de-llobregat\/"]}]},{"@type":"BreadcrumbList","@id":"https:\/\/ascensorescondal.com\/ca\/sant-climent-de-llobregat\/#breadcrumb","itemListElement":[{"@type":"ListItem","position":1,"name":"Portada","item":"https:\/\/ascensorescondal.com\/ca\/"},{"@type":"ListItem","position":2,"name":"Sant Climent de Llobregat"}]},{"@type":"WebSite","@id":"https:\/\/ascensorescondal.com\/ca\/#website","url":"https:\/\/ascensorescondal.com\/ca\/","name":"","description":"","potentialAction":[{"@type":"SearchAction","target":{"@type":"EntryPoint","urlTemplate":"https:\/\/ascensorescondal.com\/ca\/?s={search_term_string}"},"query-input":{"@type":"PropertyValueSpecification","valueRequired":true,"valueName":"search_term_string"}}],"inLanguage":"ca"}]}},"_links":{"self":[{"href":"https:\/\/ascensorescondal.com\/ca\/wp-json\/wp\/v2\/pages\/1385","targetHints":{"allow":["GET"]}}],"collection":[{"href":"https:\/\/ascensorescondal.com\/ca\/wp-json\/wp\/v2\/pages"}],"about":[{"href":"https:\/\/ascensorescondal.com\/ca\/wp-json\/wp\/v2\/types\/page"}],"author":[{"embeddable":true,"href":"https:\/\/ascensorescondal.com\/ca\/wp-json\/wp\/v2\/users\/1"}],"replies":[{"embeddable":true,"href":"https:\/\/ascensorescondal.com\/ca\/wp-json\/wp\/v2\/comments?post=1385"}],"version-history":[{"count":2,"href":"https:\/\/ascensorescondal.com\/ca\/wp-json\/wp\/v2\/pages\/1385\/revisions"}],"predecessor-version":[{"id":1562,"href":"https:\/\/ascensorescondal.com\/ca\/wp-json\/wp\/v2\/pages\/1385\/revisions\/1562"}],"wp:attachment":[{"href":"https:\/\/ascensorescondal.com\/ca\/wp-json\/wp\/v2\/media?parent=1385"}],"curies":[{"name":"wp","href":"https:\/\/api.w.org\/{rel}","templated":true}]}}