{"id":1383,"date":"2022-11-16T08:03:25","date_gmt":"2022-11-16T08:03:25","guid":{"rendered":"https:\/\/ascensorescondal.com\/?page_id=1383"},"modified":"2024-04-05T14:22:57","modified_gmt":"2024-04-05T12:22:57","slug":"esplugues-de-llobregat","status":"publish","type":"page","link":"https:\/\/ascensorescondal.com\/ca\/esplugues-de-llobregat\/","title":{"rendered":"Esplugues de Llobregat"},"content":{"rendered":"<h1>Ascensors Esplugues de Llobregat<\/h1>\n<p>Esplugues de Llobregat \u00e9s una prov\u00edncia que es caracteritza per tenir edificacions de gran altura, per la qual cosa tenir un ascensor \u00e9s vital per als que fan vida dins d&#8217;aquests edificis, ja sigui que estiguin destinats a habitatges, fins empresarials o altres.<\/p>\n<p>Per aquesta ra\u00f3, Ascensors Euro Condal us ofereix una infinitat d&#8217;opcions per garantir la comoditat i seguretat dels qui freq\u00fcenten o habiten aquests llocs, ja que ent\u00e9n la import\u00e0ncia de l&#8217;accessibilitat, sobretot quan es tracta d&#8217;adults a la tercera edat o persones de mobilitat redu\u00efda.<\/p>\n<p>&nbsp;<\/p>\n<h2>Oferim la soluci\u00f3 adaptada a la teva necessitat<\/h2>\n<p>Disposem d&#8217;un cat\u00e0leg ampli d&#8217;equips adaptables a qualsevol infraestructura, sigui que es tracti de grans edificis residencials, nous o antics, habitatges multifamiliars o fins i tot infraestructures destinades a fins laborals.<\/p>\n<p>Comptem amb ascensors per a minusv\u00e0lids, plataformes elevadores, pujaescales i elevadors verticals, entre d&#8217;altres. <strong>Els nostres equips s\u00f3n d&#8217;\u00faltima generaci\u00f3<\/strong>, per\u00f2 si voleu modernitzar-ne algun ja instal\u00b7lat, tamb\u00e9 us prove\u00efm d&#8217;aquest servei, ja que ens especialitzem no nom\u00e9s en el manteniment preventiu i correctiu d&#8217;aquests sistemes, sin\u00f3 tamb\u00e9 en el canvi de maquin\u00e0ria i quadre el\u00e8ctric.<\/p>\n<p>En cas que vulguis instal\u00b7lar un elevador a una obra nova, tenim disponibles equips adaptables a qualsevol infraestructura i fins i tot a les teves necessitats com a usuari.<\/p>\n<p>Davant de qualsevol dubte, consulta amb els nostres experts els qui segur tindran la millor soluci\u00f3 per a tu.<\/p>\n","protected":false},"excerpt":{"rendered":"<p>Ascensors Esplugues de Llobregat Esplugues de Llobregat \u00e9s una prov\u00edncia que es caracteritza per tenir edificacions de gran altura, per la qual cosa tenir un ascensor \u00e9s vital per als que fan vida dins d&#8217;aquests edificis, ja sigui que estiguin destinats a habitatges, fins empresarials o altres. Per aquesta ra\u00f3, Ascensors Euro Condal us ofereix &hellip;<\/p>\n<p class=\"read-more\"> <a class=\"\" href=\"https:\/\/ascensorescondal.com\/ca\/esplugues-de-llobregat\/\"> <span class=\"screen-reader-text\">Esplugues de Llobregat<\/span> Llegeix m\u00e9s &raquo;<\/a><\/p>\n","protected":false},"author":1,"featured_media":0,"parent":0,"menu_order":0,"comment_status":"closed","ping_status":"closed","template":"","meta":{"site-sidebar-layout":"default","site-content-layout":"","ast-site-content-layout":"default","site-content-style":"default","site-sidebar-style":"default","ast-global-header-display":"","ast-banner-title-visibility":"","ast-main-header-display":"","ast-hfb-above-header-display":"","ast-hfb-below-header-display":"","ast-hfb-mobile-header-display":"","site-post-title":"","ast-breadcrumbs-content":"","ast-featured-img":"","footer-sml-layout":"","theme-transparent-header-meta":"default","adv-header-id-meta":"","stick-header-meta":"","header-above-stick-meta":"","header-main-stick-meta":"","header-below-stick-meta":"","astra-migrate-meta-layouts":"set","footnotes":""},"class_list":["post-1383","page","type-page","status-publish","hentry"],"yoast_head":"<!-- This site is optimized with the Yoast SEO plugin v26.0 - https:\/\/yoast.com\/wordpress\/plugins\/seo\/ -->\n<title>Ascensors Esplugues de Llobregat. Manteniment elevadors<\/title>\n<meta name=\"description\" content=\"ASCENSORS CONDAL. Ascensor Esplugues. Grup de professionals a la instal\u00b7laci\u00f3 i manteniment d&#039;elevadors a Esplugues de Llobregat\" \/>\n<meta name=\"robots\" content=\"index, follow, max-snippet:-1, max-image-preview:large, max-video-preview:-1\" \/>\n<link rel=\"canonical\" href=\"https:\/\/ascensorescondal.com\/ca\/esplugues-de-llobregat\/\" \/>\n<meta property=\"og:locale\" content=\"ca_ES\" \/>\n<meta property=\"og:type\" content=\"article\" \/>\n<meta property=\"og:title\" content=\"Ascensors Esplugues de Llobregat. Manteniment elevadors\" \/>\n<meta property=\"og:description\" content=\"ASCENSORS CONDAL. Ascensor Esplugues. Grup de professionals a la instal\u00b7laci\u00f3 i manteniment d&#039;elevadors a Esplugues de Llobregat\" \/>\n<meta property=\"og:url\" content=\"https:\/\/ascensorescondal.com\/ca\/esplugues-de-llobregat\/\" \/>\n<meta property=\"article:modified_time\" content=\"2024-04-05T12:22:57+00:00\" \/>\n<meta name=\"twitter:card\" content=\"summary_large_image\" \/>\n<meta name=\"twitter:label1\" content=\"Temps estimat de lectura\" \/>\n\t<meta name=\"twitter:data1\" content=\"2 minuts\" \/>\n<script type=\"application\/ld+json\" class=\"yoast-schema-graph\">{\"@context\":\"https:\/\/schema.org\",\"@graph\":[{\"@type\":\"WebPage\",\"@id\":\"https:\/\/ascensorescondal.com\/ca\/esplugues-de-llobregat\/\",\"url\":\"https:\/\/ascensorescondal.com\/ca\/esplugues-de-llobregat\/\",\"name\":\"Ascensors Esplugues de Llobregat. Manteniment elevadors\",\"isPartOf\":{\"@id\":\"https:\/\/ascensorescondal.com\/ca\/#website\"},\"datePublished\":\"2022-11-16T08:03:25+00:00\",\"dateModified\":\"2024-04-05T12:22:57+00:00\",\"description\":\"ASCENSORS CONDAL. Ascensor Esplugues. Grup de professionals a la instal\u00b7laci\u00f3 i manteniment d'elevadors a Esplugues de Llobregat\",\"breadcrumb\":{\"@id\":\"https:\/\/ascensorescondal.com\/ca\/esplugues-de-llobregat\/#breadcrumb\"},\"inLanguage\":\"ca\",\"potentialAction\":[{\"@type\":\"ReadAction\",\"target\":[\"https:\/\/ascensorescondal.com\/ca\/esplugues-de-llobregat\/\"]}]},{\"@type\":\"BreadcrumbList\",\"@id\":\"https:\/\/ascensorescondal.com\/ca\/esplugues-de-llobregat\/#breadcrumb\",\"itemListElement\":[{\"@type\":\"ListItem\",\"position\":1,\"name\":\"Portada\",\"item\":\"https:\/\/ascensorescondal.com\/ca\/\"},{\"@type\":\"ListItem\",\"position\":2,\"name\":\"Esplugues de Llobregat\"}]},{\"@type\":\"WebSite\",\"@id\":\"https:\/\/ascensorescondal.com\/ca\/#website\",\"url\":\"https:\/\/ascensorescondal.com\/ca\/\",\"name\":\"\",\"description\":\"\",\"potentialAction\":[{\"@type\":\"SearchAction\",\"target\":{\"@type\":\"EntryPoint\",\"urlTemplate\":\"https:\/\/ascensorescondal.com\/ca\/?s={search_term_string}\"},\"query-input\":{\"@type\":\"PropertyValueSpecification\",\"valueRequired\":true,\"valueName\":\"search_term_string\"}}],\"inLanguage\":\"ca\"}]}<\/script>\n<!-- \/ Yoast SEO plugin. -->","yoast_head_json":{"title":"Ascensors Esplugues de Llobregat. Manteniment elevadors","description":"ASCENSORS CONDAL. Ascensor Esplugues. Grup de professionals a la instal\u00b7laci\u00f3 i manteniment d'elevadors a Esplugues de Llobregat","robots":{"index":"index","follow":"follow","max-snippet":"max-snippet:-1","max-image-preview":"max-image-preview:large","max-video-preview":"max-video-preview:-1"},"canonical":"https:\/\/ascensorescondal.com\/ca\/esplugues-de-llobregat\/","og_locale":"ca_ES","og_type":"article","og_title":"Ascensors Esplugues de Llobregat. Manteniment elevadors","og_description":"ASCENSORS CONDAL. Ascensor Esplugues. Grup de professionals a la instal\u00b7laci\u00f3 i manteniment d'elevadors a Esplugues de Llobregat","og_url":"https:\/\/ascensorescondal.com\/ca\/esplugues-de-llobregat\/","article_modified_time":"2024-04-05T12:22:57+00:00","twitter_card":"summary_large_image","twitter_misc":{"Temps estimat de lectura":"2 minuts"},"schema":{"@context":"https:\/\/schema.org","@graph":[{"@type":"WebPage","@id":"https:\/\/ascensorescondal.com\/ca\/esplugues-de-llobregat\/","url":"https:\/\/ascensorescondal.com\/ca\/esplugues-de-llobregat\/","name":"Ascensors Esplugues de Llobregat. Manteniment elevadors","isPartOf":{"@id":"https:\/\/ascensorescondal.com\/ca\/#website"},"datePublished":"2022-11-16T08:03:25+00:00","dateModified":"2024-04-05T12:22:57+00:00","description":"ASCENSORS CONDAL. Ascensor Esplugues. Grup de professionals a la instal\u00b7laci\u00f3 i manteniment d'elevadors a Esplugues de Llobregat","breadcrumb":{"@id":"https:\/\/ascensorescondal.com\/ca\/esplugues-de-llobregat\/#breadcrumb"},"inLanguage":"ca","potentialAction":[{"@type":"ReadAction","target":["https:\/\/ascensorescondal.com\/ca\/esplugues-de-llobregat\/"]}]},{"@type":"BreadcrumbList","@id":"https:\/\/ascensorescondal.com\/ca\/esplugues-de-llobregat\/#breadcrumb","itemListElement":[{"@type":"ListItem","position":1,"name":"Portada","item":"https:\/\/ascensorescondal.com\/ca\/"},{"@type":"ListItem","position":2,"name":"Esplugues de Llobregat"}]},{"@type":"WebSite","@id":"https:\/\/ascensorescondal.com\/ca\/#website","url":"https:\/\/ascensorescondal.com\/ca\/","name":"","description":"","potentialAction":[{"@type":"SearchAction","target":{"@type":"EntryPoint","urlTemplate":"https:\/\/ascensorescondal.com\/ca\/?s={search_term_string}"},"query-input":{"@type":"PropertyValueSpecification","valueRequired":true,"valueName":"search_term_string"}}],"inLanguage":"ca"}]}},"_links":{"self":[{"href":"https:\/\/ascensorescondal.com\/ca\/wp-json\/wp\/v2\/pages\/1383","targetHints":{"allow":["GET"]}}],"collection":[{"href":"https:\/\/ascensorescondal.com\/ca\/wp-json\/wp\/v2\/pages"}],"about":[{"href":"https:\/\/ascensorescondal.com\/ca\/wp-json\/wp\/v2\/types\/page"}],"author":[{"embeddable":true,"href":"https:\/\/ascensorescondal.com\/ca\/wp-json\/wp\/v2\/users\/1"}],"replies":[{"embeddable":true,"href":"https:\/\/ascensorescondal.com\/ca\/wp-json\/wp\/v2\/comments?post=1383"}],"version-history":[{"count":2,"href":"https:\/\/ascensorescondal.com\/ca\/wp-json\/wp\/v2\/pages\/1383\/revisions"}],"predecessor-version":[{"id":1561,"href":"https:\/\/ascensorescondal.com\/ca\/wp-json\/wp\/v2\/pages\/1383\/revisions\/1561"}],"wp:attachment":[{"href":"https:\/\/ascensorescondal.com\/ca\/wp-json\/wp\/v2\/media?parent=1383"}],"curies":[{"name":"wp","href":"https:\/\/api.w.org\/{rel}","templated":true}]}}