{"id":1374,"date":"2022-11-15T15:50:11","date_gmt":"2022-11-15T15:50:11","guid":{"rendered":"https:\/\/ascensorescondal.com\/?page_id=1374"},"modified":"2024-04-05T14:22:18","modified_gmt":"2024-04-05T12:22:18","slug":"sant-feliu-de-llobregat","status":"publish","type":"page","link":"https:\/\/ascensorescondal.com\/ca\/sant-feliu-de-llobregat\/","title":{"rendered":"Sant Feliu de Llobregat"},"content":{"rendered":"<h1>Ascensors Sant Feliu de Llobregat<\/h1>\n<p>&nbsp;<\/p>\n<p>Si necessiteu instal\u00b7lar un ascensor a Sant Feliu de Llobregat o necessiteu el manteniment d&#8217;aquest tipus d&#8217;equips, no dubteu a contactar amb els nostres experts.<\/p>\n<p>Aix\u00ed com ho llegeixes! Som una empresa d&#8217;ascensors que no nom\u00e9s et pot beneficiar del manteniment preventiu i correctiu del teu elevador a Barcelona, sin\u00f3 tamb\u00e9 de la instal\u00b7laci\u00f3 d&#8217;ascensors a edificis antics o nous.<\/p>\n<p>Per si no n&#8217;hi hagu\u00e9s prou, pots dissenyar l&#8217;ascensor ideal per al teu habitatge, edifici o qualsevol tipus d&#8217;espai. Fins i tot t&#8217;oferim l&#8217;opci\u00f3 de crear cobertes d&#8217;acord amb la infraestructura, garantint la resist\u00e8ncia i la seguretat del nostre treball.<\/p>\n<p>&nbsp;<\/p>\n<h2>Ascensors per a cases particulars<\/h2>\n<p>B\u00e9 sabem que un gran percentatge dels habitatges unifamiliars a Sant Feliu de Llobregat superen les quatre plantes i per aix\u00f2, comptar amb un ascensor, <strong>m\u00e9s que una comoditat representa una necessitat<\/strong>, sobretot quan al nostre nucli familiar hi ha persones de la tercera edat o amb mobilitat redu\u00efda.<\/p>\n<p>A m\u00e9s, \u00e9s un element que podria revaloritzar la teva propietat, aix\u00ed que instal\u00b7lar un elevador es converteix en una molt bona inversi\u00f3.<\/p>\n<p>&nbsp;<\/p>\n<h2>Ascensors per a edificis<\/h2>\n<p>Com indiquem anteriorment, <strong>tamb\u00e9 instal\u00b7lem ascensors a obra nova<\/strong>, especialment quan es tracta d&#8217;edificis, beneficiant-te en l&#8217;elecci\u00f3 de les mesures adaptades a comunitats de propietaris. B\u00e9 sabem que a Sant Feliu de Llobregat la prefer\u00e8ncia al sector de la construcci\u00f3, s\u00f3n edificacions verticals.<\/p>\n<p>&nbsp;<\/p>\n<h2>Ascensors que ofereixen solucions especials<\/h2>\n<p>No nom\u00e9s oferim elevadors convencionals per a qualsevol urbanisme, sin\u00f3 tamb\u00e9 <strong>disposem d&#8217;ascensors per a minusv\u00e0lids i una infinitat d&#8217;equips especials<\/strong> per al transport de persones amb mobilitat redu\u00efda, com cadires salvaescales i plataformes elevadores, entre d&#8217;altres.<\/p>\n<p>A m\u00e9s, tenim per als nostres clients, els millors productes i serveis d&#8217;il\u00b7luminaci\u00f3 i tracci\u00f3, que representen una alternativa d&#8217;estalvi energ\u00e8tic considerable, segons el que exigeix la norma ISO 25745-2:2015.<\/p>\n<p>Ens adaptem al teu pressupost! Fins i tot si nom\u00e9s requereixes un canvi a la maquin\u00e0ria o al quadre el\u00e8ctric de l&#8217;ascensor, sense importar que una altra empresa hagi realitzat la instal\u00b7laci\u00f3 de l&#8217;equip pr\u00e8viament.<\/p>\n<p>Som el teu equip professional per excel\u00b7l\u00e8ncia i nom\u00e9s volem oferir-te el millor per protegir la teva seguretat i la dels teus familiars, ve\u00efns o visitants.<\/p>\n","protected":false},"excerpt":{"rendered":"<p>Ascensors Sant Feliu de Llobregat &nbsp; Si necessiteu instal\u00b7lar un ascensor a Sant Feliu de Llobregat o necessiteu el manteniment d&#8217;aquest tipus d&#8217;equips, no dubteu a contactar amb els nostres experts. Aix\u00ed com ho llegeixes! Som una empresa d&#8217;ascensors que no nom\u00e9s et pot beneficiar del manteniment preventiu i correctiu del teu elevador a Barcelona, &hellip;<\/p>\n<p class=\"read-more\"> <a class=\"\" href=\"https:\/\/ascensorescondal.com\/ca\/sant-feliu-de-llobregat\/\"> <span class=\"screen-reader-text\">Sant Feliu de Llobregat<\/span> Llegeix m\u00e9s &raquo;<\/a><\/p>\n","protected":false},"author":1,"featured_media":0,"parent":0,"menu_order":0,"comment_status":"closed","ping_status":"closed","template":"","meta":{"site-sidebar-layout":"default","site-content-layout":"","ast-site-content-layout":"default","site-content-style":"default","site-sidebar-style":"default","ast-global-header-display":"","ast-banner-title-visibility":"","ast-main-header-display":"","ast-hfb-above-header-display":"","ast-hfb-below-header-display":"","ast-hfb-mobile-header-display":"","site-post-title":"","ast-breadcrumbs-content":"","ast-featured-img":"","footer-sml-layout":"","theme-transparent-header-meta":"default","adv-header-id-meta":"","stick-header-meta":"","header-above-stick-meta":"","header-main-stick-meta":"","header-below-stick-meta":"","astra-migrate-meta-layouts":"set","footnotes":""},"class_list":["post-1374","page","type-page","status-publish","hentry"],"yoast_head":"<!-- This site is optimized with the Yoast SEO plugin v26.0 - https:\/\/yoast.com\/wordpress\/plugins\/seo\/ -->\n<title>Ascensors Sant Feliu de Llobregat. Manteniment elevadors<\/title>\n<meta name=\"description\" content=\"ASCENSORS CONDAL. Ascensors Sant Feliu de Llobregat. Empresa experta en el manteniment i la instal\u00b7laci\u00f3 d&#039;elevadors a Sant Feliu\" \/>\n<meta name=\"robots\" content=\"index, follow, max-snippet:-1, max-image-preview:large, max-video-preview:-1\" \/>\n<link rel=\"canonical\" href=\"https:\/\/ascensorescondal.com\/ca\/sant-feliu-de-llobregat\/\" \/>\n<meta property=\"og:locale\" content=\"ca_ES\" \/>\n<meta property=\"og:type\" content=\"article\" \/>\n<meta property=\"og:title\" content=\"Ascensors Sant Feliu de Llobregat. Manteniment elevadors\" \/>\n<meta property=\"og:description\" content=\"ASCENSORS CONDAL. Ascensors Sant Feliu de Llobregat. Empresa experta en el manteniment i la instal\u00b7laci\u00f3 d&#039;elevadors a Sant Feliu\" \/>\n<meta property=\"og:url\" content=\"https:\/\/ascensorescondal.com\/ca\/sant-feliu-de-llobregat\/\" \/>\n<meta property=\"article:modified_time\" content=\"2024-04-05T12:22:18+00:00\" \/>\n<meta name=\"twitter:card\" content=\"summary_large_image\" \/>\n<meta name=\"twitter:label1\" content=\"Temps estimat de lectura\" \/>\n\t<meta name=\"twitter:data1\" content=\"2 minuts\" \/>\n<script type=\"application\/ld+json\" class=\"yoast-schema-graph\">{\"@context\":\"https:\/\/schema.org\",\"@graph\":[{\"@type\":\"WebPage\",\"@id\":\"https:\/\/ascensorescondal.com\/ca\/sant-feliu-de-llobregat\/\",\"url\":\"https:\/\/ascensorescondal.com\/ca\/sant-feliu-de-llobregat\/\",\"name\":\"Ascensors Sant Feliu de Llobregat. Manteniment elevadors\",\"isPartOf\":{\"@id\":\"https:\/\/ascensorescondal.com\/ca\/#website\"},\"datePublished\":\"2022-11-15T15:50:11+00:00\",\"dateModified\":\"2024-04-05T12:22:18+00:00\",\"description\":\"ASCENSORS CONDAL. Ascensors Sant Feliu de Llobregat. Empresa experta en el manteniment i la instal\u00b7laci\u00f3 d'elevadors a Sant Feliu\",\"breadcrumb\":{\"@id\":\"https:\/\/ascensorescondal.com\/ca\/sant-feliu-de-llobregat\/#breadcrumb\"},\"inLanguage\":\"ca\",\"potentialAction\":[{\"@type\":\"ReadAction\",\"target\":[\"https:\/\/ascensorescondal.com\/ca\/sant-feliu-de-llobregat\/\"]}]},{\"@type\":\"BreadcrumbList\",\"@id\":\"https:\/\/ascensorescondal.com\/ca\/sant-feliu-de-llobregat\/#breadcrumb\",\"itemListElement\":[{\"@type\":\"ListItem\",\"position\":1,\"name\":\"Portada\",\"item\":\"https:\/\/ascensorescondal.com\/ca\/\"},{\"@type\":\"ListItem\",\"position\":2,\"name\":\"Sant Feliu de Llobregat\"}]},{\"@type\":\"WebSite\",\"@id\":\"https:\/\/ascensorescondal.com\/ca\/#website\",\"url\":\"https:\/\/ascensorescondal.com\/ca\/\",\"name\":\"\",\"description\":\"\",\"potentialAction\":[{\"@type\":\"SearchAction\",\"target\":{\"@type\":\"EntryPoint\",\"urlTemplate\":\"https:\/\/ascensorescondal.com\/ca\/?s={search_term_string}\"},\"query-input\":{\"@type\":\"PropertyValueSpecification\",\"valueRequired\":true,\"valueName\":\"search_term_string\"}}],\"inLanguage\":\"ca\"}]}<\/script>\n<!-- \/ Yoast SEO plugin. -->","yoast_head_json":{"title":"Ascensors Sant Feliu de Llobregat. Manteniment elevadors","description":"ASCENSORS CONDAL. Ascensors Sant Feliu de Llobregat. Empresa experta en el manteniment i la instal\u00b7laci\u00f3 d'elevadors a Sant Feliu","robots":{"index":"index","follow":"follow","max-snippet":"max-snippet:-1","max-image-preview":"max-image-preview:large","max-video-preview":"max-video-preview:-1"},"canonical":"https:\/\/ascensorescondal.com\/ca\/sant-feliu-de-llobregat\/","og_locale":"ca_ES","og_type":"article","og_title":"Ascensors Sant Feliu de Llobregat. Manteniment elevadors","og_description":"ASCENSORS CONDAL. Ascensors Sant Feliu de Llobregat. Empresa experta en el manteniment i la instal\u00b7laci\u00f3 d'elevadors a Sant Feliu","og_url":"https:\/\/ascensorescondal.com\/ca\/sant-feliu-de-llobregat\/","article_modified_time":"2024-04-05T12:22:18+00:00","twitter_card":"summary_large_image","twitter_misc":{"Temps estimat de lectura":"2 minuts"},"schema":{"@context":"https:\/\/schema.org","@graph":[{"@type":"WebPage","@id":"https:\/\/ascensorescondal.com\/ca\/sant-feliu-de-llobregat\/","url":"https:\/\/ascensorescondal.com\/ca\/sant-feliu-de-llobregat\/","name":"Ascensors Sant Feliu de Llobregat. Manteniment elevadors","isPartOf":{"@id":"https:\/\/ascensorescondal.com\/ca\/#website"},"datePublished":"2022-11-15T15:50:11+00:00","dateModified":"2024-04-05T12:22:18+00:00","description":"ASCENSORS CONDAL. Ascensors Sant Feliu de Llobregat. Empresa experta en el manteniment i la instal\u00b7laci\u00f3 d'elevadors a Sant Feliu","breadcrumb":{"@id":"https:\/\/ascensorescondal.com\/ca\/sant-feliu-de-llobregat\/#breadcrumb"},"inLanguage":"ca","potentialAction":[{"@type":"ReadAction","target":["https:\/\/ascensorescondal.com\/ca\/sant-feliu-de-llobregat\/"]}]},{"@type":"BreadcrumbList","@id":"https:\/\/ascensorescondal.com\/ca\/sant-feliu-de-llobregat\/#breadcrumb","itemListElement":[{"@type":"ListItem","position":1,"name":"Portada","item":"https:\/\/ascensorescondal.com\/ca\/"},{"@type":"ListItem","position":2,"name":"Sant Feliu de Llobregat"}]},{"@type":"WebSite","@id":"https:\/\/ascensorescondal.com\/ca\/#website","url":"https:\/\/ascensorescondal.com\/ca\/","name":"","description":"","potentialAction":[{"@type":"SearchAction","target":{"@type":"EntryPoint","urlTemplate":"https:\/\/ascensorescondal.com\/ca\/?s={search_term_string}"},"query-input":{"@type":"PropertyValueSpecification","valueRequired":true,"valueName":"search_term_string"}}],"inLanguage":"ca"}]}},"_links":{"self":[{"href":"https:\/\/ascensorescondal.com\/ca\/wp-json\/wp\/v2\/pages\/1374","targetHints":{"allow":["GET"]}}],"collection":[{"href":"https:\/\/ascensorescondal.com\/ca\/wp-json\/wp\/v2\/pages"}],"about":[{"href":"https:\/\/ascensorescondal.com\/ca\/wp-json\/wp\/v2\/types\/page"}],"author":[{"embeddable":true,"href":"https:\/\/ascensorescondal.com\/ca\/wp-json\/wp\/v2\/users\/1"}],"replies":[{"embeddable":true,"href":"https:\/\/ascensorescondal.com\/ca\/wp-json\/wp\/v2\/comments?post=1374"}],"version-history":[{"count":3,"href":"https:\/\/ascensorescondal.com\/ca\/wp-json\/wp\/v2\/pages\/1374\/revisions"}],"predecessor-version":[{"id":1593,"href":"https:\/\/ascensorescondal.com\/ca\/wp-json\/wp\/v2\/pages\/1374\/revisions\/1593"}],"wp:attachment":[{"href":"https:\/\/ascensorescondal.com\/ca\/wp-json\/wp\/v2\/media?parent=1374"}],"curies":[{"name":"wp","href":"https:\/\/api.w.org\/{rel}","templated":true}]}}