{"id":125,"date":"2023-12-15T16:35:12","date_gmt":"2023-12-15T15:35:12","guid":{"rendered":"https:\/\/ascensorescondal.com\/?page_id=125"},"modified":"2024-05-20T11:14:36","modified_gmt":"2024-05-20T09:14:36","slug":"modernitzacio","status":"publish","type":"page","link":"https:\/\/ascensorescondal.com\/ca\/modernitzacio\/","title":{"rendered":"Modernitzaci\u00f3"},"content":{"rendered":"\t\t<div data-elementor-type=\"wp-page\" data-elementor-id=\"125\" class=\"elementor elementor-125\" data-elementor-post-type=\"page\">\n\t\t\t\t\t\t<section class=\"elementor-section elementor-top-section elementor-element elementor-element-287402c3 elementor-section-boxed elementor-section-height-default elementor-section-height-default\" data-id=\"287402c3\" data-element_type=\"section\" data-settings=\"{&quot;background_background&quot;:&quot;classic&quot;}\">\n\t\t\t\t\t\t\t<div class=\"elementor-background-overlay\"><\/div>\n\t\t\t\t\t\t\t<div class=\"elementor-container elementor-column-gap-default\">\n\t\t\t\t\t<div class=\"elementor-column elementor-col-100 elementor-top-column elementor-element elementor-element-34cd29af\" data-id=\"34cd29af\" data-element_type=\"column\">\n\t\t\t<div class=\"elementor-widget-wrap elementor-element-populated\">\n\t\t\t\t\t\t<div class=\"elementor-element elementor-element-1630c812 elementor-widget elementor-widget-heading\" data-id=\"1630c812\" data-element_type=\"widget\" data-widget_type=\"heading.default\">\n\t\t\t\t<div class=\"elementor-widget-container\">\n\t\t\t<style>\/*! elementor - v3.20.0 - 26-03-2024 *\/\n.elementor-heading-title{padding:0;margin:0;line-height:1}.elementor-widget-heading .elementor-heading-title[class*=elementor-size-]>a{color:inherit;font-size:inherit;line-height:inherit}.elementor-widget-heading .elementor-heading-title.elementor-size-small{font-size:15px}.elementor-widget-heading .elementor-heading-title.elementor-size-medium{font-size:19px}.elementor-widget-heading .elementor-heading-title.elementor-size-large{font-size:29px}.elementor-widget-heading .elementor-heading-title.elementor-size-xl{font-size:39px}.elementor-widget-heading .elementor-heading-title.elementor-size-xxl{font-size:59px}<\/style><h1 class=\"elementor-heading-title elementor-size-default\">Modernitzaci\u00f3<\/h1>\t\t<\/div>\n\t\t\t\t<\/div>\n\t\t\t\t\t<\/div>\n\t\t<\/div>\n\t\t\t\t\t<\/div>\n\t\t<\/section>\n\t\t\t\t<section class=\"elementor-section elementor-top-section elementor-element elementor-element-3d58938 elementor-section-boxed elementor-section-height-default elementor-section-height-default\" data-id=\"3d58938\" data-element_type=\"section\">\n\t\t\t\t\t\t<div class=\"elementor-container elementor-column-gap-wide\">\n\t\t\t\t\t<div class=\"elementor-column elementor-col-100 elementor-top-column elementor-element elementor-element-12bcdfe9\" data-id=\"12bcdfe9\" data-element_type=\"column\">\n\t\t\t<div class=\"elementor-widget-wrap elementor-element-populated\">\n\t\t\t\t\t\t<div class=\"elementor-element elementor-element-388ac78 elementor-widget elementor-widget-text-editor\" data-id=\"388ac78\" data-element_type=\"widget\" data-widget_type=\"text-editor.default\">\n\t\t\t\t<div class=\"elementor-widget-container\">\n\t\t\t<style>\/*! elementor - v3.20.0 - 26-03-2024 *\/\n.elementor-widget-text-editor.elementor-drop-cap-view-stacked .elementor-drop-cap{background-color:#69727d;color:#fff}.elementor-widget-text-editor.elementor-drop-cap-view-framed .elementor-drop-cap{color:#69727d;border:3px solid;background-color:transparent}.elementor-widget-text-editor:not(.elementor-drop-cap-view-default) .elementor-drop-cap{margin-top:8px}.elementor-widget-text-editor:not(.elementor-drop-cap-view-default) .elementor-drop-cap-letter{width:1em;height:1em}.elementor-widget-text-editor .elementor-drop-cap{float:left;text-align:center;line-height:1;font-size:50px}.elementor-widget-text-editor .elementor-drop-cap-letter{display:inline-block}<\/style>\t\t\t\t<p>A l&#8217;hora de modernitzar un\u00a0ascensor a Barcelona\u00a0\u00e9s important prendre&#8217;s un temps per escollir una empresa que ens ofereixi les m\u00e0ximes garanties i cobreixi totes les nostres necessitats.<\/p><p>A\u00a0<b>Ascensors Euro Condal<\/b>\u00a0proporcionem un servei integral, efica\u00e7 i, segons l&#8217;opini\u00f3 dels nostres centenars de clients, plenament satisfactori. <b>Instal\u00b7laci\u00f3,\u00a0rehabilitaci\u00f3, modernitzaci\u00f3, manteniment, etc.<\/b><\/p>\t\t\t\t\t\t<\/div>\n\t\t\t\t<\/div>\n\t\t\t\t<section class=\"elementor-section elementor-inner-section elementor-element elementor-element-18d26f00 elementor-section-boxed elementor-section-height-default elementor-section-height-default\" data-id=\"18d26f00\" data-element_type=\"section\">\n\t\t\t\t\t\t<div class=\"elementor-container elementor-column-gap-default\">\n\t\t\t\t\t<div class=\"elementor-column elementor-col-50 elementor-inner-column elementor-element elementor-element-5e21a8d1\" data-id=\"5e21a8d1\" data-element_type=\"column\">\n\t\t\t<div class=\"elementor-widget-wrap elementor-element-populated\">\n\t\t\t\t\t\t<div class=\"elementor-element elementor-element-3cb3d348 elementor-widget elementor-widget-text-editor\" data-id=\"3cb3d348\" data-element_type=\"widget\" data-widget_type=\"text-editor.default\">\n\t\t\t\t<div class=\"elementor-widget-container\">\n\t\t\t\t\t\t\t<p>Amb nosaltres disposareu d&#8217;una<b>gran varietat de dissenys i acabats<\/b>\u00a0entre els quals escollir. I el m\u00e9s important de tots comptar\u00e0 amb els serveis d&#8217;una empresa que nom\u00e9s treballa amb productes de primeres marques.<\/p><p>A m\u00e9s\u00a0<b>ens adaptem a tots els pressupostos<\/b>, oferint-li no nom\u00e9s diferents opcions per modernitzar el seu ascensor ajustant-nos al preu que ens indiqui, sin\u00f3 aportant brillants idees per reduir costos sense que aix\u00f2 repercuteixi en la qualitat i els acabats. En qualsevol cas, el nostre departament de finan\u00e7ament estar\u00e0 encantat d&#8217;ajudar-lo a dividir el pagament en c\u00f2modes quotes que podr\u00e0 anar abonant a poc a poc.<\/p><p>Si esteu pensant en modernitzar el vostre elevador poseu-vos en contacte amb nosaltres i us informarem sense cap mena de comprom\u00eds de totes les opcions que us podem brindar.<\/p>\t\t\t\t\t\t<\/div>\n\t\t\t\t<\/div>\n\t\t\t\t\t<\/div>\n\t\t<\/div>\n\t\t\t\t<div class=\"elementor-column elementor-col-50 elementor-inner-column elementor-element elementor-element-27754fa2\" data-id=\"27754fa2\" data-element_type=\"column\">\n\t\t\t<div class=\"elementor-widget-wrap elementor-element-populated\">\n\t\t\t\t\t\t<div class=\"elementor-element elementor-element-b2e772 elementor-widget elementor-widget-image\" data-id=\"b2e772\" data-element_type=\"widget\" data-widget_type=\"image.default\">\n\t\t\t\t<div class=\"elementor-widget-container\">\n\t\t\t<style>\/*! elementor - v3.20.0 - 26-03-2024 *\/\n.elementor-widget-image{text-align:center}.elementor-widget-image a{display:inline-block}.elementor-widget-image a img[src$=\".svg\"]{width:48px}.elementor-widget-image img{vertical-align:middle;display:inline-block}<\/style>\t\t\t\t\t\t\t\t\t\t<img fetchpriority=\"high\" decoding=\"async\" width=\"768\" height=\"514\" src=\"https:\/\/ascensorescondal.com\/ca\/wp-content\/uploads\/2023\/12\/modernizacion.jpg\" class=\"attachment-full size-full wp-image-128\" alt=\"modernizaci\u00f3n\" srcset=\"https:\/\/ascensorescondal.com\/ca\/wp-content\/uploads\/2023\/12\/modernizacion.jpg 768w, https:\/\/ascensorescondal.com\/ca\/wp-content\/uploads\/2023\/12\/modernizacion-300x201.jpg 300w\" sizes=\"(max-width: 768px) 100vw, 768px\" \/>\t\t\t\t\t\t\t\t\t\t\t\t\t<\/div>\n\t\t\t\t<\/div>\n\t\t\t\t\t<\/div>\n\t\t<\/div>\n\t\t\t\t\t<\/div>\n\t\t<\/section>\n\t\t\t\t\t<\/div>\n\t\t<\/div>\n\t\t\t\t\t<\/div>\n\t\t<\/section>\n\t\t\t\t<section class=\"elementor-section elementor-top-section elementor-element elementor-element-20698dd4 elementor-section-content-middle elementor-section-boxed elementor-section-height-default elementor-section-height-default\" data-id=\"20698dd4\" data-element_type=\"section\" data-settings=\"{&quot;background_background&quot;:&quot;classic&quot;}\">\n\t\t\t\t\t\t\t<div class=\"elementor-background-overlay\"><\/div>\n\t\t\t\t\t\t\t<div class=\"elementor-container elementor-column-gap-default\">\n\t\t\t\t\t<div class=\"elementor-column elementor-col-50 elementor-top-column elementor-element elementor-element-5e37453c\" data-id=\"5e37453c\" data-element_type=\"column\">\n\t\t\t<div class=\"elementor-widget-wrap elementor-element-populated\">\n\t\t\t\t\t\t<div class=\"elementor-element elementor-element-9823814 elementor-widget elementor-widget-heading\" data-id=\"9823814\" data-element_type=\"widget\" data-widget_type=\"heading.default\">\n\t\t\t\t<div class=\"elementor-widget-container\">\n\t\t\t<h3 class=\"elementor-heading-title elementor-size-default\">Necessites modernitzar el teu ascensor?<\/h3>\t\t<\/div>\n\t\t\t\t<\/div>\n\t\t\t\t<div class=\"elementor-element elementor-element-413d52f8 elementor-widget elementor-widget-heading\" data-id=\"413d52f8\" data-element_type=\"widget\" data-widget_type=\"heading.default\">\n\t\t\t\t<div class=\"elementor-widget-container\">\n\t\t\t<p class=\"elementor-heading-title elementor-size-default\">contacta amb nosaltres<\/p>\t\t<\/div>\n\t\t\t\t<\/div>\n\t\t\t\t\t<\/div>\n\t\t<\/div>\n\t\t\t\t<div class=\"elementor-column elementor-col-50 elementor-top-column elementor-element elementor-element-82aaa73\" data-id=\"82aaa73\" data-element_type=\"column\" data-settings=\"{&quot;background_background&quot;:&quot;classic&quot;}\">\n\t\t\t<div class=\"elementor-widget-wrap elementor-element-populated\">\n\t\t\t\t\t\t<section class=\"elementor-section elementor-inner-section elementor-element elementor-element-67bf7b20 elementor-section-boxed elementor-section-height-default elementor-section-height-default\" data-id=\"67bf7b20\" data-element_type=\"section\" data-settings=\"{&quot;background_background&quot;:&quot;classic&quot;}\">\n\t\t\t\t\t\t<div class=\"elementor-container elementor-column-gap-default\">\n\t\t\t\t\t<div class=\"elementor-column elementor-col-50 elementor-inner-column elementor-element elementor-element-2997dc8\" data-id=\"2997dc8\" data-element_type=\"column\">\n\t\t\t<div class=\"elementor-widget-wrap elementor-element-populated\">\n\t\t\t\t\t\t<div class=\"elementor-element elementor-element-64636f30 elementor-view-stacked elementor-position-left elementor-mobile-position-left elementor-shape-circle elementor-vertical-align-top elementor-widget elementor-widget-icon-box\" data-id=\"64636f30\" data-element_type=\"widget\" data-widget_type=\"icon-box.default\">\n\t\t\t\t<div class=\"elementor-widget-container\">\n\t\t\t<link rel=\"stylesheet\" href=\"https:\/\/ascensorescondal.com\/ca\/wp-content\/plugins\/elementor\/assets\/css\/widget-icon-box.min.css\">\t\t<div class=\"elementor-icon-box-wrapper\">\n\t\t\t\t\t\t<div class=\"elementor-icon-box-icon\">\n\t\t\t\t<a href=\"mailto:info@ascensorescondal.com\" class=\"elementor-icon elementor-animation-\" tabindex=\"-1\">\n\t\t\t\t<i aria-hidden=\"true\" class=\"far fa-envelope\"><\/i>\t\t\t\t<\/a>\n\t\t\t<\/div>\n\t\t\t\t\t\t<div class=\"elementor-icon-box-content\">\n\t\t\t\t<span class=\"elementor-icon-box-title\">\n\t\t\t\t\t<a href=\"mailto:info@ascensorescondal.com\" >\n\t\t\t\t\t\tEscriu-nos al mail\t\t\t\t\t<\/a>\n\t\t\t\t<\/span>\n\t\t\t\t\t\t\t\t\t<p class=\"elementor-icon-box-description\">\n\t\t\t\t\t\tinfo@ascensorescondal.com\t\t\t\t\t<\/p>\n\t\t\t\t\t\t\t<\/div>\n\t\t<\/div>\n\t\t\t\t<\/div>\n\t\t\t\t<\/div>\n\t\t\t\t\t<\/div>\n\t\t<\/div>\n\t\t\t\t<div class=\"elementor-column elementor-col-50 elementor-inner-column elementor-element elementor-element-841707\" data-id=\"841707\" data-element_type=\"column\">\n\t\t\t<div class=\"elementor-widget-wrap elementor-element-populated\">\n\t\t\t\t\t\t<div class=\"elementor-element elementor-element-47a127f elementor-view-stacked elementor-position-left elementor-mobile-position-left elementor-shape-circle elementor-vertical-align-top elementor-widget elementor-widget-icon-box\" data-id=\"47a127f\" data-element_type=\"widget\" data-widget_type=\"icon-box.default\">\n\t\t\t\t<div class=\"elementor-widget-container\">\n\t\t\t\t\t<div class=\"elementor-icon-box-wrapper\">\n\t\t\t\t\t\t<div class=\"elementor-icon-box-icon\">\n\t\t\t\t<a href=\"tel:+34%20934617840\" class=\"elementor-icon elementor-animation-\" tabindex=\"-1\">\n\t\t\t\t<i aria-hidden=\"true\" class=\"fas fa-phone-alt\"><\/i>\t\t\t\t<\/a>\n\t\t\t<\/div>\n\t\t\t\t\t\t<div class=\"elementor-icon-box-content\">\n\t\t\t\t<span class=\"elementor-icon-box-title\">\n\t\t\t\t\t<a href=\"tel:+34%20934617840\" >\n\t\t\t\t\t\tTruca'ns al\t\t\t\t\t<\/a>\n\t\t\t\t<\/span>\n\t\t\t\t\t\t\t\t\t<p class=\"elementor-icon-box-description\">\n\t\t\t\t\t\t+34 934 61 78 40\t\t\t\t\t<\/p>\n\t\t\t\t\t\t\t<\/div>\n\t\t<\/div>\n\t\t\t\t<\/div>\n\t\t\t\t<\/div>\n\t\t\t\t\t<\/div>\n\t\t<\/div>\n\t\t\t\t\t<\/div>\n\t\t<\/section>\n\t\t\t\t\t<\/div>\n\t\t<\/div>\n\t\t\t\t\t<\/div>\n\t\t<\/section>\n\t\t\t\t<\/div>\n\t\t","protected":false},"excerpt":{"rendered":"<p>Modernitzaci\u00f3 A l&#8217;hora de modernitzar un\u00a0ascensor a Barcelona\u00a0\u00e9s important prendre&#8217;s un temps per escollir una empresa que ens ofereixi les m\u00e0ximes garanties i cobreixi totes les nostres necessitats. A\u00a0Ascensors Euro Condal\u00a0proporcionem un servei integral, efica\u00e7 i, segons l&#8217;opini\u00f3 dels nostres centenars de clients, plenament satisfactori. Instal\u00b7laci\u00f3,\u00a0rehabilitaci\u00f3, modernitzaci\u00f3, manteniment, etc. Amb nosaltres disposareu d&#8217;unagran varietat de &hellip;<\/p>\n<p class=\"read-more\"> <a class=\"\" href=\"https:\/\/ascensorescondal.com\/ca\/modernitzacio\/\"> <span class=\"screen-reader-text\">Modernitzaci\u00f3<\/span> Llegeix m\u00e9s &raquo;<\/a><\/p>\n","protected":false},"author":1,"featured_media":0,"parent":0,"menu_order":0,"comment_status":"closed","ping_status":"closed","template":"","meta":{"site-sidebar-layout":"no-sidebar","site-content-layout":"","ast-site-content-layout":"full-width-container","site-content-style":"default","site-sidebar-style":"default","ast-global-header-display":"","ast-banner-title-visibility":"","ast-main-header-display":"","ast-hfb-above-header-display":"","ast-hfb-below-header-display":"","ast-hfb-mobile-header-display":"","site-post-title":"disabled","ast-breadcrumbs-content":"","ast-featured-img":"disabled","footer-sml-layout":"","theme-transparent-header-meta":"default","adv-header-id-meta":"","stick-header-meta":"","header-above-stick-meta":"","header-main-stick-meta":"","header-below-stick-meta":"","astra-migrate-meta-layouts":"set","footnotes":""},"class_list":["post-125","page","type-page","status-publish","hentry"],"yoast_head":"<!-- This site is optimized with the Yoast SEO plugin v26.0 - https:\/\/yoast.com\/wordpress\/plugins\/seo\/ -->\n<title>Modernitzaci\u00f3 ascensors<\/title>\n<meta name=\"description\" content=\"A l&#039;hora de modernitzar un ascensor a Barcelona \u00e9s important fer un temps per escollir una empresa que ens ofereixi les m\u00e0ximes condicions\" \/>\n<meta name=\"robots\" content=\"index, follow, max-snippet:-1, max-image-preview:large, max-video-preview:-1\" \/>\n<link rel=\"canonical\" href=\"https:\/\/ascensorescondal.com\/ca\/modernitzacio\/\" \/>\n<meta property=\"og:locale\" content=\"ca_ES\" \/>\n<meta property=\"og:type\" content=\"article\" \/>\n<meta property=\"og:title\" content=\"Modernitzaci\u00f3 ascensors\" \/>\n<meta property=\"og:description\" content=\"A l&#039;hora de modernitzar un ascensor a Barcelona \u00e9s important fer un temps per escollir una empresa que ens ofereixi les m\u00e0ximes condicions\" \/>\n<meta property=\"og:url\" content=\"https:\/\/ascensorescondal.com\/ca\/modernitzacio\/\" \/>\n<meta property=\"article:modified_time\" content=\"2024-05-20T09:14:36+00:00\" \/>\n<meta property=\"og:image\" content=\"https:\/\/ascensorescondal.com\/ca\/wp-content\/uploads\/2023\/12\/modernizacion.jpg\" \/>\n<meta name=\"twitter:card\" content=\"summary_large_image\" \/>\n<meta name=\"twitter:label1\" content=\"Temps estimat de lectura\" \/>\n\t<meta name=\"twitter:data1\" content=\"2 minuts\" \/>\n<script type=\"application\/ld+json\" class=\"yoast-schema-graph\">{\"@context\":\"https:\/\/schema.org\",\"@graph\":[{\"@type\":\"WebPage\",\"@id\":\"https:\/\/ascensorescondal.com\/ca\/modernitzacio\/\",\"url\":\"https:\/\/ascensorescondal.com\/ca\/modernitzacio\/\",\"name\":\"Modernitzaci\u00f3 ascensors\",\"isPartOf\":{\"@id\":\"https:\/\/ascensorescondal.com\/ca\/#website\"},\"primaryImageOfPage\":{\"@id\":\"https:\/\/ascensorescondal.com\/ca\/modernitzacio\/#primaryimage\"},\"image\":{\"@id\":\"https:\/\/ascensorescondal.com\/ca\/modernitzacio\/#primaryimage\"},\"thumbnailUrl\":\"https:\/\/ascensorescondal.com\/ca\/wp-content\/uploads\/2023\/12\/modernizacion.jpg\",\"datePublished\":\"2023-12-15T15:35:12+00:00\",\"dateModified\":\"2024-05-20T09:14:36+00:00\",\"description\":\"A l'hora de modernitzar un ascensor a Barcelona \u00e9s important fer un temps per escollir una empresa que ens ofereixi les m\u00e0ximes condicions\",\"breadcrumb\":{\"@id\":\"https:\/\/ascensorescondal.com\/ca\/modernitzacio\/#breadcrumb\"},\"inLanguage\":\"ca\",\"potentialAction\":[{\"@type\":\"ReadAction\",\"target\":[\"https:\/\/ascensorescondal.com\/ca\/modernitzacio\/\"]}]},{\"@type\":\"ImageObject\",\"inLanguage\":\"ca\",\"@id\":\"https:\/\/ascensorescondal.com\/ca\/modernitzacio\/#primaryimage\",\"url\":\"https:\/\/ascensorescondal.com\/ca\/wp-content\/uploads\/2023\/12\/modernizacion.jpg\",\"contentUrl\":\"https:\/\/ascensorescondal.com\/ca\/wp-content\/uploads\/2023\/12\/modernizacion.jpg\",\"width\":768,\"height\":514,\"caption\":\"modernizaci\u00f3n\"},{\"@type\":\"BreadcrumbList\",\"@id\":\"https:\/\/ascensorescondal.com\/ca\/modernitzacio\/#breadcrumb\",\"itemListElement\":[{\"@type\":\"ListItem\",\"position\":1,\"name\":\"Portada\",\"item\":\"https:\/\/ascensorescondal.com\/ca\/\"},{\"@type\":\"ListItem\",\"position\":2,\"name\":\"Modernitzaci\u00f3\"}]},{\"@type\":\"WebSite\",\"@id\":\"https:\/\/ascensorescondal.com\/ca\/#website\",\"url\":\"https:\/\/ascensorescondal.com\/ca\/\",\"name\":\"\",\"description\":\"\",\"potentialAction\":[{\"@type\":\"SearchAction\",\"target\":{\"@type\":\"EntryPoint\",\"urlTemplate\":\"https:\/\/ascensorescondal.com\/ca\/?s={search_term_string}\"},\"query-input\":{\"@type\":\"PropertyValueSpecification\",\"valueRequired\":true,\"valueName\":\"search_term_string\"}}],\"inLanguage\":\"ca\"}]}<\/script>\n<!-- \/ Yoast SEO plugin. -->","yoast_head_json":{"title":"Modernitzaci\u00f3 ascensors","description":"A l'hora de modernitzar un ascensor a Barcelona \u00e9s important fer un temps per escollir una empresa que ens ofereixi les m\u00e0ximes condicions","robots":{"index":"index","follow":"follow","max-snippet":"max-snippet:-1","max-image-preview":"max-image-preview:large","max-video-preview":"max-video-preview:-1"},"canonical":"https:\/\/ascensorescondal.com\/ca\/modernitzacio\/","og_locale":"ca_ES","og_type":"article","og_title":"Modernitzaci\u00f3 ascensors","og_description":"A l'hora de modernitzar un ascensor a Barcelona \u00e9s important fer un temps per escollir una empresa que ens ofereixi les m\u00e0ximes condicions","og_url":"https:\/\/ascensorescondal.com\/ca\/modernitzacio\/","article_modified_time":"2024-05-20T09:14:36+00:00","og_image":[{"url":"https:\/\/ascensorescondal.com\/ca\/wp-content\/uploads\/2023\/12\/modernizacion.jpg","type":"","width":"","height":""}],"twitter_card":"summary_large_image","twitter_misc":{"Temps estimat de lectura":"2 minuts"},"schema":{"@context":"https:\/\/schema.org","@graph":[{"@type":"WebPage","@id":"https:\/\/ascensorescondal.com\/ca\/modernitzacio\/","url":"https:\/\/ascensorescondal.com\/ca\/modernitzacio\/","name":"Modernitzaci\u00f3 ascensors","isPartOf":{"@id":"https:\/\/ascensorescondal.com\/ca\/#website"},"primaryImageOfPage":{"@id":"https:\/\/ascensorescondal.com\/ca\/modernitzacio\/#primaryimage"},"image":{"@id":"https:\/\/ascensorescondal.com\/ca\/modernitzacio\/#primaryimage"},"thumbnailUrl":"https:\/\/ascensorescondal.com\/ca\/wp-content\/uploads\/2023\/12\/modernizacion.jpg","datePublished":"2023-12-15T15:35:12+00:00","dateModified":"2024-05-20T09:14:36+00:00","description":"A l'hora de modernitzar un ascensor a Barcelona \u00e9s important fer un temps per escollir una empresa que ens ofereixi les m\u00e0ximes condicions","breadcrumb":{"@id":"https:\/\/ascensorescondal.com\/ca\/modernitzacio\/#breadcrumb"},"inLanguage":"ca","potentialAction":[{"@type":"ReadAction","target":["https:\/\/ascensorescondal.com\/ca\/modernitzacio\/"]}]},{"@type":"ImageObject","inLanguage":"ca","@id":"https:\/\/ascensorescondal.com\/ca\/modernitzacio\/#primaryimage","url":"https:\/\/ascensorescondal.com\/ca\/wp-content\/uploads\/2023\/12\/modernizacion.jpg","contentUrl":"https:\/\/ascensorescondal.com\/ca\/wp-content\/uploads\/2023\/12\/modernizacion.jpg","width":768,"height":514,"caption":"modernizaci\u00f3n"},{"@type":"BreadcrumbList","@id":"https:\/\/ascensorescondal.com\/ca\/modernitzacio\/#breadcrumb","itemListElement":[{"@type":"ListItem","position":1,"name":"Portada","item":"https:\/\/ascensorescondal.com\/ca\/"},{"@type":"ListItem","position":2,"name":"Modernitzaci\u00f3"}]},{"@type":"WebSite","@id":"https:\/\/ascensorescondal.com\/ca\/#website","url":"https:\/\/ascensorescondal.com\/ca\/","name":"","description":"","potentialAction":[{"@type":"SearchAction","target":{"@type":"EntryPoint","urlTemplate":"https:\/\/ascensorescondal.com\/ca\/?s={search_term_string}"},"query-input":{"@type":"PropertyValueSpecification","valueRequired":true,"valueName":"search_term_string"}}],"inLanguage":"ca"}]}},"_links":{"self":[{"href":"https:\/\/ascensorescondal.com\/ca\/wp-json\/wp\/v2\/pages\/125","targetHints":{"allow":["GET"]}}],"collection":[{"href":"https:\/\/ascensorescondal.com\/ca\/wp-json\/wp\/v2\/pages"}],"about":[{"href":"https:\/\/ascensorescondal.com\/ca\/wp-json\/wp\/v2\/types\/page"}],"author":[{"embeddable":true,"href":"https:\/\/ascensorescondal.com\/ca\/wp-json\/wp\/v2\/users\/1"}],"replies":[{"embeddable":true,"href":"https:\/\/ascensorescondal.com\/ca\/wp-json\/wp\/v2\/comments?post=125"}],"version-history":[{"count":9,"href":"https:\/\/ascensorescondal.com\/ca\/wp-json\/wp\/v2\/pages\/125\/revisions"}],"predecessor-version":[{"id":1645,"href":"https:\/\/ascensorescondal.com\/ca\/wp-json\/wp\/v2\/pages\/125\/revisions\/1645"}],"wp:attachment":[{"href":"https:\/\/ascensorescondal.com\/ca\/wp-json\/wp\/v2\/media?parent=125"}],"curies":[{"name":"wp","href":"https:\/\/api.w.org\/{rel}","templated":true}]}}